{"id":11709,"date":"2017-07-25T00:00:00","date_gmt":"2017-07-25T08:00:00","guid":{"rendered":"https:\/\/www.rubyrange.com\/?page_id=11709"},"modified":"2019-07-25T14:40:18","modified_gmt":"2019-07-25T22:40:18","slug":"privacy-policy","status":"publish","type":"page","link":"https:\/\/www.rubyrange.com\/fr\/privacy-policy\/","title":{"rendered":"Politique de confidentialit\u00e9"},"content":{"rendered":"<p>Cette politique de confidentialit\u00e9 s&#8217;applique au site Web de Ruby Range Adventure. En utilisant ce site Web, vous acceptez d&#8217;\u00eatre li\u00e9 par cette politique de confidentialit\u00e9. Ruby Range Adventure (\u00abRRA\u00bb) a \u00e9labor\u00e9 cette politique de confidentialit\u00e9 afin de se conformer \u00e0 la Loi sur la protection des renseignements personnels et les documents \u00e9lectroniques (LPRPDE), une loi f\u00e9d\u00e9rale qui prot\u00e8ge les renseignements personnels et la fa\u00e7on dont ils sont recueillis, utilis\u00e9s ou divulgu\u00e9s, ainsi que toute l\u00e9gislation applicable en mati\u00e8re de protection des renseignements personnels dans la province o\u00f9 vous r\u00e9sidez.<\/p>\n<p><strong>Collecte de renseignements personnels<\/strong><br \/>\nRRA a mis en place des politiques et des proc\u00e9dures qui prot\u00e9geront les informations personnelles et la vie priv\u00e9e des visiteurs du site Web de RRA, ce qui constitue un \u00e9l\u00e9ment essentiel de notre engagement envers le service client. RRA n&#8217;utilise pas et ne recueille pas les informations personnelles des visiteurs \u00e0 moins que ces informations ne soient fournies \u00e0 RRA sur une base volontaire. Les informations ci-dessous d\u00e9crivent la mani\u00e8re dont RRA prot\u00e8ge la vie priv\u00e9e des visiteurs de son site Web. En acc\u00e9dant, naviguant ou utilisant ce site Web, vous reconnaissez avoir lu, compris et accept\u00e9 les dispositions contenues dans le pr\u00e9sent document.<\/p>\n<p><strong>Confidentialit\u00e9 des visiteurs<\/strong><br \/>\nRRA respecte la nature confidentielle des informations personnelles telles que votre nom, votre num\u00e9ro de t\u00e9l\u00e9phone, votre adresse e-mail et votre adresse postale. Vous pouvez fournir ces informations sur notre site Web et nous pouvons utiliser ces informations pour vous fournir des services. Nous reconnaissons notre obligation de prot\u00e9ger ces informations contre une utilisation abusive. Toute information fournie par les visiteurs du site Web est stock\u00e9e dans un emplacement s\u00e9curis\u00e9 sur nos serveurs, accessible uniquement par les employ\u00e9s de RRA, ses affili\u00e9s ou sous-traitants, qui ont accept\u00e9 d&#8217;\u00eatre li\u00e9s par notre politique de confidentialit\u00e9. \u00c0 moins que les visiteurs de notre site Web n&#8217;y aient express\u00e9ment consenti, nous ne divulguerons pas leurs renseignements personnels \u00e0 des tiers \u00e0 des fins de marketing. Nous divulguerons cependant certaines informations \u00e0 des tiers lorsque cela est n\u00e9cessaire pour la fourniture des services de RRA ou si une telle divulgation est requise par la loi.<\/p>\n<p>Lorsque vous visitez le site Web de RRA, des informations peuvent \u00eatre collect\u00e9es automatiquement par le logiciel qui exploite notre site Web (par exemple, votre fournisseur de services Internet, le site \u00e0 partir duquel vous avez li\u00e9, l&#8217;heure et la date de votre visite). Nos serveurs ne suivent pas, ne collectent pas et ne distribuent pas d&#8217;informations personnelles sur les visiteurs de notre site Web. Les informations collect\u00e9es sont utilis\u00e9es par notre personnel technique pour compiler des statistiques globales sur les pages les plus visit\u00e9es, la dur\u00e9e de chaque visite et le nombre total de visiteurs quotidiens sur notre site. Aucune des informations que nous rapportons ne permet l&#8217;identification personnelle des individus.<br \/>\nSi le site Web de RRA contient des liens vers des sites Web autres que ceux de nos affili\u00e9s, nous ne pouvons \u00eatre tenus responsables des pratiques de confidentialit\u00e9 ou du contenu de ces sites Web.<\/p>\n","protected":false},"excerpt":{"rendered":"<p>Cette politique de confidentialit\u00e9 s&#8217;applique au site Web de Ruby Range Adventure. En utilisant ce site Web, vous acceptez d&#8217;\u00eatre..<\/p>\n","protected":false},"author":79,"featured_media":0,"parent":0,"menu_order":0,"comment_status":"open","ping_status":"open","template":"","meta":{"_acf_changed":false,"_lmt_disableupdate":"","_lmt_disable":"","footnotes":""},"class_list":["post-11709","page","type-page","status-publish","hentry"],"acf":[],"_links":{"self":[{"href":"https:\/\/www.rubyrange.com\/fr\/wp-json\/wp\/v2\/pages\/11709","targetHints":{"allow":["GET"]}}],"collection":[{"href":"https:\/\/www.rubyrange.com\/fr\/wp-json\/wp\/v2\/pages"}],"about":[{"href":"https:\/\/www.rubyrange.com\/fr\/wp-json\/wp\/v2\/types\/page"}],"author":[{"embeddable":true,"href":"https:\/\/www.rubyrange.com\/fr\/wp-json\/wp\/v2\/users\/79"}],"replies":[{"embeddable":true,"href":"https:\/\/www.rubyrange.com\/fr\/wp-json\/wp\/v2\/comments?post=11709"}],"version-history":[{"count":0,"href":"https:\/\/www.rubyrange.com\/fr\/wp-json\/wp\/v2\/pages\/11709\/revisions"}],"wp:attachment":[{"href":"https:\/\/www.rubyrange.com\/fr\/wp-json\/wp\/v2\/media?parent=11709"}],"curies":[{"name":"wp","href":"https:\/\/api.w.org\/{rel}","templated":true}]}}