{"id":24747,"date":"2019-08-27T08:40:30","date_gmt":"2019-08-27T16:40:30","guid":{"rendered":"https:\/\/www.rubyrange.com\/?page_id=24747"},"modified":"2020-09-01T12:36:18","modified_gmt":"2020-09-01T20:36:18","slug":"sitemap","status":"publish","type":"page","link":"https:\/\/www.rubyrange.com\/fr\/sitemap\/","title":{"rendered":"Plan du site"},"content":{"rendered":"<div><a href=\"https:\/\/www.rubyrange.com\/fr\/\">Page d&#8217;accueil<\/a><\/div>\n<div><a href=\"https:\/\/www.rubyrange.com\/fr\/a-propos-de-ruby-range-adventure\/\">\u00c0 propos de Ruby Range Adventure <\/a><\/div>\n<div><a href=\"https:\/\/www.rubyrange.com\/fr\/a-propos-de-ruby-range-adventure\/our-team\/\">Notre \u00c9quipe <\/a><\/div>\n<div><a href=\"https:\/\/www.rubyrange.com\/fr\/a-propos-de-ruby-range-adventure\/temoignages\/\">T\u00e9moignages<\/a><\/div>\n<div><a href=\"https:\/\/www.rubyrange.com\/fr\/a-propos-de-ruby-range-adventure\/employment\/\">Opportunit\u00e9s d&#8217;emploi<\/a><\/div>\n<div><a href=\"https:\/\/www.rubyrange.com\/fr\/a-propos-de-ruby-range-adventure\/employment\/experienced-canoe-guides\/\">Guides de cano\u00eb exp\u00e9riment\u00e9s <\/a><\/div>\n<div><a href=\"https:\/\/www.rubyrange.com\/fr\/a-propos-de-ruby-range-adventure\/employment\/experienced-driver-guides\/\">Guides conducteurs exp\u00e9riment\u00e9s <\/a><\/div>\n<div><a href=\"https:\/\/www.rubyrange.com\/fr\/a-propos-de-ruby-range-adventure\/environmental-commitment\/\">Engagement Environnemental <\/a><\/div>\n<div><a href=\"https:\/\/www.rubyrange.com\/fr\/foire-aux-questions\/\">Foire aux questions <\/a><\/div>\n<div><a href=\"https:\/\/www.rubyrange.com\/fr\/contactez-nous\/\">Nous joindre <\/a><\/div>\n<div><a href=\"https:\/\/www.rubyrange.com\/fr\/privacy-policy\/\">Politique de confidentialit\u00e9 <\/a><\/div>\n<div><a href=\"https:\/\/www.rubyrange.com\/fr\/activites-optionnelles\/\">Activit\u00e9s Optionnelles<\/a><\/div>\n<div><a href=\"https:\/\/www.rubyrange.com\/fr\/location-canoes-services-transport\/\">Location de Cano\u00ebs et services de Transport<\/a><\/div>\n<div><\/div>\n<div>\n<div>\n<div>\n<div>\n<h2>Cat\u00e9gories de circuits offerts:<\/h2>\n<div><a href=\"https:\/\/www.rubyrange.com\/fr\/reserver\/excursions-canot\/\">Excursions en canot au Yukon <\/a><\/div>\n<div><a href=\"https:\/\/www.rubyrange.com\/fr\/reserver\/decouvrir-yukon\/\">Visites guid\u00e9es en nature au Yukon<\/a><\/div>\n<div><a href=\"https:\/\/www.rubyrange.com\/fr\/reserver\/visites-guidees-en-alaska\/\">Visites guid\u00e9es en Alaska <\/a><\/div>\n<div><a href=\"https:\/\/www.rubyrange.com\/fr\/reserver\/tours-hiver\/\">Tours d&#8217;hiver au Yukon <\/a><\/div>\n<div><a href=\"https:\/\/www.rubyrange.com\/fr\/sorties-de-jour-en-motoneige\/\">Excursions en Motoneige au Yukon<\/a><\/div>\n<div><a href=\"https:\/\/www.rubyrange.com\/fr\/reserver\/visites-guidees-parcs-nationaux-du-canada\/\">Excursions dans les Parcs nationaux du Canada <\/a><\/div>\n<div><a href=\"https:\/\/www.rubyrange.com\/fr\/reserver\/excursions-milieu-sauvage\/\">Excursions en milieu sauvage au Yukon et en Alaska<\/a><\/div>\n<div><a href=\"https:\/\/www.rubyrange.com\/fr\/reserver\/circuits-touristiques-yukon\/\">Circuits touristiques au Yukon <\/a><\/div>\n<div><a href=\"https:\/\/www.rubyrange.com\/fr\/reserver\/peche-yukon\/\">P\u00eache au Yukon &#8211; Voyages et Excursion Guid\u00e9s<\/a><\/div>\n<div><a href=\"https:\/\/www.rubyrange.com\/fr\/reserver\/randonnees-pedestres\/\">Randonn\u00e9es p\u00e9destres et trekking au Yukon et en Alaska<\/a><\/div>\n<div><a href=\"https:\/\/www.rubyrange.com\/fr\/reserver\/voyages-daventure\/\">Voyages d&#8217;aventure Yukon &amp; Alaska<\/a><\/div>\n<div><a href=\"https:\/\/www.rubyrange.com\/fr\/services-de-charte\/\">Services de transport <\/a><\/div>\n<div><a href=\"https:\/\/www.rubyrange.com\/fr\/departs-garantis\/\">D\u00e9parts Garantis <\/a><\/div>\n<div><a href=\"https:\/\/www.rubyrange.com\/fr\/tous-les-voyages\/\">Tous les voyages <\/a><\/div>\n<div><\/div>\n<div>\n<h2>Circuits:<\/h2>\n<div>\n<div><a href=\"https:\/\/www.rubyrange.com\/fr\/tour\/le-fleuve-yukon-le-classique-lake-laberge-vers-dawson-city\/\">Excursion sur le Fleuve Yukon &#8211; Le Classique &#8211; Lac Laberge &#8211; Dawson City <\/a><\/div>\n<div><a href=\"https:\/\/www.rubyrange.com\/fr\/tour\/excursion-sur-le-fleuve-yukon-lac-laberge-carmacks\/\">Excursion sur le Fleuve Yukon &#8211; Lac Laberge &#8211; Carmacks <\/a><\/div>\n<div><a href=\"https:\/\/www.rubyrange.com\/fr\/tour\/excursion-de-fleuve-de-yukon-carmacks-dawson\/\">Excursion sur le Fleuve Yukon &#8211; Carmacks &#8211; Dawson<\/a><\/div>\n<div><a href=\"https:\/\/www.rubyrange.com\/fr\/tour\/le-klondiker-aventure-riviere-big-salmon\/\">Le Klondiker: Aventure sur la Rivi\u00e8re Big Salmon<\/a><\/div>\n<div><a href=\"https:\/\/www.rubyrange.com\/fr\/tour\/pagayer-entre-filles-sur-le-fleuve-yukon\/\">Pagayer entre Filles sur le Fleuve Yukon<\/a><\/div>\n<div><a href=\"https:\/\/www.rubyrange.com\/fr\/tour\/esprit-du-yukon-riviere-teslin\/\">L&#8217;Esprit du Yukon: La Rivi\u00e8re Teslin <\/a><\/div>\n<div><a href=\"https:\/\/www.rubyrange.com\/fr\/tour\/canoe-famille-riviere-nisutlin\/\">Canoe en Famille: Rivi\u00e8re Nisutlin<\/a><\/div>\n<div><a href=\"https:\/\/www.rubyrange.com\/fr\/tour\/la-riviere-beaver-exploration-des-cours-eau\/\">La Rivi\u00e8re Beaver: Exploration des cours d\u2019eau cach\u00e9s <\/a><\/div>\n<div><a href=\"https:\/\/www.rubyrange.com\/fr\/tour\/the-heart-of-the-yukon-wind-river-copy\/\">Au C\u0153ur du Yukon: Rivi\u00e8re Wind <\/a><\/div>\n<div><a href=\"https:\/\/www.rubyrange.com\/fr\/tour\/the-yukon-explorer-snake-river-copy\/\">Explorateur du Yukon: Rivi\u00e8re Snake<\/a><\/div>\n<div><a href=\"https:\/\/www.rubyrange.com\/fr\/tour\/experience-yukonnaise-riviere-mcquesten\/\">Exp\u00e9rience Yukonaise: Rivi\u00e8re McQuesten<\/a><\/div>\n<div><a href=\"https:\/\/www.rubyrange.com\/fr\/tour\/meilleur-rivieres-eau-vive-yukon\/\">Le Meilleur des Rivi\u00e8res d&#8217;Eau Vive du Yukon <\/a><\/div>\n<div><a href=\"https:\/\/www.rubyrange.com\/fr\/tour\/riviere-pelly-route-voyageurs-nord-ouest\/\">Rivi\u00e8re Pelly: Route des Voyageurs du Nord Ouest<\/a><\/div>\n<div><a href=\"https:\/\/www.rubyrange.com\/fr\/tour\/bonnet-plume-river-yukons-last-frontier-canoe-route-copy\/\">Rivi\u00e8re Bonnet Plume: La Derni\u00e8re Fronti\u00e8re du Yukon<\/a><\/div>\n<div><a href=\"https:\/\/www.rubyrange.com\/fr\/tour\/riviere-hess-appel-de-la-nature\/\">Rivi\u00e8re Hess: L&#8217;Appel de la Nature<\/a><\/div>\n<div><a href=\"https:\/\/www.rubyrange.com\/fr\/tour\/ruee-vers-or-soleil-de-minuit\/\">La Ru\u00e9e vers l or: D\u00e9couvrez la Terre du Soleil de Minuit <\/a><\/div>\n<div><a href=\"https:\/\/www.rubyrange.com\/fr\/tour\/points-forts-yukon-alaska\/\">Points Forts du Yukon et de l&#8217;Alaska &#8211; Whitehorse vers Anchorage<\/a><\/div>\n<div><a href=\"https:\/\/www.rubyrange.com\/fr\/tour\/pionts-forts-alaska-yukon\/\">Points Forts de l&#8217;Alaska et du Yukon &#8211; Anchorage vers Whitehorse<\/a><\/div>\n<div><a href=\"https:\/\/www.rubyrange.com\/fr\/tour\/go-wild-des-rocheuses-a-lalaska\/\">Go Wild: Des Rocheuses \u00e0 l&#8217;Alaska<\/a><\/div>\n<div>\n<div><a href=\"https:\/\/www.rubyrange.com\/fr\/tour\/explore-remote-valleys-trekking-tombstone-park-copy\/\">Exploration des Vall\u00e9e \u00c9loign\u00e9es: Randonn\u00e9e dans le Parc Tombstone <\/a><\/div>\n<div><a href=\"https:\/\/www.rubyrange.com\/fr\/tour\/randonnee-parc-territorial-tombstone\/\">La Patagonie du majestueux Canada: Randonn\u00e9e dans le Parc Territorial Tombstone <\/a><\/div>\n<div><a href=\"https:\/\/www.rubyrange.com\/fr\/tour\/stampeders-route-trekking-chilkoot-trail-copy\/\">Route des chercheurs d or: Randonn\u00e9e sur la Piste Chilkoot <\/a><\/div>\n<div><a href=\"https:\/\/www.rubyrange.com\/fr\/tour\/yukon-and-alaska-explorer-copy\/\">Explorateur Yukon et Alaska &#8211; H\u00f4tel et Randonn\u00e9e<\/a><\/div>\n<div><a href=\"https:\/\/www.rubyrange.com\/fr\/tour\/alaska-and-yukon-explorer-copy\/\">Explorateur Alaska et Yukon &#8211; H\u00f4tel et Randonn\u00e9e <\/a><\/div>\n<div><a href=\"https:\/\/www.rubyrange.com\/fr\/tour\/alaska-decouverte-du-kenai\/\">Alaska D\u00e9couverte du Kenai<\/a><\/div>\n<\/div>\n<div>\n<div>\n<div><a href=\"https:\/\/www.rubyrange.com\/fr\/tour\/voyage-sur-la-route-de-larctique-route-de-glace-vers-tuktoyaktuk\/\">Voyage sur la Route de l Arctique &#8211; Route de glace vers Tuktoyaktuk <\/a><\/div>\n<div><a href=\"https:\/\/www.rubyrange.com\/fr\/tour\/croc-blanc-programme-actif-en-motoneige-whitehorse\/\">Croc Blanc &#8211; Programme Actif en Motoneige | Whitehorse <\/a><\/div>\n<div><a href=\"https:\/\/www.rubyrange.com\/fr\/tour\/lappel-de-la-foret-programme-actif-de-motoneige-lac-kluane\/\">L&#8217;appel de la for\u00eat | Programme actif de motoneige Lac Kluane <\/a><\/div>\n<div>\n<div>\n<div>\n<div>\n<div><a href=\"https:\/\/www.rubyrange.com\/fr\/tour\/trondek-klondike-dawson-city-whitehorse-experience-hivernale\/\">TRONDEK KLONDIKE Dawson City &#8211; Whitehorse Exp\u00e9rience Hivernale <\/a><\/div>\n<div><a href=\"https:\/\/www.rubyrange.com\/fr\/tour\/trondek-klondike-whitehorse-dawson-city-experience-hivernale\/\">TRONDEK KLONDIKE Whitehorse &#8211; Dawson City &#8211; Exp\u00e9rience Hivernale<\/a><\/div>\n<div><a href=\"https:\/\/www.rubyrange.com\/fr\/tour\/rocheuses-du-nord-fortstjohn-whitehorse\/\">Rocheuses du Nord Fort St-John to Whitehorse<\/a><\/div>\n<div><a href=\"https:\/\/www.rubyrange.com\/fr\/tour\/rocheuses-du-nord-whitehorse-fortstjohn\/\">Rocheuses du Nord Whitehorse to Fort St-John<\/a><\/div>\n<div><a href=\"https:\/\/www.rubyrange.com\/fr\/tour\/alaska-la-grande-terre\/\">Alaska, La Grande Terre<\/a><\/div>\n<div><a href=\"https:\/\/www.rubyrange.com\/fr\/tour\/best-of-yukon-et-alaska-depart-et-arrivee-a-whitehorse-yukon\/\">Meilleur du Yukon &amp; Alaska &#8211; D\u00e9part et arriv\u00e9e de Whitehorse Yukon <\/a><\/div>\n<div><a href=\"https:\/\/www.rubyrange.com\/fr\/tour\/best-of-yukon-alaska-round-trip-sightseeing-tour-from-anchorage-copy\/\">Meilleur du Yukon &amp; Alaska : D\u00e9part et Arriv\u00e9e de Anchorage Alaska <\/a><\/div>\n<div><a href=\"https:\/\/www.rubyrange.com\/fr\/tour\/northern-highlights-sightseeing-tour-from-anchorage-to-whitehorse\/\">Faits saillants du Nord : Circuit touristique d\u2019Anchorage \u00e0 Whitehorse<\/a><\/div>\n<div><a href=\"https:\/\/www.rubyrange.com\/fr\/tour\/northern-coast-mountains-sightseeing-tour-from-whitehorse-to-anchorage\/\">La cha\u00eene C\u00f4ti\u00e8re du Nord : Excursion touristique de Whitehorse \u00e0 Anchorage<\/a><\/div>\n<div><a href=\"https:\/\/www.rubyrange.com\/fr\/tour\/le-cercle-dor-sud-du-yukon-et-de-lalaska\/\">Le Cercle d Or &#8211; Sud du Yukon et de l Alaska <\/a><\/div>\n<div><a href=\"https:\/\/www.rubyrange.com\/fr\/tour\/route-sud-meilleur-alaska-ouest-canadien\/\">Route du Sud Meilleur de l Alaska et de l&#8217;Ouest Canadien Whitehorse Vancouver<\/a><\/div>\n<div><a href=\"https:\/\/www.rubyrange.com\/fr\/tour\/montagnes-rocheuses-nord-vers-alaska\/\">Des Montagnes Rocheuses au Nord vers l&#8217;Alaska Vancouver Whitehorse<\/a><\/div>\n<div><a href=\"https:\/\/www.rubyrange.com\/fr\/tour\/decouverte-yukon-territoires-nord-ouest\/\">D\u00e9couverte du Yukon &amp; des Territoires du Nord-Ouest<\/a><\/div>\n<div><a href=\"https:\/\/www.rubyrange.com\/fr\/tour\/decouverte-territoires-nord-ouest-and-yukon\/\">D\u00e9couverte des Territoires du Nord-Ouest et du Yukon<\/a><\/div>\n<div><a href=\"https:\/\/www.rubyrange.com\/fr\/tour\/reve-ocean-arctique-autoroute-dempster-nord\/\">R\u00eave de l\u2019Oc\u00e9an Arctique &amp; Autoroute Dempster Nord<\/a><\/div>\n<div><a href=\"https:\/\/www.rubyrange.com\/fr\/tour\/reve-ocean-arctique-autoroute-dempster-sud\/\">R\u00eave de l\u2019Oc\u00e9an Arctique &amp; Autoroute Dempster \u2013 Sud<\/a><\/div>\n<div><a href=\"https:\/\/www.rubyrange.com\/fr\/tour\/yukon-en-images-atelier-photographie\/\">Yukon en Images &#8211; Atelier de Photographie<\/a><\/div>\n<div><a href=\"https:\/\/www.rubyrange.com\/fr\/tour\/safari-de-peche-yukon-excursion-guidee\/\">Safari de P\u00eache au Yukon &#8211; Excursion Guid\u00e9e<\/a><\/div>\n<div><a href=\"https:\/\/www.rubyrange.com\/fr\/tour\/lac-kluane-peche-au-trophee-ruby-range-lodge\/\">Lac Kluane &#8211; P\u00eache au Troph\u00e9e &#8211; Ruby Range Lodge<\/a><\/div>\n<div><\/div>\n<div><\/div>\n<div><\/div>\n<\/div>\n<\/div>\n<\/div>\n<\/div>\n<\/div>\n<\/div>\n<\/div>\n<\/div>\n<\/div>\n<\/div>\n<\/div>\n<\/div>\n","protected":false},"excerpt":{"rendered":"<p>Page d&#8217;accueil \u00c0 propos de Ruby Range Adventure Notre \u00c9quipe T\u00e9moignages Opportunit\u00e9s d&#8217;emploi Guides de cano\u00eb exp\u00e9riment\u00e9s Guides conducteurs exp\u00e9riment\u00e9s..<\/p>\n","protected":false},"author":79,"featured_media":0,"parent":0,"menu_order":0,"comment_status":"closed","ping_status":"closed","template":"","meta":{"_acf_changed":false,"_lmt_disableupdate":"","_lmt_disable":"","footnotes":""},"class_list":["post-24747","page","type-page","status-publish","hentry"],"acf":[],"_links":{"self":[{"href":"https:\/\/www.rubyrange.com\/fr\/wp-json\/wp\/v2\/pages\/24747","targetHints":{"allow":["GET"]}}],"collection":[{"href":"https:\/\/www.rubyrange.com\/fr\/wp-json\/wp\/v2\/pages"}],"about":[{"href":"https:\/\/www.rubyrange.com\/fr\/wp-json\/wp\/v2\/types\/page"}],"author":[{"embeddable":true,"href":"https:\/\/www.rubyrange.com\/fr\/wp-json\/wp\/v2\/users\/79"}],"replies":[{"embeddable":true,"href":"https:\/\/www.rubyrange.com\/fr\/wp-json\/wp\/v2\/comments?post=24747"}],"version-history":[{"count":0,"href":"https:\/\/www.rubyrange.com\/fr\/wp-json\/wp\/v2\/pages\/24747\/revisions"}],"wp:attachment":[{"href":"https:\/\/www.rubyrange.com\/fr\/wp-json\/wp\/v2\/media?parent=24747"}],"curies":[{"name":"wp","href":"https:\/\/api.w.org\/{rel}","templated":true}]}}