{"id":28836,"date":"2020-04-17T13:48:36","date_gmt":"2020-04-17T21:48:36","guid":{"rendered":"https:\/\/www.rubyrange.com\/?page_id=28836"},"modified":"2023-08-25T15:27:13","modified_gmt":"2023-08-25T22:27:13","slug":"activites-optionnelles","status":"publish","type":"page","link":"https:\/\/www.rubyrange.com\/fr\/activites-optionnelles\/","title":{"rendered":"Activit\u00e9s Optionnelles"},"content":{"rendered":"<p><strong>Saison 2023 \/ 2024<\/strong><\/p>\n<p>Nos invit\u00e9s ont l&#8217;occasion de participer \u00e0 des activit\u00e9s optionnelles lors des voyages suivants.<\/p>\n<p>Veuillez noter que ces forfaits sont propos\u00e9s par des op\u00e9rateurs non li\u00e9s avec Ruby Range Adventure et que les prix sont susceptibles d&#8217;\u00eatre modifi\u00e9s sans pr\u00e9avis.<\/p>\n<p>La r\u00e9alisation de ces activit\u00e9s n&#8217;est pas garantie. Les conditions m\u00e9t\u00e9orologiques et\/ou autres facteurs peuvent affecter notre capacit\u00e9 \u00e0 offrir ces options.<\/p>\n<p><a href=\"https:\/\/www.rubyrange.com\/fr\/tour\/alaska-yukon-highlights-a-complete-northern-experience\/\">Faits saillants du Yukon et de l&#8217;Alaska &#8211; Une exp\u00e9rience nordique compl\u00e8te<\/a><\/p>\n<ul>\n<li>Vols au dessus des glaciers dans le Park National Kluane environ 350 CAD \/ p.p<\/li>\n<li>Navette du Parc National Denali 60 USD \/ p.p<\/li>\n<li>Train Historique Whitepass Yukon Railroad environ 100 USD \/ p.p<\/li>\n<\/ul>\n<p><a href=\"https:\/\/www.rubyrange.com\/fr\/tour\/ruee-vers-or-soleil-de-minuit\/\">La Ru\u00e9e vers l&#8217;or: D\u00e9couvrez la Terre du Soleil de Minuit<\/a><\/p>\n<ul>\n<li>Vols au dessus des glaciers dans le Park National Kluane environ 350 CAD \/ p.p<\/li>\n<li>Train Historique Whitepass Yukon Railroad environ 100 USD \/ p.p<\/li>\n<\/ul>\n<p><a href=\"https:\/\/www.rubyrange.com\/fr\/tour\/best-of-yukon-et-alaska-depart-et-arrivee-a-whitehorse-yukon\/\">Le Meilleur du Yukon et de l&#8217;Alaska &#8211; D\u00e9part de Whitehorse<\/a><br \/>\n<a href=\"https:\/\/www.rubyrange.com\/fr\/tour\/best-of-yukon-alaska-round-trip-sightseeing-tour-from-anchorage\/\">Le Meilleur de l&#8217;Alaska et du Yukon &#8211; D\u00e9part de Anchorage<\/a><\/p>\n<ul>\n<li>Vols au dessus des glaciers dans le Park National Kluane environ 350 CAD \/ p.p<\/li>\n<li>Train Historique Whitepass Yukon Railroad environ 100 USD \/ p.p<\/li>\n<li>Vols au dessus du Parc National de Denali environ 350 USD \/ p.p<\/li>\n<li>Visite de la Drague n\u00b04 \u00e0 Dawson City environ 25 CAD \/ p.p<\/li>\n<li>Croisi\u00e8re dans les Fjords du Kenai de\/\u00e0 Seward environ 212 USD \/ p.p<\/li>\n<li>Mus\u00e9e d&#8217;Anchorage environ 20 USD \/ p.p<\/li>\n<li>Croisi\u00e8re sur Bateau \u00e0 Aubes Faibanks environ 90 USD \/ p.p<\/li>\n<li>Mus\u00e9e du Nord, Fairbanks environ 16 USD \/ p.p<\/li>\n<\/ul>\n<p><a href=\"https:\/\/www.rubyrange.com\/fr\/tour\/yukon-and-alaska-explorer\/\">Explorateurs Yukon et Alaska &#8211; H\u00f4tel et Randonn\u00e9e &#8211; D\u00e9part de Whitehorse<\/a><br \/>\n<a href=\"https:\/\/www.rubyrange.com\/fr\/tour\/alaska-and-yukon-explorer-copy\/\">Explorateurs Alaska et Yukon &#8211; H\u00f4tel et Randonn\u00e9e &#8211; D\u00e9part de Anchorage<\/a><\/p>\n<ul>\n<li>Vols au dessus des glaciers dans le Park National Kluane environ 350 CAD \/ p.p<\/li>\n<li>Vols au dessus du Parc National de Denali environ 350 USD \/ p.p<\/li>\n<li>Visite de la Drague n\u00b04 \u00e0 Dawson City environ 25 CAD \/ p.p<\/li>\n<li>Croisi\u00e8re dans les Fjords du Kenai de\/\u00e0 Seward environ 212 USD \/ p.p<\/li>\n<li>Mus\u00e9e d&#8217;Anchorage environ 20 USD \/ p.p<\/li>\n<li>Train Historique Whitepass Yukon Railroad environ 100 USD \/ p.p<\/li>\n<\/ul>\n<p><a href=\"https:\/\/www.rubyrange.com\/fr\/book\/excursions-canot\/\">Tous les Voyages de Canoe<\/a><\/p>\n<ul>\n<li>Permis de p\u00eache environ 35 CAD \/ p.p<\/li>\n<\/ul>\n<p>&nbsp;<\/p>\n<p>&nbsp;<\/p>\n","protected":false},"excerpt":{"rendered":"<p>Saison 2023 \/ 2024 Nos invit\u00e9s ont l&#8217;occasion de participer \u00e0 des activit\u00e9s optionnelles lors des voyages suivants. Veuillez noter..<\/p>\n","protected":false},"author":8,"featured_media":28811,"parent":0,"menu_order":0,"comment_status":"closed","ping_status":"closed","template":"","meta":{"_acf_changed":false,"_lmt_disableupdate":"","_lmt_disable":"","footnotes":""},"class_list":["post-28836","page","type-page","status-publish","has-post-thumbnail","hentry"],"acf":[],"_links":{"self":[{"href":"https:\/\/www.rubyrange.com\/fr\/wp-json\/wp\/v2\/pages\/28836","targetHints":{"allow":["GET"]}}],"collection":[{"href":"https:\/\/www.rubyrange.com\/fr\/wp-json\/wp\/v2\/pages"}],"about":[{"href":"https:\/\/www.rubyrange.com\/fr\/wp-json\/wp\/v2\/types\/page"}],"author":[{"embeddable":true,"href":"https:\/\/www.rubyrange.com\/fr\/wp-json\/wp\/v2\/users\/8"}],"replies":[{"embeddable":true,"href":"https:\/\/www.rubyrange.com\/fr\/wp-json\/wp\/v2\/comments?post=28836"}],"version-history":[{"count":2,"href":"https:\/\/www.rubyrange.com\/fr\/wp-json\/wp\/v2\/pages\/28836\/revisions"}],"predecessor-version":[{"id":55081,"href":"https:\/\/www.rubyrange.com\/fr\/wp-json\/wp\/v2\/pages\/28836\/revisions\/55081"}],"wp:featuredmedia":[{"embeddable":true,"href":"https:\/\/www.rubyrange.com\/fr\/wp-json\/wp\/v2\/media\/28811"}],"wp:attachment":[{"href":"https:\/\/www.rubyrange.com\/fr\/wp-json\/wp\/v2\/media?parent=28836"}],"curies":[{"name":"wp","href":"https:\/\/api.w.org\/{rel}","templated":true}]}}