{"id":30087,"date":"2020-05-11T11:38:38","date_gmt":"2020-05-11T19:38:38","guid":{"rendered":"https:\/\/www.rubyrange.com\/canoe-rentals-and-transportation-services\/"},"modified":"2022-12-07T14:49:02","modified_gmt":"2022-12-07T21:49:02","slug":"location-canoes-services-transport","status":"publish","type":"page","link":"https:\/\/www.rubyrange.com\/fr\/location-canoes-services-transport\/","title":{"rendered":"Location de cano\u00ebs et services de transport"},"content":{"rendered":"\t\t<div data-elementor-type=\"wp-page\" data-elementor-id=\"30087\" class=\"elementor elementor-30087 elementor-28969\" data-elementor-post-type=\"page\">\n\t\t\t\t\t\t<section class=\"elementor-section elementor-top-section elementor-element elementor-element-2b9dc899 elementor-section-boxed elementor-section-height-default elementor-section-height-default\" data-id=\"2b9dc899\" data-element_type=\"section\" data-e-type=\"section\">\n\t\t\t\t\t\t<div class=\"elementor-container elementor-column-gap-default\">\n\t\t\t\t\t<div class=\"elementor-column elementor-col-50 elementor-top-column elementor-element elementor-element-51be35c5\" data-id=\"51be35c5\" data-element_type=\"column\" data-e-type=\"column\">\n\t\t\t<div class=\"elementor-widget-wrap elementor-element-populated\">\n\t\t\t\t\t\t<div class=\"elementor-element elementor-element-75ef3395 elementor-widget elementor-widget-text-editor\" data-id=\"75ef3395\" data-element_type=\"widget\" data-e-type=\"widget\" data-widget_type=\"text-editor.default\">\n\t\t\t\t<div class=\"elementor-widget-container\">\n\t\t\t\t\t\t\t\t\t<p>Pour tous les voyages au d\u00e9part et arriv\u00e9e de Whitehorse, un service de navette est inclus ainsi qu\u2019un arr\u00eat shopping. Il y a une panoplie de rivi\u00e8res parmi lesquelles vous pouvez choisir, alors contactez nous pour un devis.<\/p>\t\t\t\t\t\t\t\t<\/div>\n\t\t\t\t<\/div>\n\t\t\t\t\t<\/div>\n\t\t<\/div>\n\t\t\t\t<div class=\"elementor-column elementor-col-50 elementor-top-column elementor-element elementor-element-639d9deb\" data-id=\"639d9deb\" data-element_type=\"column\" data-e-type=\"column\">\n\t\t\t<div class=\"elementor-widget-wrap\">\n\t\t\t\t\t\t\t<\/div>\n\t\t<\/div>\n\t\t\t\t\t<\/div>\n\t\t<\/section>\n\t\t\t\t<section class=\"elementor-section elementor-top-section elementor-element elementor-element-abef6d7 elementor-section-content-middle elementor-section-boxed elementor-section-height-default elementor-section-height-default\" data-id=\"abef6d7\" data-element_type=\"section\" data-e-type=\"section\">\n\t\t\t\t\t\t<div class=\"elementor-container elementor-column-gap-default\">\n\t\t\t\t\t<div class=\"elementor-column elementor-col-50 elementor-top-column elementor-element elementor-element-77bd2dd1\" data-id=\"77bd2dd1\" data-element_type=\"column\" data-e-type=\"column\">\n\t\t\t<div class=\"elementor-widget-wrap elementor-element-populated\">\n\t\t\t\t\t\t<div class=\"elementor-element elementor-element-858b072 elementor-widget elementor-widget-heading\" data-id=\"858b072\" data-element_type=\"widget\" data-e-type=\"widget\" data-widget_type=\"heading.default\">\n\t\t\t\t<div class=\"elementor-widget-container\">\n\t\t\t\t\t<h2 class=\"elementor-heading-title elementor-size-default\">Faire du cano\u00eb sur l\u2019une des diff\u00e9rentes rivi\u00e8res du Yukon et des T.N.-O. est un v\u00e9ritable moment fort d\u2019une aventure en milieu sauvage!<\/h2>\t\t\t\t<\/div>\n\t\t\t\t<\/div>\n\t\t\t\t\t<\/div>\n\t\t<\/div>\n\t\t\t\t<div class=\"elementor-column elementor-col-50 elementor-top-column elementor-element elementor-element-134a17b4\" data-id=\"134a17b4\" data-element_type=\"column\" data-e-type=\"column\">\n\t\t\t<div class=\"elementor-widget-wrap elementor-element-populated\">\n\t\t\t\t\t\t<div class=\"elementor-element elementor-element-1627f01a elementor-widget elementor-widget-image\" data-id=\"1627f01a\" data-element_type=\"widget\" data-e-type=\"widget\" data-widget_type=\"image.default\">\n\t\t\t\t<div class=\"elementor-widget-container\">\n\t\t\t\t\t\t\t\t\t\t\t\t\t\t\t<img fetchpriority=\"high\" decoding=\"async\" width=\"1440\" height=\"960\" src=\"https:\/\/www.rubyrange.com\/wp-content\/uploads\/2020\/05\/Transportation-and-Rental-Desing.png\" class=\"attachment-full size-full wp-image-29016\" alt=\"\" srcset=\"https:\/\/www.rubyrange.com\/wp-content\/uploads\/2020\/05\/Transportation-and-Rental-Desing.png 1440w, https:\/\/www.rubyrange.com\/wp-content\/uploads\/2020\/05\/Transportation-and-Rental-Desing-300x200.png 300w, https:\/\/www.rubyrange.com\/wp-content\/uploads\/2020\/05\/Transportation-and-Rental-Desing-600x400.png 600w\" sizes=\"(max-width: 1440px) 100vw, 1440px\" \/>\t\t\t\t\t\t\t\t\t\t\t\t\t\t\t<\/div>\n\t\t\t\t<\/div>\n\t\t\t\t\t<\/div>\n\t\t<\/div>\n\t\t\t\t\t<\/div>\n\t\t<\/section>\n\t\t\t\t<section class=\"elementor-section elementor-top-section elementor-element elementor-element-34f6f906 elementor-section-boxed elementor-section-height-default elementor-section-height-default\" data-id=\"34f6f906\" data-element_type=\"section\" data-e-type=\"section\">\n\t\t\t\t\t\t<div class=\"elementor-container elementor-column-gap-default\">\n\t\t\t\t\t<div class=\"elementor-column elementor-col-50 elementor-top-column elementor-element elementor-element-127ef3d7\" data-id=\"127ef3d7\" data-element_type=\"column\" data-e-type=\"column\">\n\t\t\t<div class=\"elementor-widget-wrap elementor-element-populated\">\n\t\t\t\t\t\t<div class=\"elementor-element elementor-element-300fee8d elementor-widget elementor-widget-text-editor\" data-id=\"300fee8d\" data-element_type=\"widget\" data-e-type=\"widget\" data-widget_type=\"text-editor.default\">\n\t\t\t\t<div class=\"elementor-widget-container\">\n\t\t\t\t\t\t\t\t\t<p>L\u2019un des avantages d\u2019\u00eatre aussi \u00e9loign\u00e9s, outre la grande tranquilit\u00e9 d\u2019avoir peu de gens autour, est la possible rencontre avec la faune sauvage.<\/p><p>Nos services de location de cano\u00ebs et de transport ont \u00e9t\u00e9 con\u00e7us pour vous permettre de passer des vacances en pleine nature sur certaines des voies navigables les plus spectaculaires du nord.<\/p><p>Il existe de nombreuses rivi\u00e8res parmi lesquelles choisir : <strong>le Fleuve Yukon, la Rivi\u00e8re Nisutlin, la Teslin, la Big-Salmon, la Beaver, la McQuesten, la Pelly, la Hess, la Snake ou la Wind<\/strong> ? A vous de choisir ! Les prix d\u00e9pendent de la dur\u00e9e du voyage, de la dur\u00e9e du transport et du nombre de participants.<\/p>\t\t\t\t\t\t\t\t<\/div>\n\t\t\t\t<\/div>\n\t\t\t\t\t<\/div>\n\t\t<\/div>\n\t\t\t\t<div class=\"elementor-column elementor-col-50 elementor-top-column elementor-element elementor-element-8c7cc2d\" data-id=\"8c7cc2d\" data-element_type=\"column\" data-e-type=\"column\">\n\t\t\t<div class=\"elementor-widget-wrap\">\n\t\t\t\t\t\t\t<\/div>\n\t\t<\/div>\n\t\t\t\t\t<\/div>\n\t\t<\/section>\n\t\t\t\t<section class=\"elementor-section elementor-top-section elementor-element elementor-element-26950256 elementor-section-content-middle elementor-section-boxed elementor-section-height-default elementor-section-height-default\" data-id=\"26950256\" data-element_type=\"section\" data-e-type=\"section\">\n\t\t\t\t\t\t<div class=\"elementor-container elementor-column-gap-default\">\n\t\t\t\t\t<div class=\"elementor-column elementor-col-50 elementor-top-column elementor-element elementor-element-72ab29fa\" data-id=\"72ab29fa\" data-element_type=\"column\" data-e-type=\"column\">\n\t\t\t<div class=\"elementor-widget-wrap elementor-element-populated\">\n\t\t\t\t\t\t<div class=\"elementor-element elementor-element-6fbb1c88 elementor-widget elementor-widget-image\" data-id=\"6fbb1c88\" data-element_type=\"widget\" data-e-type=\"widget\" data-widget_type=\"image.default\">\n\t\t\t\t<div class=\"elementor-widget-container\">\n\t\t\t\t\t\t\t\t\t\t\t\t\t\t\t<img decoding=\"async\" width=\"1440\" height=\"960\" src=\"https:\/\/www.rubyrange.com\/wp-content\/uploads\/2020\/05\/Rental-and-Transportation-Couples-Desing.png\" class=\"attachment-full size-full wp-image-29020\" alt=\"\" srcset=\"https:\/\/www.rubyrange.com\/wp-content\/uploads\/2020\/05\/Rental-and-Transportation-Couples-Desing.png 1440w, https:\/\/www.rubyrange.com\/wp-content\/uploads\/2020\/05\/Rental-and-Transportation-Couples-Desing-300x200.png 300w, https:\/\/www.rubyrange.com\/wp-content\/uploads\/2020\/05\/Rental-and-Transportation-Couples-Desing-600x400.png 600w\" sizes=\"(max-width: 1440px) 100vw, 1440px\" \/>\t\t\t\t\t\t\t\t\t\t\t\t\t\t\t<\/div>\n\t\t\t\t<\/div>\n\t\t\t\t\t<\/div>\n\t\t<\/div>\n\t\t\t\t<div class=\"elementor-column elementor-col-50 elementor-top-column elementor-element elementor-element-68e0aa8e\" data-id=\"68e0aa8e\" data-element_type=\"column\" data-e-type=\"column\">\n\t\t\t<div class=\"elementor-widget-wrap elementor-element-populated\">\n\t\t\t\t\t\t<div class=\"elementor-element elementor-element-751055d4 elementor-widget elementor-widget-heading\" data-id=\"751055d4\" data-element_type=\"widget\" data-e-type=\"widget\" data-widget_type=\"heading.default\">\n\t\t\t\t<div class=\"elementor-widget-container\">\n\t\t\t\t\t<h2 class=\"elementor-heading-title elementor-size-default\">Pour ceux qui souhaitent explorer de mani\u00e8re ind\u00e9pendante, nous disposons d\u2019une flotte de cano\u00ebs de location et nous offrons des services de transport de haute qualit\u00e9.<\/h2>\t\t\t\t<\/div>\n\t\t\t\t<\/div>\n\t\t\t\t\t<\/div>\n\t\t<\/div>\n\t\t\t\t\t<\/div>\n\t\t<\/section>\n\t\t\t\t<section class=\"elementor-section elementor-top-section elementor-element elementor-element-5e17401d elementor-section-stretched elementor-section-boxed elementor-section-height-default elementor-section-height-default\" data-id=\"5e17401d\" data-element_type=\"section\" data-e-type=\"section\" data-settings=\"{&quot;stretch_section&quot;:&quot;section-stretched&quot;,&quot;background_background&quot;:&quot;classic&quot;}\">\n\t\t\t\t\t\t<div class=\"elementor-container elementor-column-gap-default\">\n\t\t\t\t\t<div class=\"elementor-column elementor-col-33 elementor-top-column elementor-element elementor-element-31fde669\" data-id=\"31fde669\" data-element_type=\"column\" data-e-type=\"column\">\n\t\t\t<div class=\"elementor-widget-wrap elementor-element-populated\">\n\t\t\t\t\t\t<div class=\"elementor-element elementor-element-16359d4a elementor-widget elementor-widget-heading\" data-id=\"16359d4a\" data-element_type=\"widget\" data-e-type=\"widget\" data-widget_type=\"heading.default\">\n\t\t\t\t<div class=\"elementor-widget-container\">\n\t\t\t\t\t<h2 class=\"elementor-heading-title elementor-size-default\">Inclus<\/h2>\t\t\t\t<\/div>\n\t\t\t\t<\/div>\n\t\t\t\t<div class=\"elementor-element elementor-element-a5c3a6b elementor-widget elementor-widget-text-editor\" data-id=\"a5c3a6b\" data-element_type=\"widget\" data-e-type=\"widget\" data-widget_type=\"text-editor.default\">\n\t\t\t\t<div class=\"elementor-widget-container\">\n\t\t\t\t\t\t\t\t\t<p>Service de navette d\u2019a\u00e9roport \u00e0 Whitehorse<\/p><p>Location de cano\u00ebs (y compris trois pagaies, deux gilets de sauvetage, deux barils \u00e9tanches par cano\u00eb)<\/p><p>Transport terrestre (au point de d\u00e9part et d\u2019arriv\u00e9e)<\/p><p>Shopping tour \u00e0 Whitehorse<\/p>\t\t\t\t\t\t\t\t<\/div>\n\t\t\t\t<\/div>\n\t\t\t\t\t<\/div>\n\t\t<\/div>\n\t\t\t\t<div class=\"elementor-column elementor-col-33 elementor-top-column elementor-element elementor-element-2a86d65c\" data-id=\"2a86d65c\" data-element_type=\"column\" data-e-type=\"column\">\n\t\t\t<div class=\"elementor-widget-wrap elementor-element-populated\">\n\t\t\t\t\t\t<div class=\"elementor-element elementor-element-1922b3fe elementor-widget elementor-widget-heading\" data-id=\"1922b3fe\" data-element_type=\"widget\" data-e-type=\"widget\" data-widget_type=\"heading.default\">\n\t\t\t\t<div class=\"elementor-widget-container\">\n\t\t\t\t\t<h2 class=\"elementor-heading-title elementor-size-default\">Service<\/h2>\t\t\t\t<\/div>\n\t\t\t\t<\/div>\n\t\t\t\t<div class=\"elementor-element elementor-element-29d48e51 elementor-widget elementor-widget-text-editor\" data-id=\"29d48e51\" data-element_type=\"widget\" data-e-type=\"widget\" data-widget_type=\"text-editor.default\">\n\t\t\t\t<div class=\"elementor-widget-container\">\n\t\t\t\t\t\t\t\t\t<p>Notre \u00e9quipe et nos chauffeurs rendront votre exp\u00e9rience simple et agr\u00e9able!<\/p><p>Des questions? Nous avons des ann\u00e9es d\u2019exp\u00e9rience et nous sommes heureux de r\u00e9pondre \u00e0 vos questions par e-mail ou par t\u00e9l\u00e9phone!<\/p>\t\t\t\t\t\t\t\t<\/div>\n\t\t\t\t<\/div>\n\t\t\t\t\t<\/div>\n\t\t<\/div>\n\t\t\t\t<div class=\"elementor-column elementor-col-33 elementor-top-column elementor-element elementor-element-113ef805\" data-id=\"113ef805\" data-element_type=\"column\" data-e-type=\"column\">\n\t\t\t<div class=\"elementor-widget-wrap\">\n\t\t\t\t\t\t\t<\/div>\n\t\t<\/div>\n\t\t\t\t\t<\/div>\n\t\t<\/section>\n\t\t\t\t<section class=\"elementor-section elementor-top-section elementor-element elementor-element-77a734b7 elementor-section-stretched elementor-section-boxed elementor-section-height-default elementor-section-height-default\" data-id=\"77a734b7\" data-element_type=\"section\" data-e-type=\"section\" data-settings=\"{&quot;stretch_section&quot;:&quot;section-stretched&quot;}\">\n\t\t\t\t\t\t<div class=\"elementor-container elementor-column-gap-default\">\n\t\t\t\t\t<div class=\"elementor-column elementor-col-100 elementor-top-column elementor-element elementor-element-6059555e\" data-id=\"6059555e\" data-element_type=\"column\" data-e-type=\"column\">\n\t\t\t<div class=\"elementor-widget-wrap elementor-element-populated\">\n\t\t\t\t\t\t<div class=\"elementor-element elementor-element-35e5b571 elementor-widget elementor-widget-heading\" data-id=\"35e5b571\" data-element_type=\"widget\" data-e-type=\"widget\" data-widget_type=\"heading.default\">\n\t\t\t\t<div class=\"elementor-widget-container\">\n\t\t\t\t\t<h2 class=\"elementor-heading-title elementor-size-default\">Prix des Services de Transport et de Location<\/h2>\t\t\t\t<\/div>\n\t\t\t\t<\/div>\n\t\t\t\t<div class=\"elementor-element elementor-element-1cf95a32 elementor-widget elementor-widget-text-editor\" data-id=\"1cf95a32\" data-element_type=\"widget\" data-e-type=\"widget\" data-widget_type=\"text-editor.default\">\n\t\t\t\t<div class=\"elementor-widget-container\">\n\t\t\t\t\t\t\t\t\t<p><strong>Prix en CAD par Personne (plus GST)<\/strong><\/p>\t\t\t\t\t\t\t\t<\/div>\n\t\t\t\t<\/div>\n\t\t\t\t<div class=\"elementor-element elementor-element-53525b16 elementor-widget elementor-widget-text-editor\" data-id=\"53525b16\" data-element_type=\"widget\" data-e-type=\"widget\" data-widget_type=\"text-editor.default\">\n\t\t\t\t<div class=\"elementor-widget-container\">\n\t\t\t\t\t\t\t\t\t<table class=\"w-100\"><tbody><tr><th>RIVIERE<\/th><th>DEPART<\/th><th>ARRIVEE<\/th><th>DUREE<\/th><th>2 PERS.<\/th><th>4 PERS.<\/th><th>6 PERS.<\/th><\/tr><tr><td>Yukon<\/td><td>Whitehorse<\/td><td>Carmacks<\/td><td>Jusqu&#8217;a 8 Jours<\/td><td>340<\/td><td>239<\/td><td>218<\/td><\/tr><tr><td>Teslin \/ Yukon<\/td><td>Johnson Crossing<\/td><td>Carmacks<\/td><td>Jusqu&#8217;a 8 Jours<\/td><td>520<\/td><td>329<\/td><td>284<\/td><\/tr><tr><td>Big Salmon \/ Yukon<\/td><td>Quiet Lake<\/td><td>Carmacks<\/td><td>Jusqu&#8217;a 12 Jours<\/td><td>698<\/td><td>443<\/td><td>382<\/td><\/tr><tr><td>Nisutlin<\/td><td>Nisutlin Landing<\/td><td>Teslin Village<\/td><td>Jusqu&#8217;a 5 Jours<\/td><td>610<\/td><td>350<\/td><td>282<\/td><\/tr><tr><td>Yukon<\/td><td>Carmacks<\/td><td>Dawson City<\/td><td>Jusqu&#8217;a 8 Jours<\/td><td>864<\/td><td>509<\/td><td>417<\/td><\/tr><tr><td>Yukon<\/td><td>Whitehorse<\/td><td>Dawson City<\/td><td>Jusqu&#8217;a 16 Jours<\/td><td>729<\/td><td>475<\/td><td>404<\/td><\/tr><tr><td>Teslin \/ Yukon<\/td><td>Johnson Crossing<\/td><td>Dawson City<\/td><td>Jusqu&#8217;a 16 Jours<\/td><td>910<\/td><td>565<\/td><td>470<\/td><\/tr><tr><td>Big Salmon \/ Yukon<\/td><td>Quiet Lake<\/td><td>Dawson City<\/td><td>Jusqu&#8217;a 19 Jours<\/td><td>1074<\/td><td>665<\/td><td>553<\/td><\/tr><\/tbody><\/table>\t\t\t\t\t\t\t\t<\/div>\n\t\t\t\t<\/div>\n\t\t\t\t<div class=\"elementor-element elementor-element-12dfe5af elementor-widget elementor-widget-heading\" data-id=\"12dfe5af\" data-element_type=\"widget\" data-e-type=\"widget\" data-widget_type=\"heading.default\">\n\t\t\t\t<div class=\"elementor-widget-container\">\n\t\t\t\t\t<h2 class=\"elementor-heading-title elementor-size-default\">Groupes plus grands \u2013 Locations de canoes et services de transport<\/h2>\t\t\t\t<\/div>\n\t\t\t\t<\/div>\n\t\t\t\t<div class=\"elementor-element elementor-element-a0c6771 elementor-widget elementor-widget-text-editor\" data-id=\"a0c6771\" data-element_type=\"widget\" data-e-type=\"widget\" data-widget_type=\"text-editor.default\">\n\t\t\t\t<div class=\"elementor-widget-container\">\n\t\t\t\t\t\t\t\t\t<p><strong>Prix en CAD par Personne (plus GST)<\/strong><\/p>\t\t\t\t\t\t\t\t<\/div>\n\t\t\t\t<\/div>\n\t\t\t\t<div class=\"elementor-element elementor-element-15d66846 elementor-widget elementor-widget-text-editor\" data-id=\"15d66846\" data-element_type=\"widget\" data-e-type=\"widget\" data-widget_type=\"text-editor.default\">\n\t\t\t\t<div class=\"elementor-widget-container\">\n\t\t\t\t\t\t\t\t\t<table class=\"w-100\">\n<tbody>\n<tr>\n<th>RIVIERE<\/th>\n<th>DEPART<\/th>\n<th>ARRIVEE<\/th>\n<th>DUREE<\/th>\n<th>8 PERS.<\/th>\n<th>\u00a010 PERS.<\/th>\n<\/tr>\n<tr>\n<td>Yukon<\/td>\n<td>Whitehorse<\/td>\n<td>Carmacks<\/td>\n<td>Jusqu&#8217;a 8 Jours<\/td>\n<td>208<\/td>\n<td>194<\/td>\n<\/tr>\n<tr>\n<td>Teslin \/ Yukon<\/td>\n<td>Johnson Crossing<\/td>\n<td>Carmacks<\/td>\n<td>Jusqu&#8217;a 8 Jours<\/td>\n<td>262<\/td>\n<td>238<\/td>\n<\/tr>\n<tr>\n<td>Big Salmon \/ Yukon<\/td>\n<td>Quiet Lake<\/td>\n<td>Carmacks<\/td>\n<td>Jusqu&#8217;a 12 Jours<\/td>\n<td>351<\/td>\n<td>319<\/td>\n<\/tr>\n<tr>\n<td>Nisutlin<\/td>\n<td>Nisutlin Landing<\/td>\n<td>Teslin Village<\/td>\n<td>Jusqu&#8217;a 5 Jours<\/td>\n<td>248<\/td>\n<td>216<\/td>\n<\/tr>\n<tr>\n<td>Yukon<\/td>\n<td>Carmacks<\/td>\n<td>Dawson City<\/td>\n<td>Jusqu&#8217;a 8 Jours<\/td>\n<td>375<\/td>\n<td>331<\/td>\n<\/tr>\n<tr>\n<td>Yukon<\/td>\n<td>Whitehorse<\/td>\n<td>Dawson City<\/td>\n<td>Jusqu&#8217;a 16 Jours<\/td>\n<td>371<\/td>\n<td>341<\/td>\n<\/tr>\n<tr>\n<td>Teslin \/ Yukon<\/td>\n<td>Johnson Crossing<\/td>\n<td>Dawson City<\/td>\n<td>Jusqu&#8217;a 16 Jours<\/td>\n<td>425<\/td>\n<td>384<\/td>\n<\/tr>\n<tr>\n<td>Big Salmon \/ Yukon<\/td>\n<td>Quiet Lake<\/td>\n<td>Dawson City<\/td>\n<td>Jusqu&#8217;a 19 Jours<\/td>\n<td>499<\/td>\n<td>451<\/td>\n<\/tr>\n<\/tbody>\n<\/table>\t\t\t\t\t\t\t\t<\/div>\n\t\t\t\t<\/div>\n\t\t\t\t<div class=\"elementor-element elementor-element-70ffa5a1 elementor-widget elementor-widget-text-editor\" data-id=\"70ffa5a1\" data-element_type=\"widget\" data-e-type=\"widget\" data-widget_type=\"text-editor.default\">\n\t\t\t\t<div class=\"elementor-widget-container\">\n\t\t\t\t\t\t\t\t\t<p>Veuillez nous contacter pour un devis sur d\u2019autres rivi\u00e8res \/ d\u2019autres tailles de groupes.<\/p><p>Un acompte non remboursable de 25 % est n\u00e9cessaire au moment de la r\u00e9servation. Un d\u00e9p\u00f4t de garantie, payable \u00e0 Whitehorse en dollars canadiens, est exig\u00e9 (remboursement \u00e0 la fin du voyage).<\/p>\t\t\t\t\t\t\t\t<\/div>\n\t\t\t\t<\/div>\n\t\t\t\t\t<\/div>\n\t\t<\/div>\n\t\t\t\t\t<\/div>\n\t\t<\/section>\n\t\t\t\t<section class=\"elementor-section elementor-top-section elementor-element elementor-element-5b733f85 elementor-section-stretched elementor-section-boxed elementor-section-height-default elementor-section-height-default\" data-id=\"5b733f85\" data-element_type=\"section\" data-e-type=\"section\" data-settings=\"{&quot;stretch_section&quot;:&quot;section-stretched&quot;,&quot;background_background&quot;:&quot;classic&quot;}\">\n\t\t\t\t\t\t\t<div class=\"elementor-background-overlay\"><\/div>\n\t\t\t\t\t\t\t<div class=\"elementor-container elementor-column-gap-default\">\n\t\t\t\t\t<div class=\"elementor-column elementor-col-100 elementor-top-column elementor-element elementor-element-dbef2a4\" data-id=\"dbef2a4\" data-element_type=\"column\" data-e-type=\"column\">\n\t\t\t<div class=\"elementor-widget-wrap elementor-element-populated\">\n\t\t\t\t\t\t<div class=\"elementor-element elementor-element-1d65097b elementor-widget elementor-widget-heading\" data-id=\"1d65097b\" data-element_type=\"widget\" data-e-type=\"widget\" data-widget_type=\"heading.default\">\n\t\t\t\t<div class=\"elementor-widget-container\">\n\t\t\t\t\t<h2 class=\"elementor-heading-title elementor-size-default\">R\u00c9SERVEZ MAINTENANT!<\/h2>\t\t\t\t<\/div>\n\t\t\t\t<\/div>\n\t\t\t\t<div class=\"elementor-element elementor-element-17941223 elementor-widget__width-initial elementor-widget elementor-widget-text-editor\" data-id=\"17941223\" data-element_type=\"widget\" data-e-type=\"widget\" data-widget_type=\"text-editor.default\">\n\t\t\t\t<div class=\"elementor-widget-container\">\n\t\t\t\t\t\t\t\t\t<p>Envoyez-nous un courriel ou appelez-nous d\u00e8s aujourd\u2019hui pour r\u00e9server votre aventure priv\u00e9e en cano\u00eb. Nous sommes flexibles et heureux de discuter de vos besoins en mati\u00e8re de location de cano\u00ebs et de transport!<\/p>\t\t\t\t\t\t\t\t<\/div>\n\t\t\t\t<\/div>\n\t\t\t\t<div class=\"elementor-element elementor-element-5517f04a elementor-align-right elementor-widget elementor-widget-button\" data-id=\"5517f04a\" data-element_type=\"widget\" data-e-type=\"widget\" data-widget_type=\"button.default\">\n\t\t\t\t<div class=\"elementor-widget-container\">\n\t\t\t\t\t\t\t\t\t<div class=\"elementor-button-wrapper\">\n\t\t\t\t\t<a class=\"elementor-button elementor-button-link elementor-size-md\" href=\"https:\/\/www.rubyrange.com\/fr\/contactez-nous\/\">\n\t\t\t\t\t\t<span class=\"elementor-button-content-wrapper\">\n\t\t\t\t\t\t\t\t\t<span class=\"elementor-button-text\">Contactez-nous<\/span>\n\t\t\t\t\t<\/span>\n\t\t\t\t\t<\/a>\n\t\t\t\t<\/div>\n\t\t\t\t\t\t\t\t<\/div>\n\t\t\t\t<\/div>\n\t\t\t\t\t<\/div>\n\t\t<\/div>\n\t\t\t\t\t<\/div>\n\t\t<\/section>\n\t\t\t\t<\/div>\n\t\t","protected":false},"excerpt":{"rendered":"","protected":false},"author":79,"featured_media":29004,"parent":0,"menu_order":0,"comment_status":"closed","ping_status":"closed","template":"page-templates\/landing-page.php","meta":{"_acf_changed":false,"_lmt_disableupdate":"","_lmt_disable":"","footnotes":""},"class_list":["post-30087","page","type-page","status-publish","has-post-thumbnail","hentry"],"acf":[],"_links":{"self":[{"href":"https:\/\/www.rubyrange.com\/fr\/wp-json\/wp\/v2\/pages\/30087","targetHints":{"allow":["GET"]}}],"collection":[{"href":"https:\/\/www.rubyrange.com\/fr\/wp-json\/wp\/v2\/pages"}],"about":[{"href":"https:\/\/www.rubyrange.com\/fr\/wp-json\/wp\/v2\/types\/page"}],"author":[{"embeddable":true,"href":"https:\/\/www.rubyrange.com\/fr\/wp-json\/wp\/v2\/users\/79"}],"replies":[{"embeddable":true,"href":"https:\/\/www.rubyrange.com\/fr\/wp-json\/wp\/v2\/comments?post=30087"}],"version-history":[{"count":7,"href":"https:\/\/www.rubyrange.com\/fr\/wp-json\/wp\/v2\/pages\/30087\/revisions"}],"predecessor-version":[{"id":44575,"href":"https:\/\/www.rubyrange.com\/fr\/wp-json\/wp\/v2\/pages\/30087\/revisions\/44575"}],"wp:featuredmedia":[{"embeddable":true,"href":"https:\/\/www.rubyrange.com\/fr\/wp-json\/wp\/v2\/media\/29004"}],"wp:attachment":[{"href":"https:\/\/www.rubyrange.com\/fr\/wp-json\/wp\/v2\/media?parent=30087"}],"curies":[{"name":"wp","href":"https:\/\/api.w.org\/{rel}","templated":true}]}}