{"id":10654,"date":"2017-01-27T00:00:00","date_gmt":"2017-01-27T08:00:00","guid":{"rendered":"https:\/\/www.rubyrange.com\/?post_type=product&#038;p=10654"},"modified":"2025-09-12T07:19:34","modified_gmt":"2025-09-12T14:19:34","slug":"montagnes-rocheuses-nord-vers-alaska","status":"publish","type":"product","link":"https:\/\/www.rubyrange.com\/fr\/tour\/montagnes-rocheuses-nord-vers-alaska\/","title":{"rendered":"Des Montagnes Rocheuses au Nord vers l\u2019Alaska: Vancouver \u00e0 Whitehorse"},"content":{"rendered":"<div class=\"tours-content\">\n<p>D\u00e9couvrez le plus spectaculaire de l&#8217;ouest canadien et des Rocheuses alors que nous nous dirigeons vers le nord et l&#8217;Alaska. \u00c0 partir de Vancouver, nous ferons une grande boucle \u00e0 travers les parcs et montagnes embl\u00e9matiques du Canada, explorant le vaste int\u00e9rieur de la Colombie-Britannique avant de nous aventurer vers le nord le long de la magnifique route Stewart-Cassiar. Nous aurons l&#8217;occasion de visiter de nombreux villages et villes charmantes jusqu&#8217;\u00e0 notre arriv\u00e9e \u00e0 Whitehorse, la capitale du Yukon. Ce circuit est con\u00e7u pour offrir l&#8217;opportunit\u00e9 de plonger au c\u0153ur de l&#8217;Alaska et des champs aurif\u00e8res du Klondike gr\u00e2ce \u00e0 notre circuit &#8220;Le Meilleur du Yukon et de l&#8217;Alaska&#8221; de quatorze jours.<\/p>\n<p><em>(Pour voir la version de ce tour d\u00e9butant au Yukon, <a href=\"https:\/\/www.rubyrange.com\/shop\/comfort-tours\/hotel-tours-comfort-tours\/inside-passage-western-highlights\/\">cliquez ici<\/a>.)<\/em><\/p>\n<\/div>\n","protected":false},"excerpt":{"rendered":"<p>D\u00e9couvrez le plus spectaculaire de l&#8217;ouest canadien et des Rocheuses alors que nous nous dirigeons vers le nord et l&#8217;Alaska&#8230;<\/p>\n","protected":false},"featured_media":25206,"comment_status":"open","ping_status":"closed","template":"","meta":{"_acf_changed":false,"_lmt_disableupdate":"no","_lmt_disable":""},"product_brand":[],"product_cat":[47,48,89,91,94],"product_tag":[],"class_list":{"0":"post-10654","1":"product","2":"type-product","3":"status-publish","4":"has-post-thumbnail","6":"product_cat-circuits-confort","7":"product_cat-circuits-touristiques-yukon","8":"product_cat-visites-guidees-en-alaska","9":"product_cat-visites-guidees-parcs-nationaux-du-canada","10":"product_cat-visites-guidees-aines","11":"pa_departure-vancouver-fr","12":"pa_season-ete","13":"pa_season-automne","14":"pa_skill-level-aucun","16":"first","17":"instock","18":"virtual","19":"sold-individually","20":"taxable","21":"purchasable","22":"product-type-booking"},"booking_location":"","booking_location_type":"","booking_duration":14,"booking_duration_unit":"day","booking_buffer":0,"booking_cost":0,"booking_resources":[],"exclude_global_add_ons":false,"addons":[{"name":"Type d'H\u00e9bergement","type":"multiple_choice","position":0,"required":true,"title_format":"heading","default":"","description_enable":false,"description":"","placeholder_enable":false,"placeholder":"","display":"select","restrictions_type":"any_text","adjust_price":false,"price":"","price_type":"flat_fee","restrictions":false,"min":"0","max":"0","options":[{"label":"Chambre double - 2 personnes","price":"11770","price_type":"quantity_based","image":0,"visibility":true},{"label":"Chambre simple - 1 personne","price":"8215","price_type":"quantity_based","image":0,"visibility":true},{"label":"Chambre triple - 3 personnes","price":"16185","price_type":"quantity_based","image":0,"visibility":true}],"id":1712944825}],"acf":[],"_links":{"self":[{"href":"https:\/\/www.rubyrange.com\/fr\/wp-json\/wp\/v2\/product\/10654","targetHints":{"allow":["GET"]}}],"collection":[{"href":"https:\/\/www.rubyrange.com\/fr\/wp-json\/wp\/v2\/product"}],"about":[{"href":"https:\/\/www.rubyrange.com\/fr\/wp-json\/wp\/v2\/types\/product"}],"replies":[{"embeddable":true,"href":"https:\/\/www.rubyrange.com\/fr\/wp-json\/wp\/v2\/comments?post=10654"}],"wp:featuredmedia":[{"embeddable":true,"href":"https:\/\/www.rubyrange.com\/fr\/wp-json\/wp\/v2\/media\/25206"}],"wp:attachment":[{"href":"https:\/\/www.rubyrange.com\/fr\/wp-json\/wp\/v2\/media?parent=10654"}],"wp:term":[{"taxonomy":"product_brand","embeddable":true,"href":"https:\/\/www.rubyrange.com\/fr\/wp-json\/wp\/v2\/product_brand?post=10654"},{"taxonomy":"product_cat","embeddable":true,"href":"https:\/\/www.rubyrange.com\/fr\/wp-json\/wp\/v2\/product_cat?post=10654"},{"taxonomy":"product_tag","embeddable":true,"href":"https:\/\/www.rubyrange.com\/fr\/wp-json\/wp\/v2\/product_tag?post=10654"}],"curies":[{"name":"wp","href":"https:\/\/api.w.org\/{rel}","templated":true}]}}