{"id":13413,"date":"2017-01-27T00:00:00","date_gmt":"2017-01-27T08:00:00","guid":{"rendered":"https:\/\/www.rubyrange.com\/?post_type=product&#038;p=13413"},"modified":"2026-03-30T06:18:24","modified_gmt":"2026-03-30T13:18:24","slug":"canoe-famille-riviere-nisutlin","status":"publish","type":"product","link":"https:\/\/www.rubyrange.com\/fr\/tour\/canoe-famille-riviere-nisutlin\/","title":{"rendered":"Canoe en Famille: La Rivi\u00e8re Nisutlin"},"content":{"rendered":"<p>La rivi\u00e8re Nisutlin offre une superbe aventure au c\u0153ur de paysages montagneux pittoresques, parfaite pour une premi\u00e8re exp\u00e9rience de cano\u00eb en famille avec des enfants. Ce tron\u00e7on de 130 km serpente \u00e0 travers des zones humides basses avec un courant doux et sans difficult\u00e9s techniques majeures, ce qui en fait un choix id\u00e9al pour les jeunes pagayeurs ou pour ceux qui d\u00e9couvrent le cano\u00eb. Bien que la rivi\u00e8re soit relativement facile, elle reste sauvage abritant des populations d&#8217;ours, d&#8217;orignaux et d&#8217;oiseaux migrateurs que vous aurez la chance d&#8217;observer. Votre voyage prendra fin dans la baie Nisutlin sur les rives du lac Teslin, pr\u00e8s du village de Teslin.<\/p>\n","protected":false},"excerpt":{"rendered":"<p>La rivi\u00e8re Nisutlin offre une superbe aventure au c\u0153ur de paysages montagneux pittoresques, parfaite pour une premi\u00e8re exp\u00e9rience de cano\u00eb..<\/p>\n","protected":false},"featured_media":26827,"comment_status":"open","ping_status":"closed","template":"","meta":{"_acf_changed":false,"_lmt_disableupdate":"no","_lmt_disable":""},"product_brand":[],"product_cat":[92,90,45,46],"product_tag":[],"class_list":{"0":"post-13413","1":"product","2":"type-product","3":"status-publish","4":"has-post-thumbnail","6":"product_cat-excursions-milieu-sauvage","7":"product_cat-visiter-le-yukon-canada","8":"product_cat-voyages-aventure","9":"product_cat-excursions-canot","10":"pa_departure-whitehorse","11":"pa_season-ete","12":"pa_season-printemps","13":"pa_skill-level-debutant","15":"first","16":"instock","17":"virtual","18":"sold-individually","19":"taxable","20":"purchasable","21":"product-type-booking"},"booking_location":"","booking_location_type":"","booking_duration":7,"booking_duration_unit":"day","booking_buffer":0,"booking_cost":0,"booking_resources":[],"exclude_global_add_ons":false,"addons":[{"name":"Accommodation","type":"multiple_choice","position":0,"required":false,"title_format":"heading","default":"","description_enable":false,"description":"","placeholder_enable":false,"placeholder":"","display":"select","restrictions_type":"any_text","adjust_price":false,"price":"","price_type":"flat_fee","restrictions":false,"min":"0","max":"0","options":[{"label":"1\/2 Chambre \/ Tente Double - 1 Personne","price":"3175","price_type":"quantity_based","image":0,"visibility":true},{"label":"Chambre \/ Tente Double - 2 Personnes","price":"6350","price_type":"quantity_based","image":0,"visibility":true},{"label":"Chambre \/ Tente Simple - 1 Personne","price":"3640","price_type":"quantity_based","image":0,"visibility":true}],"id":1715681865}],"acf":[],"_links":{"self":[{"href":"https:\/\/www.rubyrange.com\/fr\/wp-json\/wp\/v2\/product\/13413","targetHints":{"allow":["GET"]}}],"collection":[{"href":"https:\/\/www.rubyrange.com\/fr\/wp-json\/wp\/v2\/product"}],"about":[{"href":"https:\/\/www.rubyrange.com\/fr\/wp-json\/wp\/v2\/types\/product"}],"replies":[{"embeddable":true,"href":"https:\/\/www.rubyrange.com\/fr\/wp-json\/wp\/v2\/comments?post=13413"}],"wp:featuredmedia":[{"embeddable":true,"href":"https:\/\/www.rubyrange.com\/fr\/wp-json\/wp\/v2\/media\/26827"}],"wp:attachment":[{"href":"https:\/\/www.rubyrange.com\/fr\/wp-json\/wp\/v2\/media?parent=13413"}],"wp:term":[{"taxonomy":"product_brand","embeddable":true,"href":"https:\/\/www.rubyrange.com\/fr\/wp-json\/wp\/v2\/product_brand?post=13413"},{"taxonomy":"product_cat","embeddable":true,"href":"https:\/\/www.rubyrange.com\/fr\/wp-json\/wp\/v2\/product_cat?post=13413"},{"taxonomy":"product_tag","embeddable":true,"href":"https:\/\/www.rubyrange.com\/fr\/wp-json\/wp\/v2\/product_tag?post=13413"}],"curies":[{"name":"wp","href":"https:\/\/api.w.org\/{rel}","templated":true}]}}