{"id":13415,"date":"2017-01-27T00:00:00","date_gmt":"2017-01-27T08:00:00","guid":{"rendered":"https:\/\/www.rubyrange.com\/?post_type=product&#038;p=13415"},"modified":"2025-11-13T21:27:25","modified_gmt":"2025-11-14T04:27:25","slug":"go-wild-des-rocheuses-a-lalaska","status":"publish","type":"product","link":"https:\/\/www.rubyrange.com\/fr\/tour\/go-wild-des-rocheuses-a-lalaska\/","title":{"rendered":"Circuit dans l&#8217;Ouest Canadien: Des Rocheuses \u00e0 l&#8217;Alaska"},"content":{"rendered":"<p>Ce voyage de vingt-deux jours vous emm\u00e8ne \u00e0 travers les montagnes et la toundra des Rocheuses canadiennes, la c\u00f4te de l\u2019Alaska et le vaste int\u00e9rieur du Yukon. C&#8217;est une exp\u00e9rience inoubliable au c\u0153ur de la spectaculaire nature de l\u2019Ouest canadien. Vous d\u00e9couvrirez des paysages \u00e0 couper le souffle allant des champs de glace, \u00e0 la toundra alpine, aux cascades majestueuses et for\u00eats paisibles.<\/p>\n<p>Au cours de ce p\u00e9riple, vous aurez l&#8217;opportunit\u00e9 de vous aventurer en randonn\u00e9e p\u00e9destre jusqu\u2019\u00e0 des cols de montagne, de descendre en rafting sur des rivi\u00e8res palpitantes et de vous impr\u00e9gner de l\u2019atmosph\u00e8re de la ru\u00e9e vers l\u2019or du Klondike en explorant la ville historique de Dawson. Vous partagerez \u00e9galement des moments uniques autour de feux de camp dans des endroits d&#8217;une beaut\u00e9 incroyable, o\u00f9 vous pourrez vous laisser envo\u00fbter par la splendeur de la nature sauvage.<\/p>\n<p>Avec votre guide, vous parcourrez des routes charg\u00e9es d\u2019histoire et de traditions vibrantes, \u00e9coutant les l\u00e9gendes fascinantes des fronti\u00e8res de l&#8217;Ouest canadien. Vous visiterez les grands parcs nationaux du Canada tels que Banff, Yoho, Jasper et Kluane, ainsi que la limite nord de la toundra arctique. L&#8217;itin\u00e9raire vous offre une vue d\u2019ensemble compl\u00e8te de cette r\u00e9gion extraordinaire.<\/p>\n<p>Cette excursion sur la route est une opportunit\u00e9 unique de d\u00e9couvrir certains des endroits les plus \u00e9poustouflants et embl\u00e9matiques du Canada, tout en profitant d&#8217;une aventure authentique et immersive au c\u0153ur de la nature. Rejoignez-nous pour une exp\u00e9rience inoubliable!<\/p>\n<div>Ce voyage est offert en diff\u00e9rentes langues en fonction des dates:<\/div>\n<div>21.06. &#8211; 12.07.2026 &#8211; Anglais + Allemand<\/div>\n<div>12.07. &#8211; 02.08.2026 &#8211; Anglais + Fran\u00e7ais<\/div>\n<div>02.08. &#8211; 23.08.2026 &#8211; Anglais + Allemand<\/div>\n<div>23.08. &#8211; 13.09.2026 &#8211; Anglais + Fran\u00e7ais<\/div>\n","protected":false},"excerpt":{"rendered":"<p>Ce voyage de vingt-deux jours vous emm\u00e8ne \u00e0 travers les montagnes et la toundra des Rocheuses canadiennes, la c\u00f4te de..<\/p>\n","protected":false},"featured_media":27368,"comment_status":"open","ping_status":"closed","template":"","meta":{"_acf_changed":false,"_lmt_disableupdate":"no","_lmt_disable":""},"product_brand":[],"product_cat":[89,92,67,91,90,45],"product_tag":[],"class_list":{"0":"post-13415","1":"product","2":"type-product","3":"status-publish","4":"has-post-thumbnail","6":"product_cat-visites-guidees-en-alaska","7":"product_cat-excursions-milieu-sauvage","8":"product_cat-randonnees-pedestres","9":"product_cat-visites-guidees-parcs-nationaux-du-canada","10":"product_cat-visiter-le-yukon-canada","11":"product_cat-voyages-aventure","12":"pa_departure-calgary-fr","13":"pa_season-ete","14":"pa_season-automne","15":"pa_skill-level-debutant","17":"first","18":"instock","19":"virtual","20":"sold-individually","21":"taxable","22":"purchasable","23":"product-type-booking"},"booking_location":"","booking_location_type":"","booking_duration":22,"booking_duration_unit":"day","booking_buffer":0,"booking_cost":0,"booking_resources":[],"exclude_global_add_ons":false,"addons":[{"name":"Type d'h\u00e9bergement","type":"multiple_choice","position":0,"required":true,"title_format":"heading","default":"","description_enable":false,"description":"","placeholder_enable":false,"placeholder":"","display":"select","restrictions_type":"any_text","adjust_price":false,"price":"","price_type":"flat_fee","restrictions":false,"min":"0","max":"0","options":[{"label":"1\/2 Chambre \/ Tente Double - 1 Personne","price":"4965","price_type":"quantity_based","image":0,"visibility":true},{"label":"Chambre \/ Tente Double - 2 Personnes","price":"9930","price_type":"quantity_based","image":0,"visibility":true},{"label":"Chambre \/ Tente Simple - 1 Personne","price":"5530","price_type":"quantity_based","image":0,"visibility":true}],"id":1713278623}],"acf":[],"_links":{"self":[{"href":"https:\/\/www.rubyrange.com\/fr\/wp-json\/wp\/v2\/product\/13415","targetHints":{"allow":["GET"]}}],"collection":[{"href":"https:\/\/www.rubyrange.com\/fr\/wp-json\/wp\/v2\/product"}],"about":[{"href":"https:\/\/www.rubyrange.com\/fr\/wp-json\/wp\/v2\/types\/product"}],"replies":[{"embeddable":true,"href":"https:\/\/www.rubyrange.com\/fr\/wp-json\/wp\/v2\/comments?post=13415"}],"wp:featuredmedia":[{"embeddable":true,"href":"https:\/\/www.rubyrange.com\/fr\/wp-json\/wp\/v2\/media\/27368"}],"wp:attachment":[{"href":"https:\/\/www.rubyrange.com\/fr\/wp-json\/wp\/v2\/media?parent=13415"}],"wp:term":[{"taxonomy":"product_brand","embeddable":true,"href":"https:\/\/www.rubyrange.com\/fr\/wp-json\/wp\/v2\/product_brand?post=13415"},{"taxonomy":"product_cat","embeddable":true,"href":"https:\/\/www.rubyrange.com\/fr\/wp-json\/wp\/v2\/product_cat?post=13415"},{"taxonomy":"product_tag","embeddable":true,"href":"https:\/\/www.rubyrange.com\/fr\/wp-json\/wp\/v2\/product_tag?post=13415"}],"curies":[{"name":"wp","href":"https:\/\/api.w.org\/{rel}","templated":true}]}}