{"id":13417,"date":"2017-01-27T00:00:00","date_gmt":"2017-01-27T08:00:00","guid":{"rendered":"https:\/\/www.rubyrange.com\/?post_type=product&#038;p=13417"},"modified":"2025-09-10T00:47:14","modified_gmt":"2025-09-10T07:47:14","slug":"ruee-vers-or-soleil-de-minuit","status":"publish","type":"product","link":"https:\/\/www.rubyrange.com\/fr\/tour\/ruee-vers-or-soleil-de-minuit\/","title":{"rendered":"La Ru\u00e9e vers l&#8217;or: D\u00e9couvrez la Terre du Soleil de Minuit"},"content":{"rendered":"<p>Notre exp\u00e9dition La Ru\u00e9e vers l\u2019or marie habilement l\u2019un de nos voyages pr\u00e9f\u00e9r\u00e9s en cano\u00eb avec une de nos meilleures aventures sur la route, offrant ainsi une exp\u00e9rience nordique compl\u00e8te. Ce voyage d\u00e9bute par une descente de huit jours en cano\u00eb le long des rivi\u00e8res Teslin et Yukon. Id\u00e9al pour les d\u00e9butants, ce p\u00e9riple vous fait d\u00e9couvrir deux des principales voies navigables du territoire du Yukon. \u00c0 Carmacks, nous troquerons nos cano\u00ebs contre une fourgonnette, amor\u00e7ant ainsi dix jours suppl\u00e9mentaires d&#8217;exploration le long des routes du Yukon et de l&#8217;Alaska. Au programme: des randonn\u00e9es dans les hautes montagnes subarctiques, du rafting en eaux vives sur une rivi\u00e8re de renomm\u00e9e mondiale ainsi que l&#8217;occasion de chercher de l&#8217;or et de visiter les villes historiques de Dawson City et Skagway.<\/p>\n<p>Notre itin\u00e9raire traverse une diversit\u00e9 \u00e9poustouflante de paysages nordiques, allant de la toundra ondoyante aux majestueux glaciers en passant par la luxuriante for\u00eat c\u00f4ti\u00e8re de l&#8217;Alaska. Nous camperons en nature le long de magnifiques rivi\u00e8res ou dans des lieux pittoresques.<\/p>\n<p>Joignez-vous \u00e0 nous pour cette aventure incontournable sur la route du nord!<\/p>\n<p>Ce voyage est offert en diff\u00e9rentes langues en fonction des dates:<\/p>\n<div>31.05.2026 \u2013 21.06.2026 \u2013 English + German<\/div>\n<div>21.06.2026 \u2013 12.07.2026 \u2013 English + German<\/div>\n<div>12.07.2026 \u2013 02.08.2026 \u2013 Anglais + Fran\u00e7ais<\/div>\n<div>02.08.2026 \u2013 23.08.2026 \u2013 English + German<\/div>\n<div>23.08.2026 \u2013 13.09.2026 \u2013 Anglais + Fran\u00e7ais<\/div>\n","protected":false},"excerpt":{"rendered":"<p>Notre exp\u00e9dition La Ru\u00e9e vers l\u2019or marie habilement l\u2019un de nos voyages pr\u00e9f\u00e9r\u00e9s en cano\u00eb avec une de nos meilleures..<\/p>\n","protected":false},"featured_media":25943,"comment_status":"open","ping_status":"closed","template":"","meta":{"_acf_changed":false,"_lmt_disableupdate":"no","_lmt_disable":""},"product_brand":[],"product_cat":[89,92,67,90,45,46],"product_tag":[],"class_list":{"0":"post-13417","1":"product","2":"type-product","3":"status-publish","4":"has-post-thumbnail","6":"product_cat-visites-guidees-en-alaska","7":"product_cat-excursions-milieu-sauvage","8":"product_cat-randonnees-pedestres","9":"product_cat-visiter-le-yukon-canada","10":"product_cat-voyages-aventure","11":"product_cat-excursions-canot","12":"pa_departure-whitehorse","13":"pa_season-ete","14":"pa_season-automne","15":"pa_skill-level-debutant","17":"first","18":"instock","19":"virtual","20":"sold-individually","21":"taxable","22":"purchasable","23":"product-type-booking"},"booking_location":"","booking_location_type":"","booking_duration":22,"booking_duration_unit":"day","booking_buffer":0,"booking_cost":0,"booking_resources":[],"exclude_global_add_ons":false,"addons":[{"name":"Type d'H\u00e9bergement","type":"multiple_choice","position":0,"required":true,"title_format":"heading","default":"","description_enable":false,"description":"","placeholder_enable":false,"placeholder":"","display":"select","restrictions_type":"any_text","adjust_price":false,"price":"","price_type":"flat_fee","restrictions":false,"min":"0","max":"0","options":[{"label":"1\/2 Chambre \/ Tente Double - 1 Personne","price":"4665","price_type":"quantity_based","image":0,"visibility":true},{"label":"Chambre \/ Tente double - 2 personnes","price":"9330","price_type":"quantity_based","image":0,"visibility":true},{"label":"Chambre \/ Tente simple - 1 personne","price":"5205","price_type":"quantity_based","image":0,"visibility":true}],"id":1713777287}],"acf":[],"_links":{"self":[{"href":"https:\/\/www.rubyrange.com\/fr\/wp-json\/wp\/v2\/product\/13417","targetHints":{"allow":["GET"]}}],"collection":[{"href":"https:\/\/www.rubyrange.com\/fr\/wp-json\/wp\/v2\/product"}],"about":[{"href":"https:\/\/www.rubyrange.com\/fr\/wp-json\/wp\/v2\/types\/product"}],"replies":[{"embeddable":true,"href":"https:\/\/www.rubyrange.com\/fr\/wp-json\/wp\/v2\/comments?post=13417"}],"wp:featuredmedia":[{"embeddable":true,"href":"https:\/\/www.rubyrange.com\/fr\/wp-json\/wp\/v2\/media\/25943"}],"wp:attachment":[{"href":"https:\/\/www.rubyrange.com\/fr\/wp-json\/wp\/v2\/media?parent=13417"}],"wp:term":[{"taxonomy":"product_brand","embeddable":true,"href":"https:\/\/www.rubyrange.com\/fr\/wp-json\/wp\/v2\/product_brand?post=13417"},{"taxonomy":"product_cat","embeddable":true,"href":"https:\/\/www.rubyrange.com\/fr\/wp-json\/wp\/v2\/product_cat?post=13417"},{"taxonomy":"product_tag","embeddable":true,"href":"https:\/\/www.rubyrange.com\/fr\/wp-json\/wp\/v2\/product_tag?post=13417"}],"curies":[{"name":"wp","href":"https:\/\/api.w.org\/{rel}","templated":true}]}}