{"id":13419,"date":"2017-01-27T00:00:00","date_gmt":"2017-01-27T08:00:00","guid":{"rendered":"https:\/\/www.rubyrange.com\/?post_type=product&#038;p=13419"},"modified":"2025-09-19T16:12:13","modified_gmt":"2025-09-19T23:12:13","slug":"randonnee-parc-territorial-tombstone","status":"publish","type":"product","link":"https:\/\/www.rubyrange.com\/fr\/tour\/randonnee-parc-territorial-tombstone\/","title":{"rendered":"La Patagonie du Canada: Randonn\u00e9e dans le Parc Territorial Tombstone"},"content":{"rendered":"<p>Le parc territorial Tombstone s&#8217;\u00e9tend sur plus de 2 200 kilom\u00e8tres carr\u00e9s de pics escarp\u00e9s, de toundra et de rivi\u00e8res cristallines au c\u0153ur des Montagnes Ogilvie.<\/p>\n<p>Situ\u00e9 sur la ligne de partage des eaux et bordant l&#8217;autoroute Dempster, ce parc est le territoire ancestral des Premi\u00e8res Nations Tr\u2019ondek Hwech\u2019in.<\/p>\n<p>Il abrite l&#8217;un des plus grands troupeaux de caribous au monde, ainsi qu&#8217;une diversit\u00e9 impressionnante d&#8217;animaux sauvages, dont des ours, des mouflons de Dall, des orignaux, des loups, des faucons et des aigles. Les paysages offrent un spectacle saisissant pour les photographes, avec une profusion de plantes arctiques color\u00e9es, le tout encadr\u00e9 par les sommets sombres et spectaculaires qui donnent son nom au parc.<\/p>\n<p>Pendant six jours, nous explorerons ces montagnes abruptes lors de randonn\u00e9es et camperons pr\u00e8s de lacs alpins offrant des vues \u00e9poustouflantes. Nous aurons de nombreuses opportunit\u00e9s pour des randonn\u00e9es d&#8217;une journ\u00e9e, adapt\u00e9es aux int\u00e9r\u00eats et aux capacit\u00e9s du groupe.<\/p>\n<p>Notre exp\u00e9rience se conclura par une journ\u00e9e dans la ville historique de Dawson.<\/p>\n","protected":false},"excerpt":{"rendered":"<p>Le parc territorial Tombstone s&#8217;\u00e9tend sur plus de 2 200 kilom\u00e8tres carr\u00e9s de pics escarp\u00e9s, de toundra et de rivi\u00e8res..<\/p>\n","protected":false},"featured_media":10753,"comment_status":"open","ping_status":"closed","template":"","meta":{"_acf_changed":false,"_lmt_disableupdate":"no","_lmt_disable":""},"product_brand":[],"product_cat":[92,67,91,90,45],"product_tag":[],"class_list":{"0":"post-13419","1":"product","2":"type-product","3":"status-publish","4":"has-post-thumbnail","6":"product_cat-excursions-milieu-sauvage","7":"product_cat-randonnees-pedestres","8":"product_cat-visites-guidees-parcs-nationaux-du-canada","9":"product_cat-visiter-le-yukon-canada","10":"product_cat-voyages-aventure","11":"pa_departure-dawson-city-fr","12":"pa_season-ete","13":"pa_skill-level-expert-fr","15":"first","16":"instock","17":"virtual","18":"sold-individually","19":"taxable","20":"purchasable","21":"product-type-booking"},"booking_location":"","booking_location_type":"","booking_duration":8,"booking_duration_unit":"day","booking_buffer":0,"booking_cost":0,"booking_resources":[],"exclude_global_add_ons":false,"addons":[{"name":"Type d'H\u00e9bergement","type":"multiple_choice","position":0,"required":true,"title_format":"heading","default":"","description_enable":false,"description":"","placeholder_enable":false,"placeholder":"","display":"select","restrictions_type":"any_text","adjust_price":false,"price":"","price_type":"flat_fee","restrictions":false,"min":"0","max":"0","options":[{"label":"1\/2 Chambre \/ Tente Double - 1 Personne","price":"2805","price_type":"quantity_based","image":0,"visibility":true},{"label":"Chambre \/ tente double - 2 Personnes","price":"5610","price_type":"quantity_based","image":0,"visibility":true},{"label":"Chambre\/ tente simple - 1 Personne","price":"3270","price_type":"quantity_based","image":0,"visibility":true}],"id":1713360181}],"acf":[],"_links":{"self":[{"href":"https:\/\/www.rubyrange.com\/fr\/wp-json\/wp\/v2\/product\/13419","targetHints":{"allow":["GET"]}}],"collection":[{"href":"https:\/\/www.rubyrange.com\/fr\/wp-json\/wp\/v2\/product"}],"about":[{"href":"https:\/\/www.rubyrange.com\/fr\/wp-json\/wp\/v2\/types\/product"}],"replies":[{"embeddable":true,"href":"https:\/\/www.rubyrange.com\/fr\/wp-json\/wp\/v2\/comments?post=13419"}],"wp:featuredmedia":[{"embeddable":true,"href":"https:\/\/www.rubyrange.com\/fr\/wp-json\/wp\/v2\/media\/10753"}],"wp:attachment":[{"href":"https:\/\/www.rubyrange.com\/fr\/wp-json\/wp\/v2\/media?parent=13419"}],"wp:term":[{"taxonomy":"product_brand","embeddable":true,"href":"https:\/\/www.rubyrange.com\/fr\/wp-json\/wp\/v2\/product_brand?post=13419"},{"taxonomy":"product_cat","embeddable":true,"href":"https:\/\/www.rubyrange.com\/fr\/wp-json\/wp\/v2\/product_cat?post=13419"},{"taxonomy":"product_tag","embeddable":true,"href":"https:\/\/www.rubyrange.com\/fr\/wp-json\/wp\/v2\/product_tag?post=13419"}],"curies":[{"name":"wp","href":"https:\/\/api.w.org\/{rel}","templated":true}]}}