{"id":13421,"date":"2017-01-27T00:00:00","date_gmt":"2017-01-27T08:00:00","guid":{"rendered":"https:\/\/www.rubyrange.com\/?post_type=product&#038;p=13421"},"modified":"2026-02-06T03:41:55","modified_gmt":"2026-02-06T10:41:55","slug":"northern-coast-mountains-sightseeing-tour-from-whitehorse-to-anchorage","status":"publish","type":"product","link":"https:\/\/www.rubyrange.com\/fr\/tour\/northern-coast-mountains-sightseeing-tour-from-whitehorse-to-anchorage\/","title":{"rendered":"La cha\u00eene C\u00f4ti\u00e8re du Nord : Excursion touristique de Whitehorse \u00e0 Anchorage"},"content":{"rendered":"<p>La cha\u00eene c\u00f4ti\u00e8re du Pacifique du Nord ne manque pas de superlatifs : des calottes glaciaires non-polaires les plus vastes aux plus hautes montagnes du continent, en passant par les sanctuaires de faune les plus riches. C&#8217;est un paysage impressionnant, o\u00f9 des falaises mill\u00e9naires hautes comme des gratte-ciel plongent dans la mer, o\u00f9 de nouveaux lacs se forment et se d\u00e9versent et o\u00f9 les cours d&#8217;eau peuvent litt\u00e9ralement changer de direction. Notre p\u00e9riple de sept jours, d\u00e9butant \u00e0 Whitehorse, capitale du Yukon, et se terminant \u00e0 Anchorage, la plus grande ville d&#8217;Alaska, vous emm\u00e8ne le long de cette cha\u00eene spectaculaire. Vous aurez tout le loisir d&#8217;admirer les panoramas, de toucher les glaciers, de parcourir les sentiers et de vous impr\u00e9gner de l&#8217;histoire, de la culture et de la cuisine de la r\u00e9gion.<\/p>\n","protected":false},"excerpt":{"rendered":"<p>La cha\u00eene c\u00f4ti\u00e8re du Pacifique du Nord ne manque pas de superlatifs : des calottes glaciaires non-polaires les plus vastes..<\/p>\n","protected":false},"featured_media":24356,"comment_status":"open","ping_status":"closed","template":"","meta":{"_acf_changed":false,"_lmt_disableupdate":"no","_lmt_disable":""},"product_brand":[],"product_cat":[47,48,89,90,94],"product_tag":[],"class_list":{"0":"post-13421","1":"product","2":"type-product","3":"status-publish","4":"has-post-thumbnail","6":"product_cat-circuits-confort","7":"product_cat-circuits-touristiques-yukon","8":"product_cat-visites-guidees-en-alaska","9":"product_cat-visiter-le-yukon-canada","10":"product_cat-visites-guidees-aines","11":"pa_departure-whitehorse","12":"pa_season-ete","13":"pa_season-automne","14":"pa_skill-level-aucun","16":"first","17":"instock","18":"virtual","19":"sold-individually","20":"taxable","21":"purchasable","22":"product-type-booking"},"booking_location":"","booking_location_type":"","booking_duration":7,"booking_duration_unit":"day","booking_buffer":0,"booking_cost":0,"booking_resources":[],"exclude_global_add_ons":false,"addons":[{"name":"Type d'H\u00e9bergement","type":"multiple_choice","position":0,"required":true,"title_format":"heading","default":"","description_enable":false,"description":"","placeholder_enable":false,"placeholder":"","display":"select","restrictions_type":"any_text","adjust_price":false,"price":"","price_type":"flat_fee","restrictions":false,"min":"0","max":"0","options":[{"label":"Chambre Double - 2 Personnes","price":"5700","price_type":"quantity_based","image":0,"visibility":true},{"label":"Chambre Simple - 1 Personne","price":"3970","price_type":"quantity_based","image":0,"visibility":true},{"label":"Chambre Triple - 3 Personnes","price":"7950","price_type":"quantity_based","image":0,"visibility":true}],"id":1712935414}],"acf":[],"_links":{"self":[{"href":"https:\/\/www.rubyrange.com\/fr\/wp-json\/wp\/v2\/product\/13421","targetHints":{"allow":["GET"]}}],"collection":[{"href":"https:\/\/www.rubyrange.com\/fr\/wp-json\/wp\/v2\/product"}],"about":[{"href":"https:\/\/www.rubyrange.com\/fr\/wp-json\/wp\/v2\/types\/product"}],"replies":[{"embeddable":true,"href":"https:\/\/www.rubyrange.com\/fr\/wp-json\/wp\/v2\/comments?post=13421"}],"wp:featuredmedia":[{"embeddable":true,"href":"https:\/\/www.rubyrange.com\/fr\/wp-json\/wp\/v2\/media\/24356"}],"wp:attachment":[{"href":"https:\/\/www.rubyrange.com\/fr\/wp-json\/wp\/v2\/media?parent=13421"}],"wp:term":[{"taxonomy":"product_brand","embeddable":true,"href":"https:\/\/www.rubyrange.com\/fr\/wp-json\/wp\/v2\/product_brand?post=13421"},{"taxonomy":"product_cat","embeddable":true,"href":"https:\/\/www.rubyrange.com\/fr\/wp-json\/wp\/v2\/product_cat?post=13421"},{"taxonomy":"product_tag","embeddable":true,"href":"https:\/\/www.rubyrange.com\/fr\/wp-json\/wp\/v2\/product_tag?post=13421"}],"curies":[{"name":"wp","href":"https:\/\/api.w.org\/{rel}","templated":true}]}}