{"id":13427,"date":"2017-01-27T00:00:00","date_gmt":"2017-01-27T08:00:00","guid":{"rendered":"https:\/\/www.rubyrange.com\/?post_type=product&#038;p=13427"},"modified":"2025-09-19T14:46:50","modified_gmt":"2025-09-19T21:46:50","slug":"esprit-du-yukon-riviere-teslin","status":"publish","type":"product","link":"https:\/\/www.rubyrange.com\/fr\/tour\/esprit-du-yukon-riviere-teslin\/","title":{"rendered":"L&#8217;Esprit du Yukon &#8211; La Rivi\u00e8re Teslin"},"content":{"rendered":"<p>Cette exp\u00e9dition de neuf jours le long de la rivi\u00e8re Teslin offre une immersion dans des paysages charg\u00e9s d&#8217;histoire et de nature sauvage. Parfaite pour les pagayeurs novices souhaitant d\u00e9couvrir une r\u00e9gion moins fr\u00e9quent\u00e9e que celle du fleuve Yukon.<\/p>\n<p>La rivi\u00e8re Teslin traverse le territoire ancestral des Premi\u00e8res Nations Teslin Tlingit, pour qui elle rev\u00eat une grande importance en tant que source de chasse et de p\u00eache. La r\u00e9gion est propice \u00e0 l&#8217;observation de la faune, notamment des orignaux, des aigles et des ours noirs le long des rives. Elle offre \u00e9galement d&#8217;excellents sites de p\u00eache pour attraper l&#8217;ombre arctique, le brochet nord et m\u00eame la truite.<\/p>\n<p>Vous profiterez de camps au bord de l&#8217;eau dans un cadre naturel, o\u00f9 les repas pr\u00e9par\u00e9s autour du feu seront l&#8217;occasion de partager des moments conviviaux avec les membres de votre petit groupe de voyage. Nos guides professionnels vous enseigneront tout ce qu&#8217;il faut savoir pour pagayer et \u00e9riger un camp en toute s\u00e9curit\u00e9.<\/p>\n<p>Cette exp\u00e9dition est con\u00e7ue pour \u00eatre combin\u00e9e avec notre populaire aventure le long des routes et des chemins les plus recul\u00e9s du Yukon et de l&#8217;Alaska. Pour en savoir plus, consultez notre voyage <a href=\"https:\/\/www.rubyrange.com\/fr\/tour\/ruee-vers-or-soleil-de-minuit\/\">&#8220;La ru\u00e9e ver l&#8217;or: D\u00e9couvrer le soleil de minuit&#8221;<\/a>.<\/p>\n<p>Ce voyage est offert en diff\u00e9rentes langues en fonction des dates:<\/p>\n<p>31.05. \u2013 10.06.2026 \u2013 Anglais + Allemand<br \/>\n21.06. \u2013 01.07.2026 \u2013 Anglais + Allemand<br \/>\n12.07. \u2013 22.07.2026 \u2013 Anglais + Fran\u00e7ais<br \/>\n02.08. \u2013 12.08.2026 \u2013 Anglais + Allemand<br \/>\n23.08. \u2013 02.09.2026 \u2013 Anglais + Fran\u00e7ais<br \/>\n13.09. \u2013 23.09.2026 \u2013 Anglais + Allemand<\/p>\n","protected":false},"excerpt":{"rendered":"<p>Cette exp\u00e9dition de neuf jours le long de la rivi\u00e8re Teslin offre une immersion dans des paysages charg\u00e9s d&#8217;histoire et..<\/p>\n","protected":false},"featured_media":24477,"comment_status":"open","ping_status":"closed","template":"","meta":{"_acf_changed":false,"_lmt_disableupdate":"no","_lmt_disable":""},"product_brand":[],"product_cat":[92,90,45,46],"product_tag":[],"class_list":{"0":"post-13427","1":"product","2":"type-product","3":"status-publish","4":"has-post-thumbnail","6":"product_cat-excursions-milieu-sauvage","7":"product_cat-visiter-le-yukon-canada","8":"product_cat-voyages-aventure","9":"product_cat-excursions-canot","10":"pa_departure-whitehorse","11":"pa_season-ete","12":"pa_skill-level-debutant","14":"first","15":"instock","16":"virtual","17":"sold-individually","18":"taxable","19":"purchasable","20":"product-type-booking"},"booking_location":"","booking_location_type":"","booking_duration":11,"booking_duration_unit":"day","booking_buffer":0,"booking_cost":0,"booking_resources":[],"exclude_global_add_ons":false,"addons":[{"name":"Type d'h\u00e9bergement","type":"multiple_choice","position":0,"required":true,"title_format":"heading","default":"","description_enable":false,"description":"","placeholder_enable":false,"placeholder":"","display":"select","restrictions_type":"any_text","adjust_price":false,"price":"","price_type":"flat_fee","restrictions":false,"min":"0","max":"0","options":[{"label":"1\/2 Chambre \/ Tente Double - 1 Personne","price":"2575","price_type":"quantity_based","image":0,"visibility":true},{"label":"Chambre \/ Tente Double - 2 Personnes","price":"5150","price_type":"quantity_based","image":0,"visibility":true},{"label":"Chambre \/ Tente Simple - 1 Personne","price":"3040","price_type":"quantity_based","image":0,"visibility":true}],"id":1713493258}],"acf":[],"_links":{"self":[{"href":"https:\/\/www.rubyrange.com\/fr\/wp-json\/wp\/v2\/product\/13427","targetHints":{"allow":["GET"]}}],"collection":[{"href":"https:\/\/www.rubyrange.com\/fr\/wp-json\/wp\/v2\/product"}],"about":[{"href":"https:\/\/www.rubyrange.com\/fr\/wp-json\/wp\/v2\/types\/product"}],"replies":[{"embeddable":true,"href":"https:\/\/www.rubyrange.com\/fr\/wp-json\/wp\/v2\/comments?post=13427"}],"wp:featuredmedia":[{"embeddable":true,"href":"https:\/\/www.rubyrange.com\/fr\/wp-json\/wp\/v2\/media\/24477"}],"wp:attachment":[{"href":"https:\/\/www.rubyrange.com\/fr\/wp-json\/wp\/v2\/media?parent=13427"}],"wp:term":[{"taxonomy":"product_brand","embeddable":true,"href":"https:\/\/www.rubyrange.com\/fr\/wp-json\/wp\/v2\/product_brand?post=13427"},{"taxonomy":"product_cat","embeddable":true,"href":"https:\/\/www.rubyrange.com\/fr\/wp-json\/wp\/v2\/product_cat?post=13427"},{"taxonomy":"product_tag","embeddable":true,"href":"https:\/\/www.rubyrange.com\/fr\/wp-json\/wp\/v2\/product_tag?post=13427"}],"curies":[{"name":"wp","href":"https:\/\/api.w.org\/{rel}","templated":true}]}}