{"id":13429,"date":"2017-01-27T00:00:00","date_gmt":"2017-01-27T08:00:00","guid":{"rendered":"https:\/\/www.rubyrange.com\/?post_type=product&#038;p=13429"},"modified":"2025-12-10T23:22:26","modified_gmt":"2025-12-11T06:22:26","slug":"stampeders-route-trekking-chilkoot-trail-copy","status":"publish","type":"product","link":"https:\/\/www.rubyrange.com\/fr\/tour\/stampeders-route-trekking-chilkoot-trail-copy\/","title":{"rendered":"Route des chercheurs d&#8217;or: Randonn\u00e9e sur la Piste Chilkoot"},"content":{"rendered":"<p>La piste Chilkoot \u00e9tait autrefois la voie emprunt\u00e9e par les chercheurs d&#8217;or en route vers le Grand Nord, traversant certains des paysages les plus spectaculaires et vari\u00e9s au monde. En seulement vingt-six kilom\u00e8tres, elle grimpe du niveau de la mer jusqu&#8217;\u00e0 la ligne de partage des eaux \u00e0 1067 m\u00e8tres d&#8217;altitude, o\u00f9 la for\u00eat pluviale de l&#8217;Alaska c\u00e8de sa place \u00e0 la d\u00e9licate toundra alpine apr\u00e8s avoir franchi la fronti\u00e8re menant au Canada. Cette piste est devenue une ic\u00f4ne en 1898, immortalis\u00e9e par les images de centaines d&#8217;hommes et de femmes grimpant les fameux Golden Stairs, transportant des tonnes de fournitures en chemin vers les champs aurif\u00e8res de Dawson City.<\/p>\n<p>Aujourd&#8217;hui, le nombre de visiteurs est limit\u00e9 pour pr\u00e9server la tranquillit\u00e9 du sentier et, bien s\u00fbr, les charges sont beaucoup plus l\u00e9g\u00e8res! Nous pr\u00e9voyons cinq jours pour parcourir les 52 kilom\u00e8tres, ce qui nous laisse le temps de nous reposer, d&#8217;explorer et de savourer le paysage. Notre destination finale est le lac Bennett, o\u00f9 la plupart des chercheurs d&#8217;or ont fait escale pour construire des radeaux et des bateaux en bois afin de poursuivre leur voyage vers Dawson. Une fois arriv\u00e9 \u00e0 la ville fant\u00f4me historique de Bennett, nous prendrons un hydravion pour la derni\u00e8re \u00e9tape de notre aventure: un vol spectaculaire au-dessus des derni\u00e8res montagnes c\u00f4ti\u00e8res jusqu&#8217;\u00e0 Whitehorse.<\/p>\n<p>Pour continuer de suivre les traces des chercheurs d&#8217;or, nous vous recommandons de combiner cette randonn\u00e9e avec notre descente en cano\u00eb sur le reste de la route historique jusqu&#8217;\u00e0 Dawson City. Pour en savoir plus, consultez notre exp\u00e9dition sur le fleuve Yukon:<span id=\"result_box\" class=\"\" lang=\"fr\" tabindex=\"-1\"> <a href=\"https:\/\/www.rubyrange.com\/shop\/circuits-daventure\/circuits-en-canoe\/le-fleuve-yukon-le-classique-lake-laberge-vers-dawson-city\/?lang=fr\">Le Classic<\/a>.<br \/>\n<\/span><\/p>\n","protected":false},"excerpt":{"rendered":"<p>La piste Chilkoot \u00e9tait autrefois la voie emprunt\u00e9e par les chercheurs d&#8217;or en route vers le Grand Nord, traversant certains..<\/p>\n","protected":false},"featured_media":6079,"comment_status":"open","ping_status":"closed","template":"","meta":{"_acf_changed":false,"_lmt_disableupdate":"no","_lmt_disable":""},"product_brand":[],"product_cat":[89,92,67,90,45],"product_tag":[],"class_list":{"0":"post-13429","1":"product","2":"type-product","3":"status-publish","4":"has-post-thumbnail","6":"product_cat-visites-guidees-en-alaska","7":"product_cat-excursions-milieu-sauvage","8":"product_cat-randonnees-pedestres","9":"product_cat-visiter-le-yukon-canada","10":"product_cat-voyages-aventure","11":"pa_departure-whitehorse","12":"pa_season-ete","13":"pa_skill-level-expert-fr","15":"first","16":"instock","17":"virtual","18":"sold-individually","19":"taxable","20":"purchasable","21":"product-type-booking"},"booking_location":"","booking_location_type":"","booking_duration":7,"booking_duration_unit":"day","booking_buffer":0,"booking_cost":0,"booking_resources":[],"exclude_global_add_ons":false,"addons":[{"name":"Type d'H\u00e9bergement","type":"multiple_choice","position":0,"required":true,"title_format":"heading","default":"","description_enable":false,"description":"","placeholder_enable":false,"placeholder":"","display":"select","restrictions_type":"any_text","adjust_price":false,"price":"","price_type":"flat_fee","restrictions":false,"min":"0","max":"0","options":[{"label":"1\/2 Chambre \/ Tente Double - 1 Personne","price":"2220","price_type":"quantity_based","image":0,"visibility":true},{"label":"Chambre \/ tente double - 2 personnes","price":"4440","price_type":"quantity_based","image":0,"visibility":true},{"label":"Chambre\/ tente simple - 1 personne","price":"2685","price_type":"quantity_based","image":0,"visibility":true}],"id":1715682496}],"acf":[],"_links":{"self":[{"href":"https:\/\/www.rubyrange.com\/fr\/wp-json\/wp\/v2\/product\/13429","targetHints":{"allow":["GET"]}}],"collection":[{"href":"https:\/\/www.rubyrange.com\/fr\/wp-json\/wp\/v2\/product"}],"about":[{"href":"https:\/\/www.rubyrange.com\/fr\/wp-json\/wp\/v2\/types\/product"}],"replies":[{"embeddable":true,"href":"https:\/\/www.rubyrange.com\/fr\/wp-json\/wp\/v2\/comments?post=13429"}],"wp:featuredmedia":[{"embeddable":true,"href":"https:\/\/www.rubyrange.com\/fr\/wp-json\/wp\/v2\/media\/6079"}],"wp:attachment":[{"href":"https:\/\/www.rubyrange.com\/fr\/wp-json\/wp\/v2\/media?parent=13429"}],"wp:term":[{"taxonomy":"product_brand","embeddable":true,"href":"https:\/\/www.rubyrange.com\/fr\/wp-json\/wp\/v2\/product_brand?post=13429"},{"taxonomy":"product_cat","embeddable":true,"href":"https:\/\/www.rubyrange.com\/fr\/wp-json\/wp\/v2\/product_cat?post=13429"},{"taxonomy":"product_tag","embeddable":true,"href":"https:\/\/www.rubyrange.com\/fr\/wp-json\/wp\/v2\/product_tag?post=13429"}],"curies":[{"name":"wp","href":"https:\/\/api.w.org\/{rel}","templated":true}]}}