{"id":13433,"date":"2017-01-27T00:00:00","date_gmt":"2017-01-27T08:00:00","guid":{"rendered":"https:\/\/www.rubyrange.com\/?post_type=product&#038;p=13433"},"modified":"2026-03-26T01:13:49","modified_gmt":"2026-03-26T08:13:49","slug":"le-klondiker-aventure-riviere-big-salmon","status":"publish","type":"product","link":"https:\/\/www.rubyrange.com\/fr\/tour\/le-klondiker-aventure-riviere-big-salmon\/","title":{"rendered":"Le Klondiker: Aventure sur la Rivi\u00e8re Big Salmon"},"content":{"rendered":"<p>Pour les pagayeurs de niveau interm\u00e9diaire. La Big Salmon offre une exp\u00e9rience magique: une rivi\u00e8re sauvage et pittoresque du Yukon, accessible aux aventuriers avec un minimum d&#8217;exp\u00e9rience. La Big Salmon est facilement atteignable par la route, ce qui \u00e9vite le co\u00fbt \u00e9lev\u00e9 d&#8217;un vol en avion de brousse, tout en restant isol\u00e9e, avec seulement quelques pagayeurs la fr\u00e9quentant chaque ann\u00e9e. Avec ses m\u00e9andres sinueux et ses rapides, cette rivi\u00e8re offre une exp\u00e9rience palpitante, mais agr\u00e9able, s\u00e9curitaire et sans grande difficult\u00e9. Comme de nombreuses r\u00e9gions du Yukon, la Big Salmon a une histoire li\u00e9e \u00e0 la ru\u00e9e vers l&#8217;or et elle demeure aujourd&#8217;hui pr\u00e9serv\u00e9e dans son \u00e9tat naturel abritant une diversit\u00e9 de faune dont des orignaux, des mouflons de Dall, des ours et des castors. L&#8217;eau y est claire et fra\u00eeche, offrant aux p\u00eacheurs l&#8217;occasion d&#8217;attraper des truites, des ombres arctiques, des brochets du nord et, avec un peu de chance, des saumons migrateurs \u00e0 l&#8217;automne.<\/p>\n<p>Le circuit se termine \u00e0 Carmacks, sur les rives du fleuve Yukon, o\u00f9 une navette vous attend pour le retour \u00e0 Whitehorse. Cette excursion est l&#8217;un de nos itin\u00e9raires pr\u00e9f\u00e9r\u00e9s, vivement recommand\u00e9 aux voyageurs en qu\u00eate d&#8217;aventure hors des sentiers battus.<\/p>\n","protected":false},"excerpt":{"rendered":"<p>Pour les pagayeurs de niveau interm\u00e9diaire. La Big Salmon offre une exp\u00e9rience magique: une rivi\u00e8re sauvage et pittoresque du Yukon,..<\/p>\n","protected":false},"featured_media":24491,"comment_status":"open","ping_status":"closed","template":"","meta":{"_acf_changed":false,"_lmt_disableupdate":"no","_lmt_disable":""},"product_brand":[],"product_cat":[92,90,45,46],"product_tag":[],"class_list":{"0":"post-13433","1":"product","2":"type-product","3":"status-publish","4":"has-post-thumbnail","6":"product_cat-excursions-milieu-sauvage","7":"product_cat-visiter-le-yukon-canada","8":"product_cat-voyages-aventure","9":"product_cat-excursions-canot","10":"pa_departure-whitehorse","11":"pa_season-ete","12":"pa_season-automne","13":"pa_skill-level-intermediaire","15":"first","16":"instock","17":"virtual","18":"sold-individually","19":"taxable","20":"purchasable","21":"product-type-booking"},"booking_location":"","booking_location_type":"","booking_duration":15,"booking_duration_unit":"day","booking_buffer":0,"booking_cost":0,"booking_resources":[],"exclude_global_add_ons":false,"addons":[{"name":"Type d'h\u00e9bergement","type":"multiple_choice","position":0,"required":true,"title_format":"heading","default":"","description_enable":false,"description":"","placeholder_enable":false,"placeholder":"","display":"select","restrictions_type":"any_text","adjust_price":false,"price":"","price_type":"flat_fee","restrictions":false,"min":"0","max":"0","options":[{"label":"1\/2 Chambre \/ Tente Double - 1 Personne","price":"3375","price_type":"quantity_based","image":0,"visibility":true},{"label":"Chambre \/ Tente Double - 2 Personnes","price":"6750","price_type":"quantity_based","image":0,"visibility":true},{"label":"Chambre \/ Tente Simple - 1 Personne","price":"3840","price_type":"quantity_based","image":0,"visibility":true}],"id":1713512194}],"acf":[],"_links":{"self":[{"href":"https:\/\/www.rubyrange.com\/fr\/wp-json\/wp\/v2\/product\/13433","targetHints":{"allow":["GET"]}}],"collection":[{"href":"https:\/\/www.rubyrange.com\/fr\/wp-json\/wp\/v2\/product"}],"about":[{"href":"https:\/\/www.rubyrange.com\/fr\/wp-json\/wp\/v2\/types\/product"}],"replies":[{"embeddable":true,"href":"https:\/\/www.rubyrange.com\/fr\/wp-json\/wp\/v2\/comments?post=13433"}],"wp:featuredmedia":[{"embeddable":true,"href":"https:\/\/www.rubyrange.com\/fr\/wp-json\/wp\/v2\/media\/24491"}],"wp:attachment":[{"href":"https:\/\/www.rubyrange.com\/fr\/wp-json\/wp\/v2\/media?parent=13433"}],"wp:term":[{"taxonomy":"product_brand","embeddable":true,"href":"https:\/\/www.rubyrange.com\/fr\/wp-json\/wp\/v2\/product_brand?post=13433"},{"taxonomy":"product_cat","embeddable":true,"href":"https:\/\/www.rubyrange.com\/fr\/wp-json\/wp\/v2\/product_cat?post=13433"},{"taxonomy":"product_tag","embeddable":true,"href":"https:\/\/www.rubyrange.com\/fr\/wp-json\/wp\/v2\/product_tag?post=13433"}],"curies":[{"name":"wp","href":"https:\/\/api.w.org\/{rel}","templated":true}]}}