{"id":13435,"date":"2017-01-27T00:00:00","date_gmt":"2017-01-27T08:00:00","guid":{"rendered":"https:\/\/www.rubyrange.com\/?post_type=product&#038;p=13435"},"modified":"2026-05-06T22:15:25","modified_gmt":"2026-05-07T05:15:25","slug":"the-yukon-explorer-snake-river-copy","status":"publish","type":"product","link":"https:\/\/www.rubyrange.com\/fr\/tour\/the-yukon-explorer-snake-river-copy\/","title":{"rendered":"Explorateur du Yukon &#8211; Rivi\u00e8re Snake"},"content":{"rendered":"<p>Embarquez pour une aventure extraordinaire accessible uniquement par hydravion, alors que vous survolez les majestueuses montagnes Mackenzie \u00e0 bord d&#8217;un DeHavilland Beaver ou Otter, pour atterrir en douceur aux lacs Duo, nich\u00e9s au c\u0153ur d&#8217;une vall\u00e9e alpine luxuriante.<\/p>\n<p>Vous d\u00e9buterez alors une \u00e9pop\u00e9e fantastique de trois semaines le long de la rivi\u00e8re Snake, un p\u00e9riple de 500 kilom\u00e8tres d&#8217;une beaut\u00e9 saisissante. Vous affronterez des rapides tumultueux et effectuerez des portages qui offriront des d\u00e9fis tout au long du voyage. Dans ce sanctuaire sauvage, la faune abonde: des ours aux loups en passant par les majestueux orignaux, les mouflons de Dall et les caribous. Entre les moments sur la rivi\u00e8re, des randonn\u00e9es vous m\u00e8neront \u00e0 la d\u00e9couverte des tr\u00e9sors cach\u00e9s de ces terres sauvages.<\/p>\n<p>Pendant que vous taquinerez le poisson dans les eaux cristallines, vous aurez \u00e9galement l&#8217;occasion de plonger dans l&#8217;histoire en visitant le site embl\u00e9matique de Fort McPherson. Une escapade \u00e0 Dawson viendra clore cette aventure inoubliable avant de regagner Whitehorse des souvenirs plein la t\u00eate.<\/p>\n","protected":false},"excerpt":{"rendered":"<p>Embarquez pour une aventure extraordinaire accessible uniquement par hydravion, alors que vous survolez les majestueuses montagnes Mackenzie \u00e0 bord d&#8217;un..<\/p>\n","protected":false},"featured_media":24502,"comment_status":"open","ping_status":"closed","template":"","meta":{"_acf_changed":false,"_lmt_disableupdate":"no","_lmt_disable":""},"product_brand":[],"product_cat":[92,90,45,46],"product_tag":[],"class_list":{"0":"post-13435","1":"product","2":"type-product","3":"status-publish","4":"has-post-thumbnail","6":"product_cat-excursions-milieu-sauvage","7":"product_cat-visiter-le-yukon-canada","8":"product_cat-voyages-aventure","9":"product_cat-excursions-canot","10":"pa_departure-whitehorse","11":"pa_season-ete","12":"pa_skill-level-expert-fr","14":"first","15":"instock","16":"virtual","17":"sold-individually","18":"taxable","19":"purchasable","20":"product-type-booking"},"booking_location":"","booking_location_type":"","booking_duration":22,"booking_duration_unit":"day","booking_buffer":0,"booking_cost":0,"booking_resources":[],"exclude_global_add_ons":false,"addons":[{"name":"Type d'H\u00e9bergement","type":"multiple_choice","position":0,"required":true,"title_format":"heading","default":"","description_enable":false,"description":"","placeholder_enable":false,"placeholder":"","display":"select","restrictions_type":"any_text","adjust_price":false,"price":"","price_type":"flat_fee","restrictions":false,"min":"0","max":"0","options":[{"label":"1\/2 Chambre \/ Tente Double - 1 Personne","price":"8855","price_type":"quantity_based","image":0,"visibility":true},{"label":"Chambre \/ tente double - 2 Personnes","price":"17710","price_type":"quantity_based","image":0,"visibility":true},{"label":"Chambre\/ tente simple - 1 Personne","price":"9415","price_type":"quantity_based","image":0,"visibility":true}],"id":1713201685}],"acf":[],"_links":{"self":[{"href":"https:\/\/www.rubyrange.com\/fr\/wp-json\/wp\/v2\/product\/13435","targetHints":{"allow":["GET"]}}],"collection":[{"href":"https:\/\/www.rubyrange.com\/fr\/wp-json\/wp\/v2\/product"}],"about":[{"href":"https:\/\/www.rubyrange.com\/fr\/wp-json\/wp\/v2\/types\/product"}],"replies":[{"embeddable":true,"href":"https:\/\/www.rubyrange.com\/fr\/wp-json\/wp\/v2\/comments?post=13435"}],"wp:featuredmedia":[{"embeddable":true,"href":"https:\/\/www.rubyrange.com\/fr\/wp-json\/wp\/v2\/media\/24502"}],"wp:attachment":[{"href":"https:\/\/www.rubyrange.com\/fr\/wp-json\/wp\/v2\/media?parent=13435"}],"wp:term":[{"taxonomy":"product_brand","embeddable":true,"href":"https:\/\/www.rubyrange.com\/fr\/wp-json\/wp\/v2\/product_brand?post=13435"},{"taxonomy":"product_cat","embeddable":true,"href":"https:\/\/www.rubyrange.com\/fr\/wp-json\/wp\/v2\/product_cat?post=13435"},{"taxonomy":"product_tag","embeddable":true,"href":"https:\/\/www.rubyrange.com\/fr\/wp-json\/wp\/v2\/product_tag?post=13435"}],"curies":[{"name":"wp","href":"https:\/\/api.w.org\/{rel}","templated":true}]}}