{"id":13441,"date":"2016-12-12T00:00:00","date_gmt":"2016-12-12T08:00:00","guid":{"rendered":"https:\/\/www.rubyrange.com\/?post_type=product&#038;p=13441"},"modified":"2025-09-12T04:48:35","modified_gmt":"2025-09-12T11:48:35","slug":"riviere-bonnet-plume","status":"publish","type":"product","link":"https:\/\/www.rubyrange.com\/fr\/tour\/riviere-bonnet-plume\/","title":{"rendered":"Rivi\u00e8re Bonnet Plume: La derni\u00e8re fronti\u00e8re du Yukon"},"content":{"rendered":"<p>La rivi\u00e8re Bonnet Plume offre une aventure palpitante aux pagayeurs exp\u00e9riment\u00e9s avec des rapides allant jusqu&#8217;\u00e0 la classe III et m\u00eame quelques sections atteignant la classe IV et V. Nich\u00e9e dans l&#8217;un des endroits les plus recul\u00e9s et pr\u00e9serv\u00e9s du globe &#8211; le cours sup\u00e9rieur du bassin versant de la rivi\u00e8re Peel &#8211; cette r\u00e9gion sauvage est d\u00e9pourvue de routes et pratiquement vierge. Elle s&#8217;\u00e9tend sur des montagnes et des rivi\u00e8res subarctiques \u00e0 perte de vue et est presque de la taille de l&#8217;\u00c9cosse. Pendant notre p\u00e9riple, nous aurons l&#8217;occasion d&#8217;explorer quelques-unes de ses montagnes et de d\u00e9couvrir des sources thermale secr\u00e8tes.<\/p>\n<p>Pour nous pr\u00e9parer \u00e0 cette aventure, notre programme commence par une journ\u00e9e d&#8217;entra\u00eenement et d&#8217;instruction sur la rivi\u00e8re Tatshenshini pr\u00e8s de Whitehorse. Cette rivi\u00e8re offre une exp\u00e9rience initiale stimulante, similaire \u00e0 ce que nous rencontrerons sur la Bonnet Plume.<\/p>\n<p>Pr\u00e9parez-vous \u00e0 \u00eatre \u00e9merveill\u00e9 lors de cette exp\u00e9dition de vingt jours en cano\u00eb au c\u0153ur de la nature sauvage du Yukon.<\/p>\n","protected":false},"excerpt":{"rendered":"<p>La rivi\u00e8re Bonnet Plume offre une aventure palpitante aux pagayeurs exp\u00e9riment\u00e9s avec des rapides allant jusqu&#8217;\u00e0 la classe III et..<\/p>\n","protected":false},"featured_media":10719,"comment_status":"open","ping_status":"closed","template":"","meta":{"_acf_changed":false,"_lmt_disableupdate":"no","_lmt_disable":""},"product_brand":[],"product_cat":[92,45,46],"product_tag":[],"class_list":{"0":"post-13441","1":"product","2":"type-product","3":"status-publish","4":"has-post-thumbnail","6":"product_cat-excursions-milieu-sauvage","7":"product_cat-voyages-aventure","8":"product_cat-excursions-canot","9":"pa_departure-whitehorse","10":"pa_season-ete","11":"pa_skill-level-expert-fr","13":"first","14":"instock","15":"virtual","16":"sold-individually","17":"taxable","18":"purchasable","19":"product-type-booking"},"booking_location":"","booking_location_type":"","booking_duration":20,"booking_duration_unit":"day","booking_buffer":0,"booking_cost":0,"booking_resources":[],"exclude_global_add_ons":false,"addons":[{"name":"Type d'h\u00e9bergement","type":"multiple_choice","position":0,"required":true,"title_format":"heading","default":"","description_enable":false,"description":"","placeholder_enable":false,"placeholder":"","display":"select","restrictions_type":"any_text","adjust_price":false,"price":"","price_type":"flat_fee","restrictions":false,"min":"0","max":"0","options":[{"label":"1\/2 Chambre \/ Tente Double - 1 Personne","price":"9675","price_type":"quantity_based","image":0,"visibility":true},{"label":"Chambre \/ Tente Double - 2 Personnes","price":"19350","price_type":"quantity_based","image":0,"visibility":true},{"label":"Chambre \/ Tente Simple - 1 Personne","price":"10405","price_type":"quantity_based","image":0,"visibility":true}],"id":1713198847}],"acf":[],"_links":{"self":[{"href":"https:\/\/www.rubyrange.com\/fr\/wp-json\/wp\/v2\/product\/13441","targetHints":{"allow":["GET"]}}],"collection":[{"href":"https:\/\/www.rubyrange.com\/fr\/wp-json\/wp\/v2\/product"}],"about":[{"href":"https:\/\/www.rubyrange.com\/fr\/wp-json\/wp\/v2\/types\/product"}],"replies":[{"embeddable":true,"href":"https:\/\/www.rubyrange.com\/fr\/wp-json\/wp\/v2\/comments?post=13441"}],"wp:featuredmedia":[{"embeddable":true,"href":"https:\/\/www.rubyrange.com\/fr\/wp-json\/wp\/v2\/media\/10719"}],"wp:attachment":[{"href":"https:\/\/www.rubyrange.com\/fr\/wp-json\/wp\/v2\/media?parent=13441"}],"wp:term":[{"taxonomy":"product_brand","embeddable":true,"href":"https:\/\/www.rubyrange.com\/fr\/wp-json\/wp\/v2\/product_brand?post=13441"},{"taxonomy":"product_cat","embeddable":true,"href":"https:\/\/www.rubyrange.com\/fr\/wp-json\/wp\/v2\/product_cat?post=13441"},{"taxonomy":"product_tag","embeddable":true,"href":"https:\/\/www.rubyrange.com\/fr\/wp-json\/wp\/v2\/product_tag?post=13441"}],"curies":[{"name":"wp","href":"https:\/\/api.w.org\/{rel}","templated":true}]}}