{"id":18563,"date":"2017-11-13T00:00:00","date_gmt":"2017-11-13T08:00:00","guid":{"rendered":"https:\/\/www.rubyrange.com\/?post_type=product&#038;p=18563"},"modified":"2025-09-22T14:57:48","modified_gmt":"2025-09-22T21:57:48","slug":"trondek-klondike-whitehorse-dawson-city-experience-hivernale","status":"publish","type":"product","link":"https:\/\/www.rubyrange.com\/fr\/tour\/trondek-klondike-whitehorse-dawson-city-experience-hivernale\/","title":{"rendered":"TRONDEK KLONDIKE Whitehorse &#8211; Dawson City &#8211; Exp\u00e9rience Hivernale"},"content":{"rendered":"<p>D\u00e9couvrez la vie authentique du Grand Nord en explorant Whitehorse et en vous aventurant autour de la ville historique de Dawson City. Laissez-nous vous guider sur les sentiers emprunt\u00e9s depuis des si\u00e8cles par les chercheurs d&#8217;or et les trappeurs. Ce voyage est une exp\u00e9rience inoubliable pour tous les visiteurs du Yukon, offrant une immersion compl\u00e8te dans le Nord et ses richesses pendant la saison hivernale.<\/p>\n<p>Pour d\u00e9couvrir la version de ce circuit commen\u00e7ant \u00e0 Dawson City, <a href=\"https:\/\/www.rubyrange.com\/fr\/tour\/trondek-klondike-dawson-city-whitehorse-experience-hivernale\/\">cliquez ici<\/a>.<\/p>\n","protected":false},"excerpt":{"rendered":"<p>D\u00e9couvrez la vie authentique du Grand Nord en explorant Whitehorse et en vous aventurant autour de la ville historique de..<\/p>\n","protected":false},"featured_media":29808,"comment_status":"open","ping_status":"closed","template":"","meta":{"_acf_changed":false,"_lmt_disableupdate":"no","_lmt_disable":""},"product_brand":[],"product_cat":[78],"product_tag":[],"class_list":{"0":"post-18563","1":"product","2":"type-product","3":"status-publish","4":"has-post-thumbnail","6":"product_cat-tours-hiver","7":"pa_departure-whitehorse","8":"pa_season-printemps","9":"pa_season-hiver","10":"pa_skill-level-aucun","12":"first","13":"instock","14":"virtual","15":"sold-individually","16":"taxable","17":"purchasable","18":"product-type-booking"},"booking_location":"","booking_location_type":"","booking_duration":5,"booking_duration_unit":"day","booking_buffer":0,"booking_cost":0,"booking_resources":[],"exclude_global_add_ons":false,"addons":[{"name":"Type d'H\u00e9bergement","type":"multiple_choice","position":0,"required":true,"title_format":"heading","default":"","description_enable":false,"description":"","placeholder_enable":false,"placeholder":"","display":"select","restrictions_type":"any_text","adjust_price":false,"price":"","price_type":"flat_fee","restrictions":false,"min":"0","max":"0","options":[{"label":"Chambre Double - 2 personnes","price":"6410","price_type":"quantity_based","image":0,"visibility":true},{"label":"Chambre Simple - 1 personne","price":"3850","price_type":"quantity_based","image":0,"visibility":true}],"id":1713435490}],"acf":[],"_links":{"self":[{"href":"https:\/\/www.rubyrange.com\/fr\/wp-json\/wp\/v2\/product\/18563","targetHints":{"allow":["GET"]}}],"collection":[{"href":"https:\/\/www.rubyrange.com\/fr\/wp-json\/wp\/v2\/product"}],"about":[{"href":"https:\/\/www.rubyrange.com\/fr\/wp-json\/wp\/v2\/types\/product"}],"replies":[{"embeddable":true,"href":"https:\/\/www.rubyrange.com\/fr\/wp-json\/wp\/v2\/comments?post=18563"}],"wp:featuredmedia":[{"embeddable":true,"href":"https:\/\/www.rubyrange.com\/fr\/wp-json\/wp\/v2\/media\/29808"}],"wp:attachment":[{"href":"https:\/\/www.rubyrange.com\/fr\/wp-json\/wp\/v2\/media?parent=18563"}],"wp:term":[{"taxonomy":"product_brand","embeddable":true,"href":"https:\/\/www.rubyrange.com\/fr\/wp-json\/wp\/v2\/product_brand?post=18563"},{"taxonomy":"product_cat","embeddable":true,"href":"https:\/\/www.rubyrange.com\/fr\/wp-json\/wp\/v2\/product_cat?post=18563"},{"taxonomy":"product_tag","embeddable":true,"href":"https:\/\/www.rubyrange.com\/fr\/wp-json\/wp\/v2\/product_tag?post=18563"}],"curies":[{"name":"wp","href":"https:\/\/api.w.org\/{rel}","templated":true}]}}