{"id":18679,"date":"2018-11-16T00:00:00","date_gmt":"2018-11-16T08:00:00","guid":{"rendered":"https:\/\/www.rubyrange.com\/?post_type=product&#038;p=18679"},"modified":"2025-09-13T10:30:09","modified_gmt":"2025-09-13T17:30:09","slug":"lappel-de-la-foret-programme-actif-de-motoneige-lac-kluane","status":"publish","type":"product","link":"https:\/\/www.rubyrange.com\/fr\/tour\/lappel-de-la-foret-programme-actif-de-motoneige-lac-kluane\/","title":{"rendered":"L&#8217;appel de la for\u00eat | Programme actif de motoneige Lac Kluane"},"content":{"rendered":"<p>Si vous \u00eates en qu\u00eate d&#8217;une v\u00e9ritable aventure au c\u0153ur de la nature sauvage vous menant vers des contr\u00e9es isol\u00e9es pour vivre \u00e0 la mani\u00e8re des trappeurs, alors ce voyage est fait pour vous. Venez explorer les vastes \u00e9tendues du Grand Nord et savourer la splendeur de nos journ\u00e9es d&#8217;hiver. Laissez-nous vous offrir une exp\u00e9rience inoubliable qui restera grav\u00e9e dans votre m\u00e9moire pour les ann\u00e9es \u00e0 venir.<\/p>\n","protected":false},"excerpt":{"rendered":"<p>Si vous \u00eates en qu\u00eate d&#8217;une v\u00e9ritable aventure au c\u0153ur de la nature sauvage vous menant vers des contr\u00e9es isol\u00e9es..<\/p>\n","protected":false},"featured_media":18222,"comment_status":"open","ping_status":"closed","template":"","meta":{"_acf_changed":false,"_lmt_disableupdate":"no","_lmt_disable":""},"product_brand":[],"product_cat":[78,90,45],"product_tag":[],"class_list":{"0":"post-18679","1":"product","2":"type-product","3":"status-publish","4":"has-post-thumbnail","6":"product_cat-tours-hiver","7":"product_cat-visiter-le-yukon-canada","8":"product_cat-voyages-aventure","9":"pa_departure-whitehorse","10":"pa_season-printemps","11":"pa_season-hiver","12":"pa_skill-level-aucun","14":"first","15":"instock","16":"virtual","17":"sold-individually","18":"taxable","19":"purchasable","20":"product-type-booking"},"booking_location":"","booking_location_type":"","booking_duration":5,"booking_duration_unit":"day","booking_buffer":0,"booking_cost":0,"booking_resources":[],"exclude_global_add_ons":false,"addons":[{"name":"Type d'H\u00e9bergement","type":"multiple_choice","position":0,"required":true,"title_format":"heading","default":"","description_enable":false,"description":"","placeholder_enable":false,"placeholder":"","display":"select","restrictions_type":"any_text","adjust_price":false,"price":"","price_type":"flat_fee","restrictions":false,"min":"0","max":"0","options":[{"label":"Chambre Double - 2 personnes","price":"8930","price_type":"quantity_based","image":0,"visibility":true},{"label":"Chambre Simple - 1 personne","price":"5305","price_type":"quantity_based","image":0,"visibility":true}],"id":1713436026}],"acf":[],"_links":{"self":[{"href":"https:\/\/www.rubyrange.com\/fr\/wp-json\/wp\/v2\/product\/18679","targetHints":{"allow":["GET"]}}],"collection":[{"href":"https:\/\/www.rubyrange.com\/fr\/wp-json\/wp\/v2\/product"}],"about":[{"href":"https:\/\/www.rubyrange.com\/fr\/wp-json\/wp\/v2\/types\/product"}],"replies":[{"embeddable":true,"href":"https:\/\/www.rubyrange.com\/fr\/wp-json\/wp\/v2\/comments?post=18679"}],"wp:featuredmedia":[{"embeddable":true,"href":"https:\/\/www.rubyrange.com\/fr\/wp-json\/wp\/v2\/media\/18222"}],"wp:attachment":[{"href":"https:\/\/www.rubyrange.com\/fr\/wp-json\/wp\/v2\/media?parent=18679"}],"wp:term":[{"taxonomy":"product_brand","embeddable":true,"href":"https:\/\/www.rubyrange.com\/fr\/wp-json\/wp\/v2\/product_brand?post=18679"},{"taxonomy":"product_cat","embeddable":true,"href":"https:\/\/www.rubyrange.com\/fr\/wp-json\/wp\/v2\/product_cat?post=18679"},{"taxonomy":"product_tag","embeddable":true,"href":"https:\/\/www.rubyrange.com\/fr\/wp-json\/wp\/v2\/product_tag?post=18679"}],"curies":[{"name":"wp","href":"https:\/\/api.w.org\/{rel}","templated":true}]}}