{"id":18835,"date":"2018-08-31T00:00:00","date_gmt":"2018-08-31T08:00:00","guid":{"rendered":"https:\/\/www.rubyrange.com\/?post_type=product&#038;p=18835"},"modified":"2026-04-11T00:57:24","modified_gmt":"2026-04-11T07:57:24","slug":"le-cercle-dor-sud-du-yukon-et-de-lalaska","status":"publish","type":"product","link":"https:\/\/www.rubyrange.com\/fr\/tour\/le-cercle-dor-sud-du-yukon-et-de-lalaska\/","title":{"rendered":"Le Cercle d&#8217;Or &#8211; Sud du Yukon et de l&#8217;Alaska"},"content":{"rendered":"<p>Pour ceux qui ont un emploi du temps un peu plus serr\u00e9, ce voyage aller-retour offre une opportunit\u00e9 unique de d\u00e9couvrir les paysages les plus spectaculaires et les attractions incontournables du sud du Yukon et de la c\u00f4te de l&#8217;Alaska en seulement huit jours. Suivez les traces des prospecteurs et des aventuriers en empruntant la route de Whitehorse \u00e0 Skagway via le col White, puis embarquez sur le traversier du Passage Int\u00e9rieur en direction de Haines avant de rejoindre Haines Junction, o\u00f9 vous serez \u00e9blouis par la beaut\u00e9 des glaciers et des sommets enneig\u00e9s.<\/p>\n<p>Vous aurez \u00e9galement la possibilit\u00e9 de participer \u00e0 un vol touristique optionnel pour survoler certains des plus hauts sommets et des plus vastes glaciers et champs de glace du continent. Cette opportunit\u00e9 offre une perspective in\u00e9gal\u00e9e de d\u00e9couvrir cette r\u00e9gion sauvage. La tourn\u00e9e se conclura l\u00e0 o\u00f9 elle a d\u00e9but\u00e9, \u00e0 Whitehorse, la capitale du Yukon, laissant derri\u00e8re vous des souvenirs inoubliables de cette aventure unique.<\/p>\n","protected":false},"excerpt":{"rendered":"<p>Pour ceux qui ont un emploi du temps un peu plus serr\u00e9, ce voyage aller-retour offre une opportunit\u00e9 unique de..<\/p>\n","protected":false},"featured_media":18830,"comment_status":"open","ping_status":"closed","template":"","meta":{"_acf_changed":false,"_lmt_disableupdate":"no","_lmt_disable":""},"product_brand":[],"product_cat":[47,48,94],"product_tag":[],"class_list":{"0":"post-18835","1":"product","2":"type-product","3":"status-publish","4":"has-post-thumbnail","6":"product_cat-circuits-confort","7":"product_cat-circuits-touristiques-yukon","8":"product_cat-visites-guidees-aines","9":"pa_departure-whitehorse","10":"pa_season-ete","11":"pa_season-automne","12":"pa_skill-level-aucun","14":"first","15":"instock","16":"virtual","17":"sold-individually","18":"taxable","19":"purchasable","20":"product-type-booking"},"booking_location":"","booking_location_type":"","booking_duration":8,"booking_duration_unit":"day","booking_buffer":0,"booking_cost":0,"booking_resources":[],"exclude_global_add_ons":false,"addons":[{"name":"Type d'H\u00e9bergement","type":"multiple_choice","position":0,"required":true,"title_format":"heading","default":"","description_enable":false,"description":"","placeholder_enable":false,"placeholder":"","display":"select","restrictions_type":"any_text","adjust_price":false,"price":"","price_type":"flat_fee","restrictions":false,"min":"0","max":"0","options":[{"label":"Chambre double - 2 Personnes","price":"7580","price_type":"quantity_based","image":0,"visibility":true},{"label":"Chambre Simple - 1 Personne","price":"5080","price_type":"quantity_based","image":0,"visibility":true},{"label":"Chambre triple - 3 Personnes","price":"10530","price_type":"quantity_based","image":0,"visibility":true}],"id":1712893070}],"acf":[],"_links":{"self":[{"href":"https:\/\/www.rubyrange.com\/fr\/wp-json\/wp\/v2\/product\/18835","targetHints":{"allow":["GET"]}}],"collection":[{"href":"https:\/\/www.rubyrange.com\/fr\/wp-json\/wp\/v2\/product"}],"about":[{"href":"https:\/\/www.rubyrange.com\/fr\/wp-json\/wp\/v2\/types\/product"}],"replies":[{"embeddable":true,"href":"https:\/\/www.rubyrange.com\/fr\/wp-json\/wp\/v2\/comments?post=18835"}],"wp:featuredmedia":[{"embeddable":true,"href":"https:\/\/www.rubyrange.com\/fr\/wp-json\/wp\/v2\/media\/18830"}],"wp:attachment":[{"href":"https:\/\/www.rubyrange.com\/fr\/wp-json\/wp\/v2\/media?parent=18835"}],"wp:term":[{"taxonomy":"product_brand","embeddable":true,"href":"https:\/\/www.rubyrange.com\/fr\/wp-json\/wp\/v2\/product_brand?post=18835"},{"taxonomy":"product_cat","embeddable":true,"href":"https:\/\/www.rubyrange.com\/fr\/wp-json\/wp\/v2\/product_cat?post=18835"},{"taxonomy":"product_tag","embeddable":true,"href":"https:\/\/www.rubyrange.com\/fr\/wp-json\/wp\/v2\/product_tag?post=18835"}],"curies":[{"name":"wp","href":"https:\/\/api.w.org\/{rel}","templated":true}]}}