{"id":27940,"date":"2020-02-07T14:04:30","date_gmt":"2020-02-07T22:04:30","guid":{"rendered":"https:\/\/www.rubyrange.com\/tour\/rocheuses-du-nord-ouest\/"},"modified":"2025-09-13T10:35:17","modified_gmt":"2025-09-13T17:35:17","slug":"rocheuses-du-nord-fortstjohn-whitehorse","status":"publish","type":"product","link":"https:\/\/www.rubyrange.com\/fr\/tour\/rocheuses-du-nord-fortstjohn-whitehorse\/","title":{"rendered":"Rocheuses du Nord &#8211; Fort St. John &#8211; Whitehorse"},"content":{"rendered":"<p>Plongez dans une semaine d&#8217;aventure le long de la c\u00e9l\u00e8bre route de l&#8217;Alaska, entre Whitehorse et Fort St. John, avec cette exp\u00e9rience hivernale in\u00e9dite. Vous vivrez l&#8217;excitation d&#8217;une excursion en motoneige \u00e0 travers les paysages immacul\u00e9s du Yukon, d\u00e9couvrirez la riche histoire de la capitale et aurez la chance d&#8217;observer la faune locale. Notre p\u00e9riple nous m\u00e8ne ensuite \u00e0 un lodge isol\u00e9 nich\u00e9 dans l&#8217;une des r\u00e9gions les plus recul\u00e9es et spectaculaires du nord de la Colombie-Britannique: Muncho Lake.<\/p>\n<p>\u00c0 Muncho Lake, une multitude d&#8217;activit\u00e9s hivernales vous attendent, allant des bains dans les sources thermales de Liard, \u00e0 la d\u00e9gustation de d\u00e9lices culinaires, en passant par des moments chaleureux autour du feu de camp. Vous aurez \u00e9galement l\u2019opportunit\u00e9 de survoler les paysages \u00e9poustouflants de la r\u00e9gion dans un avion de brousse. Rejoignez un petit groupe de voyageurs pour cette nouvelle et excitante aventure hivernale!<\/p>\n","protected":false},"excerpt":{"rendered":"<p>Plongez dans une semaine d&#8217;aventure le long de la c\u00e9l\u00e8bre route de l&#8217;Alaska, entre Whitehorse et Fort St. John, avec..<\/p>\n","protected":false},"featured_media":27881,"comment_status":"open","ping_status":"closed","template":"","meta":{"_acf_changed":false,"_lmt_disableupdate":"no","_lmt_disable":""},"product_brand":[],"product_cat":[47,48,78,90],"product_tag":[],"class_list":{"0":"post-27940","1":"product","2":"type-product","3":"status-publish","4":"has-post-thumbnail","6":"product_cat-circuits-confort","7":"product_cat-circuits-touristiques-yukon","8":"product_cat-tours-hiver","9":"product_cat-visiter-le-yukon-canada","10":"pa_departure-fort-st-john-fr","11":"pa_season-hiver","12":"pa_skill-level-aucun","14":"first","15":"instock","16":"virtual","17":"sold-individually","18":"taxable","19":"purchasable","20":"product-type-booking"},"booking_location":"","booking_location_type":"","booking_duration":7,"booking_duration_unit":"day","booking_buffer":0,"booking_cost":0,"booking_resources":[],"exclude_global_add_ons":false,"addons":[{"name":"Type d'H\u00e9bergement","type":"multiple_choice","position":0,"required":true,"title_format":"heading","default":"","description_enable":false,"description":"","placeholder_enable":false,"placeholder":"","display":"select","restrictions_type":"any_text","adjust_price":false,"price":"","price_type":"flat_fee","restrictions":false,"min":"0","max":"0","options":[{"label":"Chambre Double - 2 Personnes","price":"9780","price_type":"quantity_based","image":0,"visibility":true},{"label":"Chambre Simple - 1 Personne","price":"5835","price_type":"quantity_based","image":0,"visibility":true}],"id":1713432035}],"acf":[],"_links":{"self":[{"href":"https:\/\/www.rubyrange.com\/fr\/wp-json\/wp\/v2\/product\/27940","targetHints":{"allow":["GET"]}}],"collection":[{"href":"https:\/\/www.rubyrange.com\/fr\/wp-json\/wp\/v2\/product"}],"about":[{"href":"https:\/\/www.rubyrange.com\/fr\/wp-json\/wp\/v2\/types\/product"}],"replies":[{"embeddable":true,"href":"https:\/\/www.rubyrange.com\/fr\/wp-json\/wp\/v2\/comments?post=27940"}],"wp:featuredmedia":[{"embeddable":true,"href":"https:\/\/www.rubyrange.com\/fr\/wp-json\/wp\/v2\/media\/27881"}],"wp:attachment":[{"href":"https:\/\/www.rubyrange.com\/fr\/wp-json\/wp\/v2\/media?parent=27940"}],"wp:term":[{"taxonomy":"product_brand","embeddable":true,"href":"https:\/\/www.rubyrange.com\/fr\/wp-json\/wp\/v2\/product_brand?post=27940"},{"taxonomy":"product_cat","embeddable":true,"href":"https:\/\/www.rubyrange.com\/fr\/wp-json\/wp\/v2\/product_cat?post=27940"},{"taxonomy":"product_tag","embeddable":true,"href":"https:\/\/www.rubyrange.com\/fr\/wp-json\/wp\/v2\/product_tag?post=27940"}],"curies":[{"name":"wp","href":"https:\/\/api.w.org\/{rel}","templated":true}]}}