{"id":28632,"date":"2020-03-23T20:22:40","date_gmt":"2020-03-24T04:22:40","guid":{"rendered":"https:\/\/www.rubyrange.com\/tour\/pionts-forts-alaska-yukon\/"},"modified":"2025-09-14T13:17:52","modified_gmt":"2025-09-14T20:17:52","slug":"pionts-forts-alaska-yukon","status":"publish","type":"product","link":"https:\/\/www.rubyrange.com\/fr\/tour\/pionts-forts-alaska-yukon\/","title":{"rendered":"Les Points Forts de l&#8217;Alaska et du Yukon"},"content":{"rendered":"<p>Partez \u00e0 la d\u00e9couverte des vastes et vari\u00e9s paysages du Yukon et de l&#8217;Alaska lors d&#8217;une excursion nordique de deux semaines, offrant une exp\u00e9rience extraordinaire et abordable! Traversez des routes isol\u00e9es, profitez de feux de camp et d\u00e9lectez-vous d&#8217;une cuisine de camping raffin\u00e9e au c\u0153ur de magnifiques r\u00e9serves naturelles. Plongez dans l&#8217;atmosph\u00e8re des c\u00e9l\u00e8bres villes de la ru\u00e9e vers l&#8217;or du Klondike, o\u00f9 l&#8217;esprit de cette \u00e9poque r\u00e9sonne encore aujourd&#8217;hui. Explorez tous les points forts de cette r\u00e9gion, de la c\u00f4te Pacifique \u00e0 la toundra arctique, lors de ce voyage en camping de 15 jours.<\/p>\n<p>Nous proposons une version de ce tour d\u00e9butant \u00e0 Whitehorse, Yukon, pour une immersion totale dans cette aventure captivante avec <a href=\"https:\/\/www.rubyrange.com\/fr\/tour\/points-forts-yukon-alaska\/\">Les Points Forts du Yukon et de l&#8217;Alaska<\/a>.<\/p>\n<p>&nbsp;<\/p>\n","protected":false},"excerpt":{"rendered":"<p>Partez \u00e0 la d\u00e9couverte des vastes et vari\u00e9s paysages du Yukon et de l&#8217;Alaska lors d&#8217;une excursion nordique de deux..<\/p>\n","protected":false},"featured_media":28603,"comment_status":"open","ping_status":"closed","template":"","meta":{"_acf_changed":false,"_lmt_disableupdate":"no","_lmt_disable":""},"product_brand":[],"product_cat":[89,67,91,90,45],"product_tag":[],"class_list":{"0":"post-28632","1":"product","2":"type-product","3":"status-publish","4":"has-post-thumbnail","6":"product_cat-visites-guidees-en-alaska","7":"product_cat-randonnees-pedestres","8":"product_cat-visites-guidees-parcs-nationaux-du-canada","9":"product_cat-visiter-le-yukon-canada","10":"product_cat-voyages-aventure","11":"pa_departure-anchorage-fr","12":"pa_season-ete","13":"pa_season-printemps","14":"pa_skill-level-debutant","16":"first","17":"instock","18":"virtual","19":"sold-individually","20":"taxable","21":"purchasable","22":"product-type-booking"},"booking_location":"","booking_location_type":"","booking_duration":15,"booking_duration_unit":"day","booking_buffer":0,"booking_cost":0,"booking_resources":[],"exclude_global_add_ons":false,"addons":[{"name":"Type d'h\u00e9bergement","type":"multiple_choice","position":0,"required":true,"title_format":"heading","default":"","description_enable":false,"description":"","placeholder_enable":false,"placeholder":"","display":"select","restrictions_type":"any_text","adjust_price":false,"price":"","price_type":"flat_fee","restrictions":false,"min":"0","max":"0","options":[{"label":"1\/2 Chambre \/ Tente Double - 1 Personne","price":"4105","price_type":"quantity_based","image":0,"visibility":true},{"label":"Chambre \/ Tente Double - 2 personnes","price":"8210","price_type":"quantity_based","image":0,"visibility":true},{"label":"Chambre \/ Tente Simple - 1 personne","price":"4645","price_type":"quantity_based","image":0,"visibility":true}],"id":1715683022}],"acf":[],"_links":{"self":[{"href":"https:\/\/www.rubyrange.com\/fr\/wp-json\/wp\/v2\/product\/28632","targetHints":{"allow":["GET"]}}],"collection":[{"href":"https:\/\/www.rubyrange.com\/fr\/wp-json\/wp\/v2\/product"}],"about":[{"href":"https:\/\/www.rubyrange.com\/fr\/wp-json\/wp\/v2\/types\/product"}],"replies":[{"embeddable":true,"href":"https:\/\/www.rubyrange.com\/fr\/wp-json\/wp\/v2\/comments?post=28632"}],"wp:featuredmedia":[{"embeddable":true,"href":"https:\/\/www.rubyrange.com\/fr\/wp-json\/wp\/v2\/media\/28603"}],"wp:attachment":[{"href":"https:\/\/www.rubyrange.com\/fr\/wp-json\/wp\/v2\/media?parent=28632"}],"wp:term":[{"taxonomy":"product_brand","embeddable":true,"href":"https:\/\/www.rubyrange.com\/fr\/wp-json\/wp\/v2\/product_brand?post=28632"},{"taxonomy":"product_cat","embeddable":true,"href":"https:\/\/www.rubyrange.com\/fr\/wp-json\/wp\/v2\/product_cat?post=28632"},{"taxonomy":"product_tag","embeddable":true,"href":"https:\/\/www.rubyrange.com\/fr\/wp-json\/wp\/v2\/product_tag?post=28632"}],"curies":[{"name":"wp","href":"https:\/\/api.w.org\/{rel}","templated":true}]}}