{"id":28690,"date":"2017-07-25T00:00:00","date_gmt":"2017-07-25T08:00:00","guid":{"rendered":"https:\/\/www.rubyrange.com\/tour\/riviere-hess-appel-de-la-nature\/"},"modified":"2025-09-19T15:25:56","modified_gmt":"2025-09-19T22:25:56","slug":"riviere-hess-appel-de-la-nature","status":"publish","type":"product","link":"https:\/\/www.rubyrange.com\/fr\/tour\/riviere-hess-appel-de-la-nature\/","title":{"rendered":"Rivi\u00e8re Hess &#8211; L&#8217;Appel de la Nature"},"content":{"rendered":"<p>Imaginez-vous dans un lieu o\u00f9 peu ont la chance d&#8217;aller, o\u00f9 le paysage vous guide dans la nature sauvage du Nord et o\u00f9 vous pourrez mettre \u00e0 l&#8217;\u00e9preuve vos comp\u00e9tences en cano\u00eb sur l&#8217;une des rivi\u00e8res les plus excitantes du Yukon. Imaginez-vous sur la rivi\u00e8re Hess.<\/p>\n<p>Loin du dernier signe de civilisation du Yukon et entour\u00e9e de certaines des plus hautes montagnes de la r\u00e9gion, la rivi\u00e8re Hess vous emm\u00e8nera loin de tout et plus pr\u00e8s de vous-m\u00eame. Notre aventure d\u00e9butera par une journ\u00e9e de pratique et d&#8217;entra\u00eenement sur la rivi\u00e8re Wheaton, pr\u00e8s de Whitehorse, o\u00f9 vous pourrez rafra\u00eechir vos connaissances et vous pr\u00e9parer pour les jours \u00e0 venir.<\/p>\n<p>\u00c0 partir de Mayo, nous prendrons un hydravion jusqu&#8217;au lac Keele, nich\u00e9 sur les pentes de l&#8217;impressionnante montagne Keele, qui fait partie des montagnes Selwyn, la deuxi\u00e8me cha\u00eene la plus haute du Yukon. Le pic glaciaire Keele domine l&#8217;horizon avec ses cr\u00eates tranchantes. Lichen, saule et bouleaux dominent les hauteurs au-dessus de la limite des arbres, o\u00f9 le caribou de montagne a \u00e9lu domicile. La vall\u00e9e fluviale regorge d&#8217;habitats pour l&#8217;orignal, le lynx, la martre et le castor. Depuis le point de mise \u00e0 l&#8217;eau, la rivi\u00e8re Hess regorge de rapides presque tout au long de sa descente.<\/p>\n<p>Cette r\u00e9gion est le territoire traditionnel des Premi\u00e8res Nations Kaska Dena et Nacho N&#8217;y&#8217;ak Dun. Juste au-dessus du ruisseau Keele, la rivi\u00e8re prend en volume et en pente alors qu&#8217;elle s&#8217;engage dans un tron\u00e7on continu d&#8217;eaux vives tr\u00e8s techniques. Les possibilit\u00e9s de randonn\u00e9es abondent dans la cha\u00eene Rogue, o\u00f9 des pics accident\u00e9s et enneig\u00e9s offrent des vues spectaculaires avant que la rivi\u00e8re Hess ne quitte les montagnes pour p\u00e9n\u00e9trer dans le plateau du nord du Yukon. Cette section comprend \u00e9galement de grands rapides et de magnifiques canyons. Le courant reste rapide jusqu&#8217;\u00e0 la rivi\u00e8re Stewart, o\u00f9 il ralentit finalement. Le voyage se termine \u00e0 Mayo, puis nous retournerons \u00e0 Whitehorse pour passer deux nuits \u00e0 l&#8217;h\u00f4tel, o\u00f9 vous pourrez profiter de l&#8217;histoire, de la culture locale et de la d\u00e9licieuse cuisine.<\/p>\n","protected":false},"excerpt":{"rendered":"<p>Imaginez-vous dans un lieu o\u00f9 peu ont la chance d&#8217;aller, o\u00f9 le paysage vous guide dans la nature sauvage du..<\/p>\n","protected":false},"featured_media":11158,"comment_status":"open","ping_status":"closed","template":"","meta":{"_acf_changed":false,"_lmt_disableupdate":"no","_lmt_disable":""},"product_brand":[],"product_cat":[92,45,46],"product_tag":[],"class_list":{"0":"post-28690","1":"product","2":"type-product","3":"status-publish","4":"has-post-thumbnail","6":"product_cat-excursions-milieu-sauvage","7":"product_cat-voyages-aventure","8":"product_cat-excursions-canot","9":"pa_departure-whitehorse","10":"pa_season-ete","11":"pa_skill-level-expert-fr","13":"first","14":"instock","15":"virtual","16":"sold-individually","17":"taxable","18":"purchasable","19":"product-type-booking"},"booking_location":"","booking_location_type":"","booking_duration":22,"booking_duration_unit":"day","booking_buffer":0,"booking_cost":0,"booking_resources":[],"exclude_global_add_ons":false,"addons":[{"name":"Type d'h\u00e9bergement","type":"multiple_choice","position":0,"required":false,"title_format":"heading","default":"","description_enable":false,"description":"","placeholder_enable":false,"placeholder":"","display":"select","restrictions_type":"any_text","adjust_price":false,"price":"","price_type":"flat_fee","restrictions":false,"min":"0","max":"0","options":[{"label":"1\/2 Double Room \/ Tent - 1 Personne","price":"8545","price_type":"quantity_based","image":0,"visibility":true},{"label":"Chambre \/ Tente Double - 2 Personnes","price":"17090","price_type":"quantity_based","image":0,"visibility":true},{"label":"Chambre \/ Tente Simple - 1 Personne","price":"9205","price_type":"quantity_based","image":0,"visibility":true}],"id":1713201141}],"acf":[],"_links":{"self":[{"href":"https:\/\/www.rubyrange.com\/fr\/wp-json\/wp\/v2\/product\/28690","targetHints":{"allow":["GET"]}}],"collection":[{"href":"https:\/\/www.rubyrange.com\/fr\/wp-json\/wp\/v2\/product"}],"about":[{"href":"https:\/\/www.rubyrange.com\/fr\/wp-json\/wp\/v2\/types\/product"}],"replies":[{"embeddable":true,"href":"https:\/\/www.rubyrange.com\/fr\/wp-json\/wp\/v2\/comments?post=28690"}],"wp:featuredmedia":[{"embeddable":true,"href":"https:\/\/www.rubyrange.com\/fr\/wp-json\/wp\/v2\/media\/11158"}],"wp:attachment":[{"href":"https:\/\/www.rubyrange.com\/fr\/wp-json\/wp\/v2\/media?parent=28690"}],"wp:term":[{"taxonomy":"product_brand","embeddable":true,"href":"https:\/\/www.rubyrange.com\/fr\/wp-json\/wp\/v2\/product_brand?post=28690"},{"taxonomy":"product_cat","embeddable":true,"href":"https:\/\/www.rubyrange.com\/fr\/wp-json\/wp\/v2\/product_cat?post=28690"},{"taxonomy":"product_tag","embeddable":true,"href":"https:\/\/www.rubyrange.com\/fr\/wp-json\/wp\/v2\/product_tag?post=28690"}],"curies":[{"name":"wp","href":"https:\/\/api.w.org\/{rel}","templated":true}]}}