{"id":28701,"date":"2017-07-10T00:00:00","date_gmt":"2017-07-10T08:00:00","guid":{"rendered":"https:\/\/www.rubyrange.com\/tour\/yukon-en-images-atelier-photographie\/"},"modified":"2025-09-19T16:46:24","modified_gmt":"2025-09-19T23:46:24","slug":"yukon-en-images-atelier-photographie","status":"publish","type":"product","link":"https:\/\/www.rubyrange.com\/fr\/tour\/yukon-en-images-atelier-photographie\/","title":{"rendered":"Yukon en Images &#8211; Atelier de Photographie"},"content":{"rendered":"<p>Avez-vous d\u00e9j\u00e0 envisag\u00e9 de perfectionner vos comp\u00e9tences en photographie afin de capturer de mani\u00e8re plus immersive les moments les plus saisissants de vos voyages? C&#8217;est pr\u00e9cis\u00e9ment l&#8217;objectif de notre atelier de photographie. Con\u00e7u comme un compl\u00e9ment id\u00e9al \u00e0 nos voyages d&#8217;aventure, cet atelier vous permettra de mettre en pratique vos nouvelles connaissances pour immortaliser tous les moments sp\u00e9ciaux de mani\u00e8re encore plus magistrale.<\/p>\n<p>En tant que photographe amateur, quoi de mieux que d&#8217;apprendre en pr\u00e9sence de paysages grandioses et inspirants? Gr\u00e2ce \u00e0 des enseignements approfondis sur la technique et la composition photographique, vous perfectionnerez vos comp\u00e9tences pour cr\u00e9er des clich\u00e9s d&#8217;une qualit\u00e9 exceptionnelle. De plus, nos divers itin\u00e9raires de voyage en Alaska et dans le territoire du Yukon vous offrent une occasion id\u00e9ale de pratiquer vos connaissances fra\u00eechement acquises.<\/p>\n","protected":false},"excerpt":{"rendered":"<p>Avez-vous d\u00e9j\u00e0 envisag\u00e9 de perfectionner vos comp\u00e9tences en photographie afin de capturer de mani\u00e8re plus immersive les moments les plus..<\/p>\n","protected":false},"featured_media":11655,"comment_status":"open","ping_status":"closed","template":"","meta":{"_acf_changed":false,"_lmt_disableupdate":"no","_lmt_disable":""},"product_brand":[],"product_cat":[47,48],"product_tag":[],"class_list":{"0":"post-28701","1":"product","2":"type-product","3":"status-publish","4":"has-post-thumbnail","6":"product_cat-circuits-confort","7":"product_cat-circuits-touristiques-yukon","8":"pa_departure-whitehorse","9":"pa_season-ete","10":"pa_season-automne","11":"pa_skill-level-aucun","13":"first","14":"instock","15":"virtual","16":"sold-individually","17":"taxable","18":"purchasable","19":"product-type-booking"},"booking_location":"","booking_location_type":"","booking_duration":4,"booking_duration_unit":"day","booking_buffer":0,"booking_cost":0,"booking_resources":[],"exclude_global_add_ons":false,"addons":[{"name":"Type d'H\u00e9bergement","type":"multiple_choice","position":0,"required":true,"title_format":"heading","default":"","description_enable":false,"description":"","placeholder_enable":false,"placeholder":"","display":"select","restrictions_type":"any_text","adjust_price":false,"price":"","price_type":"flat_fee","restrictions":false,"min":"0","max":"0","options":[{"label":"Chambre Double - 2 Personnes","price":"3130","price_type":"quantity_based","image":0,"visibility":true},{"label":"Chambre Simple - 1 Personne","price":"1950","price_type":"quantity_based","image":0,"visibility":true}],"id":1712947118}],"acf":[],"_links":{"self":[{"href":"https:\/\/www.rubyrange.com\/fr\/wp-json\/wp\/v2\/product\/28701","targetHints":{"allow":["GET"]}}],"collection":[{"href":"https:\/\/www.rubyrange.com\/fr\/wp-json\/wp\/v2\/product"}],"about":[{"href":"https:\/\/www.rubyrange.com\/fr\/wp-json\/wp\/v2\/types\/product"}],"replies":[{"embeddable":true,"href":"https:\/\/www.rubyrange.com\/fr\/wp-json\/wp\/v2\/comments?post=28701"}],"wp:featuredmedia":[{"embeddable":true,"href":"https:\/\/www.rubyrange.com\/fr\/wp-json\/wp\/v2\/media\/11655"}],"wp:attachment":[{"href":"https:\/\/www.rubyrange.com\/fr\/wp-json\/wp\/v2\/media?parent=28701"}],"wp:term":[{"taxonomy":"product_brand","embeddable":true,"href":"https:\/\/www.rubyrange.com\/fr\/wp-json\/wp\/v2\/product_brand?post=28701"},{"taxonomy":"product_cat","embeddable":true,"href":"https:\/\/www.rubyrange.com\/fr\/wp-json\/wp\/v2\/product_cat?post=28701"},{"taxonomy":"product_tag","embeddable":true,"href":"https:\/\/www.rubyrange.com\/fr\/wp-json\/wp\/v2\/product_tag?post=28701"}],"curies":[{"name":"wp","href":"https:\/\/api.w.org\/{rel}","templated":true}]}}