{"id":28717,"date":"2017-02-02T00:00:00","date_gmt":"2017-02-02T08:00:00","guid":{"rendered":"https:\/\/www.rubyrange.com\/tour\/yukon-fishing-safari-guided-fishing-in-canadas-yukon\/"},"modified":"2025-09-19T16:53:09","modified_gmt":"2025-09-19T23:53:09","slug":"safari-de-peche-yukon-excursion-guidee","status":"publish","type":"product","link":"https:\/\/www.rubyrange.com\/fr\/tour\/safari-de-peche-yukon-excursion-guidee\/","title":{"rendered":"Safari de P\u00eache au Yukon- Excursion Guid\u00e9e"},"content":{"rendered":"<p>Le territoire canadien du Yukon est une destination de p\u00eache sportive de renomm\u00e9e mondiale, offrant un v\u00e9ritable paradis pour les amateurs de p\u00eache \u00e0 la ligne. Avec ses rivi\u00e8res et ses lacs vierges, le Yukon abrite des eaux riches en poissons troph\u00e9es, tels que les truites de lac, les ombres arctiques, les grands brochets, les truites arc-en-ciel et les saumons. Ici, vous pourrez p\u00eacher loin des foules, dans des eaux propres et froides o\u00f9 les poissons restent pr\u00e8s de la surface pendant toute la saison de p\u00eache, qui s&#8217;\u00e9tend de fin mai \u00e0 mi-septembre.<\/p>\n<p>Si vous \u00eates \u00e0 la recherche d&#8217;une exp\u00e9rience de p\u00eache inoubliable et que vous souhaitez explorer des endroits au-del\u00e0 des itin\u00e9raires touristiques habituels, nos fantastiques voyages de p\u00eache au Yukon sont faits pour vous. D\u00e9couvrez la terre du soleil de minuit, avec ses paysages magiques et myst\u00e9rieux, ses rivi\u00e8res majestueuses, ses lacs d&#8217;un bleu profond et ses magnifiques paysages alpins. Nos guides de p\u00eache locaux vous emm\u00e8neront visiter des endroits spectaculaires, vous permettant de vivre des aventures exceptionnelles.<\/p>\n<p>Nous proposons \u00e9galement des voyages de p\u00eache non guid\u00e9es dans des r\u00e9gions sauvages et \u00e9loign\u00e9es, pour ceux qui recherchent une exp\u00e9rience diff\u00e9rente. Que vous pr\u00e9f\u00e9riez une cabane rustique ou un pavillon de premi\u00e8re classe avec un acc\u00e8s par avion, nous pouvons vous aider \u00e0 organiser le voyage de p\u00eache de vos r\u00eaves.<\/p>\n<p>Notre safari de 8 jours combine la p\u00eache dans des r\u00e9gions sauvages recul\u00e9es avec le confort d&#8217;un h\u00e9bergement en h\u00f4tel offrant une cuisine de premi\u00e8re classe. Vous pourrez ainsi profiter du meilleur des deux mondes lors ce ce voyage m\u00e9morable.<\/p>\n","protected":false},"excerpt":{"rendered":"<p>Le territoire canadien du Yukon est une destination de p\u00eache sportive de renomm\u00e9e mondiale, offrant un v\u00e9ritable paradis pour les..<\/p>\n","protected":false},"featured_media":28734,"comment_status":"open","ping_status":"closed","template":"","meta":{"_acf_changed":false,"_lmt_disableupdate":"no","_lmt_disable":""},"product_brand":[],"product_cat":[88,90,45],"product_tag":[],"class_list":{"0":"post-28717","1":"product","2":"type-product","3":"status-publish","4":"has-post-thumbnail","6":"product_cat-peche-yukon","7":"product_cat-visiter-le-yukon-canada","8":"product_cat-voyages-aventure","9":"pa_departure-whitehorse","10":"pa_season-ete","11":"pa_season-automne","12":"pa_skill-level-aucun","14":"first","15":"instock","16":"virtual","17":"sold-individually","18":"taxable","19":"purchasable","20":"product-type-booking"},"booking_location":"","booking_location_type":"","booking_duration":8,"booking_duration_unit":"day","booking_buffer":0,"booking_cost":0,"booking_resources":[],"exclude_global_add_ons":false,"addons":[{"name":"Type d'H\u00e9bergement","type":"multiple_choice","position":0,"required":true,"title_format":"heading","default":"","description_enable":false,"description":"","placeholder_enable":false,"placeholder":"","display":"select","restrictions_type":"any_text","adjust_price":false,"price":"","price_type":"flat_fee","restrictions":false,"min":"0","max":"0","options":[{"label":"Chambre Double - 2 Personnes","price":"9010","price_type":"quantity_based","image":0,"visibility":true},{"label":"Chambre Simple - 1 Personne","price":"5770","price_type":"quantity_based","image":0,"visibility":true}],"id":1713366183}],"acf":[],"_links":{"self":[{"href":"https:\/\/www.rubyrange.com\/fr\/wp-json\/wp\/v2\/product\/28717","targetHints":{"allow":["GET"]}}],"collection":[{"href":"https:\/\/www.rubyrange.com\/fr\/wp-json\/wp\/v2\/product"}],"about":[{"href":"https:\/\/www.rubyrange.com\/fr\/wp-json\/wp\/v2\/types\/product"}],"replies":[{"embeddable":true,"href":"https:\/\/www.rubyrange.com\/fr\/wp-json\/wp\/v2\/comments?post=28717"}],"wp:featuredmedia":[{"embeddable":true,"href":"https:\/\/www.rubyrange.com\/fr\/wp-json\/wp\/v2\/media\/28734"}],"wp:attachment":[{"href":"https:\/\/www.rubyrange.com\/fr\/wp-json\/wp\/v2\/media?parent=28717"}],"wp:term":[{"taxonomy":"product_brand","embeddable":true,"href":"https:\/\/www.rubyrange.com\/fr\/wp-json\/wp\/v2\/product_brand?post=28717"},{"taxonomy":"product_cat","embeddable":true,"href":"https:\/\/www.rubyrange.com\/fr\/wp-json\/wp\/v2\/product_cat?post=28717"},{"taxonomy":"product_tag","embeddable":true,"href":"https:\/\/www.rubyrange.com\/fr\/wp-json\/wp\/v2\/product_tag?post=28717"}],"curies":[{"name":"wp","href":"https:\/\/api.w.org\/{rel}","templated":true}]}}