{"id":28886,"date":"2017-07-08T01:23:56","date_gmt":"2017-07-08T01:23:56","guid":{"rendered":"https:\/\/www.rubyrange.com\/tour\/decouverte-yukon-territoires-nord-ouest\/"},"modified":"2026-04-20T09:11:34","modified_gmt":"2026-04-20T16:11:34","slug":"decouverte-yukon-territoires-nord-ouest","status":"publish","type":"product","link":"https:\/\/www.rubyrange.com\/fr\/tour\/decouverte-yukon-territoires-nord-ouest\/","title":{"rendered":"D\u00e9couverte du Yukon &#038; des Territoires du Nord-Ouest"},"content":{"rendered":"<p>Partez \u00e0 la d\u00e9couverte de l&#8217;extraordinaire Nord du Canada en empruntant des routes panoramiques qui retracent les anciens chemins des \u00e9changes commerciaux et les sentiers historiques de la ru\u00e9e vers l&#8217;or. Explorez les majestueuses chutes d&#8217;eau des Territoires du Nord-Ouest le long d&#8217;une route spectaculaire, traversant des paysages vierges et sauvages \u00e0 perte de vue. Laissez-vous impr\u00e9gner par la beaut\u00e9 naturelle environnante et gardez un \u0153il ouvert pour apercevoir des animaux sauvages tout au long de votre p\u00e9riple. Embarquez dans une v\u00e9ritable aventure nordique au Canada!<\/p>\n","protected":false},"excerpt":{"rendered":"<p>Partez \u00e0 la d\u00e9couverte de l&#8217;extraordinaire Nord du Canada en empruntant des routes panoramiques qui retracent les anciens chemins des..<\/p>\n","protected":false},"featured_media":28891,"comment_status":"open","ping_status":"closed","template":"","meta":{"_acf_changed":false,"_lmt_disableupdate":"no","_lmt_disable":""},"product_brand":[],"product_cat":[48],"product_tag":[],"class_list":{"0":"post-28886","1":"product","2":"type-product","3":"status-publish","4":"has-post-thumbnail","6":"product_cat-circuits-touristiques-yukon","7":"pa_departure-whitehorse","8":"pa_season-ete","9":"pa_skill-level-aucun","11":"first","12":"instock","13":"virtual","14":"sold-individually","15":"taxable","16":"purchasable","17":"product-type-booking"},"booking_location":"","booking_location_type":"","booking_duration":15,"booking_duration_unit":"day","booking_buffer":0,"booking_cost":0,"booking_resources":[],"exclude_global_add_ons":false,"addons":[{"name":"Type d'h\u00e9bergement","type":"multiple_choice","position":0,"required":true,"title_format":"heading","default":"","description_enable":false,"description":"","placeholder_enable":false,"placeholder":"","display":"select","restrictions_type":"any_text","adjust_price":false,"price":"","price_type":"flat_fee","restrictions":false,"min":"0","max":"0","options":[{"label":"Chambre Double - 2 Personnes","price":"10270","price_type":"quantity_based","image":0,"visibility":true},{"label":"Chambre Simple - 1 Personne","price":"7530","price_type":"quantity_based","image":0,"visibility":true},{"label":"Chambre Tripple - 3 Personnes","price":"14250","price_type":"quantity_based","image":0,"visibility":true}],"id":1712936936}],"acf":[],"_links":{"self":[{"href":"https:\/\/www.rubyrange.com\/fr\/wp-json\/wp\/v2\/product\/28886","targetHints":{"allow":["GET"]}}],"collection":[{"href":"https:\/\/www.rubyrange.com\/fr\/wp-json\/wp\/v2\/product"}],"about":[{"href":"https:\/\/www.rubyrange.com\/fr\/wp-json\/wp\/v2\/types\/product"}],"replies":[{"embeddable":true,"href":"https:\/\/www.rubyrange.com\/fr\/wp-json\/wp\/v2\/comments?post=28886"}],"wp:featuredmedia":[{"embeddable":true,"href":"https:\/\/www.rubyrange.com\/fr\/wp-json\/wp\/v2\/media\/28891"}],"wp:attachment":[{"href":"https:\/\/www.rubyrange.com\/fr\/wp-json\/wp\/v2\/media?parent=28886"}],"wp:term":[{"taxonomy":"product_brand","embeddable":true,"href":"https:\/\/www.rubyrange.com\/fr\/wp-json\/wp\/v2\/product_brand?post=28886"},{"taxonomy":"product_cat","embeddable":true,"href":"https:\/\/www.rubyrange.com\/fr\/wp-json\/wp\/v2\/product_cat?post=28886"},{"taxonomy":"product_tag","embeddable":true,"href":"https:\/\/www.rubyrange.com\/fr\/wp-json\/wp\/v2\/product_tag?post=28886"}],"curies":[{"name":"wp","href":"https:\/\/api.w.org\/{rel}","templated":true}]}}