{"id":29146,"date":"2017-02-02T00:00:00","date_gmt":"2017-02-02T08:00:00","guid":{"rendered":"https:\/\/www.rubyrange.com\/tour\/alaska-la-grande-terre\/"},"modified":"2025-09-12T07:03:22","modified_gmt":"2025-09-12T14:03:22","slug":"alaska-la-grande-terre","status":"publish","type":"product","link":"https:\/\/www.rubyrange.com\/fr\/tour\/alaska-la-grande-terre\/","title":{"rendered":"Alaska, la grande terre"},"content":{"rendered":"<p>Les images \u00e9voqu\u00e9es lorsqu&#8217;on parle de l&#8217;Alaska sont tout simplement magnifiques. Il faut imaginer des immenses glaciers aux crevasses profondes, des saumons bondissant dans la gueule des ours, des montagnes aux sommets enneig\u00e9s, des baleines \u00e9mergeant des mers glaciales, la fi\u00e8vre de l&#8217;or et les fascinantes cultures autochtones qui vivent en harmonie avec la terre. Tout cela, et bien plus encore, fait de l&#8217;Alaska une destination incontournable. Venez d\u00e9couvrir par vous-m\u00eame pourquoi tant de gens sont captiv\u00e9s par ces paysages impressionnants!<\/p>\n<p>Nich\u00e9e entre six cha\u00eenes de montagnes et bord\u00e9e par la mer de B\u00e9ring, Anchorage offre plus de 60 glaciers, une abondance d&#8217;animaux sauvages et une collection de volcans \u00e0 proximit\u00e9. C&#8217;est le point de d\u00e9part de votre incroyable aventure!<\/p>\n","protected":false},"excerpt":{"rendered":"<p>Les images \u00e9voqu\u00e9es lorsqu&#8217;on parle de l&#8217;Alaska sont tout simplement magnifiques. Il faut imaginer des immenses glaciers aux crevasses profondes,..<\/p>\n","protected":false},"featured_media":29154,"comment_status":"open","ping_status":"closed","template":"","meta":{"_acf_changed":false,"_lmt_disableupdate":"no","_lmt_disable":""},"product_brand":[],"product_cat":[47,48,89,94],"product_tag":[],"class_list":{"0":"post-29146","1":"product","2":"type-product","3":"status-publish","4":"has-post-thumbnail","6":"product_cat-circuits-confort","7":"product_cat-circuits-touristiques-yukon","8":"product_cat-visites-guidees-en-alaska","9":"product_cat-visites-guidees-aines","10":"pa_departure-anchorage-fr","11":"pa_season-ete","12":"pa_season-automne","13":"pa_skill-level-aucun","15":"first","16":"instock","17":"virtual","18":"sold-individually","19":"purchasable","20":"product-type-booking"},"booking_location":"","booking_location_type":"","booking_duration":8,"booking_duration_unit":"day","booking_buffer":0,"booking_cost":0,"booking_resources":[],"exclude_global_add_ons":false,"addons":[{"name":"Type d'H\u00e9bergement","type":"multiple_choice","position":0,"required":false,"title_format":"heading","default":"","description_enable":false,"description":"","placeholder_enable":false,"placeholder":"","display":"select","restrictions_type":"any_text","adjust_price":false,"price":"","price_type":"flat_fee","restrictions":false,"min":"0","max":"0","options":[{"label":"Chambre Double - 2 Personnes","price":"8290","price_type":"quantity_based","image":0,"visibility":true},{"label":"Chambre Simple - 1 Personne","price":"5425","price_type":"quantity_based","image":0,"visibility":true},{"label":"Chambre Triple - 3 Personnes","price":"11355","price_type":"quantity_based","image":0,"visibility":true}],"id":1712946539}],"acf":[],"_links":{"self":[{"href":"https:\/\/www.rubyrange.com\/fr\/wp-json\/wp\/v2\/product\/29146","targetHints":{"allow":["GET"]}}],"collection":[{"href":"https:\/\/www.rubyrange.com\/fr\/wp-json\/wp\/v2\/product"}],"about":[{"href":"https:\/\/www.rubyrange.com\/fr\/wp-json\/wp\/v2\/types\/product"}],"replies":[{"embeddable":true,"href":"https:\/\/www.rubyrange.com\/fr\/wp-json\/wp\/v2\/comments?post=29146"}],"wp:featuredmedia":[{"embeddable":true,"href":"https:\/\/www.rubyrange.com\/fr\/wp-json\/wp\/v2\/media\/29154"}],"wp:attachment":[{"href":"https:\/\/www.rubyrange.com\/fr\/wp-json\/wp\/v2\/media?parent=29146"}],"wp:term":[{"taxonomy":"product_brand","embeddable":true,"href":"https:\/\/www.rubyrange.com\/fr\/wp-json\/wp\/v2\/product_brand?post=29146"},{"taxonomy":"product_cat","embeddable":true,"href":"https:\/\/www.rubyrange.com\/fr\/wp-json\/wp\/v2\/product_cat?post=29146"},{"taxonomy":"product_tag","embeddable":true,"href":"https:\/\/www.rubyrange.com\/fr\/wp-json\/wp\/v2\/product_tag?post=29146"}],"curies":[{"name":"wp","href":"https:\/\/api.w.org\/{rel}","templated":true}]}}