{"id":29378,"date":"2019-10-25T14:49:29","date_gmt":"2019-10-25T22:49:29","guid":{"rendered":"https:\/\/www.rubyrange.com\/tour\/arctic-ocean-dream-dempster-highway-north\/"},"modified":"2026-03-27T09:48:37","modified_gmt":"2026-03-27T16:48:37","slug":"reve-ocean-arctique-autoroute-dempster-nord","status":"publish","type":"product","link":"https:\/\/www.rubyrange.com\/fr\/tour\/reve-ocean-arctique-autoroute-dempster-nord\/","title":{"rendered":"R\u00eave de l&#8217;Oc\u00e9an Arctique &#038; Autoroute Dempster &#8211; Nord"},"content":{"rendered":"<p>R\u00eave de l&#8217;Oc\u00e9an Arctique &amp; Autoroute Dempster &#8211; de Whitehorse \u00e0 Tuktoyaktuk<\/p>\n<p>L\u2019ultime voyage nordique vous attend! Cette aventure d\u2019une semaine d\u00e9butera \u00e0 Whitehorse, la capitale du Yukon. Nous plongerons ensuite dans l&#8217;histoire l\u00e9gendaire de la ru\u00e9e vers l&#8217;or \u00e0 Dawson City, o\u00f9 nous aurons un aper\u00e7u de la fi\u00e8vre de l&#8217;\u00e9poque en visitant la ville historique, son casino, et ses nombreuses attractions.<\/p>\n<p>De Dawson, notre route nous m\u00e8ne vers le nord sur la fameuse autoroute Dempster, \u00e0 travers les monts Tombstone, parmi les plus impressionnants sommets d\u2019Am\u00e9rique du Nord. Nous ferons escale \u00e0 Eagle Plains pour une nuit sous le soleil de minuit, puis traverserons le cercle arctique t\u00f4t le lendemain avec une petite c\u00e9l\u00e9bration. Notre p\u00e9riple nous fera traverser l\u2019immensit\u00e9 de la toundra arctique, franchir les monts Richardson et p\u00e9n\u00e9trer dans les Territoires du Nord-Ouest en direction de l\u2019oc\u00e9an Arctique. Nous traverserons plusieurs rivi\u00e8res importantes avant d&#8217;atteindre Inuvik, une ville nordique au bord du delta du fleuve Mackenzie.<\/p>\n<p>Au cours d&#8217;une excursion d&#8217;une journ\u00e9e, nous explorerons la nouvelle route menant \u00e0 Tuktoyaktuk, un village Inuvialuit sur la c\u00f4te arctique. Ce voyage extraordinaire \u00e0 travers les cha\u00eenes de montagnes, la toundra alpine, et les rivi\u00e8res majestueuses, nous conduira au bout de cette route embl\u00e9matique. L\u2019autoroute Dempster attire des visiteurs du monde entier en qu\u00eate de l&#8217;ultime r\u00eave arctique!<\/p>\n","protected":false},"excerpt":{"rendered":"<p>R\u00eave de l&#8217;Oc\u00e9an Arctique &amp; Autoroute Dempster &#8211; de Whitehorse \u00e0 Tuktoyaktuk L\u2019ultime voyage nordique vous attend! Cette aventure d\u2019une..<\/p>\n","protected":false},"featured_media":25590,"comment_status":"open","ping_status":"closed","template":"","meta":{"_acf_changed":false,"_lmt_disableupdate":"no","_lmt_disable":""},"product_brand":[],"product_cat":[47,48,90,94],"product_tag":[],"class_list":{"0":"post-29378","1":"product","2":"type-product","3":"status-publish","4":"has-post-thumbnail","6":"product_cat-circuits-confort","7":"product_cat-circuits-touristiques-yukon","8":"product_cat-visiter-le-yukon-canada","9":"product_cat-visites-guidees-aines","10":"pa_departure-whitehorse","11":"pa_season-ete","12":"pa_season-automne","13":"pa_skill-level-aucun","15":"first","16":"instock","17":"virtual","18":"sold-individually","19":"taxable","20":"purchasable","21":"product-type-booking"},"booking_location":"","booking_location_type":"","booking_duration":7,"booking_duration_unit":"day","booking_buffer":0,"booking_cost":0,"booking_resources":[],"exclude_global_add_ons":false,"addons":[{"name":"Type d'H\u00e9bergement","type":"multiple_choice","position":0,"required":true,"title_format":"heading","default":"","description_enable":false,"description":"","placeholder_enable":false,"placeholder":"","display":"select","restrictions_type":"any_text","adjust_price":false,"price":"","price_type":"flat_fee","restrictions":false,"min":"0","max":"0","options":[{"label":"Cahmbre Double - 2 Personnes","price":"9370","price_type":"quantity_based","image":0,"visibility":true},{"label":"Chambre Simple - 1 Personne","price":"5835","price_type":"quantity_based","image":0,"visibility":true},{"label":"Chambre Triple - 3 Personnes","price":"13020","price_type":"quantity_based","image":0,"visibility":true}],"id":1714449796}],"acf":[],"_links":{"self":[{"href":"https:\/\/www.rubyrange.com\/fr\/wp-json\/wp\/v2\/product\/29378","targetHints":{"allow":["GET"]}}],"collection":[{"href":"https:\/\/www.rubyrange.com\/fr\/wp-json\/wp\/v2\/product"}],"about":[{"href":"https:\/\/www.rubyrange.com\/fr\/wp-json\/wp\/v2\/types\/product"}],"replies":[{"embeddable":true,"href":"https:\/\/www.rubyrange.com\/fr\/wp-json\/wp\/v2\/comments?post=29378"}],"wp:featuredmedia":[{"embeddable":true,"href":"https:\/\/www.rubyrange.com\/fr\/wp-json\/wp\/v2\/media\/25590"}],"wp:attachment":[{"href":"https:\/\/www.rubyrange.com\/fr\/wp-json\/wp\/v2\/media?parent=29378"}],"wp:term":[{"taxonomy":"product_brand","embeddable":true,"href":"https:\/\/www.rubyrange.com\/fr\/wp-json\/wp\/v2\/product_brand?post=29378"},{"taxonomy":"product_cat","embeddable":true,"href":"https:\/\/www.rubyrange.com\/fr\/wp-json\/wp\/v2\/product_cat?post=29378"},{"taxonomy":"product_tag","embeddable":true,"href":"https:\/\/www.rubyrange.com\/fr\/wp-json\/wp\/v2\/product_tag?post=29378"}],"curies":[{"name":"wp","href":"https:\/\/api.w.org\/{rel}","templated":true}]}}