{"id":30279,"date":"2017-01-27T00:00:00","date_gmt":"2017-01-27T08:00:00","guid":{"rendered":"https:\/\/www.rubyrange.com\/tour\/wilderness-fishing-experience-ruby-range-lodge\/"},"modified":"2025-09-22T23:00:50","modified_gmt":"2025-09-23T06:00:50","slug":"nature-sauvage-et-aventure-de-peche-ruby-range-lodge","status":"publish","type":"product","link":"https:\/\/www.rubyrange.com\/fr\/tour\/nature-sauvage-et-aventure-de-peche-ruby-range-lodge\/","title":{"rendered":"Nature sauvage et aventure de p\u00eache &#8211; Ruby Range Lodge"},"content":{"rendered":"<p>Nich\u00e9 au c\u0153ur des majestueuses montagnes de la cha\u00eene Ruby Range, ce petit lodge se fond harmonieusement le long des rives du Talbot Arm, une \u00e9tendue d&#8217;eau ressemblant \u00e0 un fjord, faisant partie du lac Kluane. Situ\u00e9 \u00e0 la lisi\u00e8re du parc national Kluane et de l&#8217;Alaska, ce refuge paisible est uniquement accessible en \u00e9t\u00e9 par hydravion ou bateau depuis la route de l&#8217;Alaska, \u00e0 50 km de l\u00e0.<\/p>\n<p>Plongez dans la beaut\u00e9 de la nature sauvage et d\u00e9couvrez l&#8217;hospitalit\u00e9 nordique l\u00e9gendaire, loin des centres touristiques. Vivez l&#8217;\u00e9t\u00e9 du Yukon avec ses journ\u00e9es longues et chaudes, en vous adonnant \u00e0 des activit\u00e9s telles que la p\u00eache, la randonn\u00e9e, le canotage, l&#8217;observation de la faune et la photographie, laissant votre esprit s&#8217;\u00e9vader dans ce cadre naturel exceptionnel.<\/p>\n<p>Le lodge comprend un b\u00e2timent principal abritant 4 chambres doubles, une cuisine bien \u00e9quip\u00e9e, une grande salle \u00e0 manger conviviale, un salon relaxant dot\u00e9 d&#8217;un petit bar et une salle de bain. Une spacieuse terrasse est attenante au b\u00e2timent principal. Deux cabines rustiques pouvant accueillir de 2 \u00e0 3 personnes sont \u00e9galement disponibles. De plus, vous y d\u00e9couvrirez une cabine de douche avec 2 salles de bain individuelles, un sauna confortable, une cabane pour l&#8217;\u00e9quipement et une cabine historique de trappeur.<\/p>\n<p>Les passionn\u00e9s de p\u00eache trouveront le bonheur absolu au Ruby Range Lodge. Vous aurez l&#8217;occasion de p\u00eacher principalement la truite de lac (Salvelinus namaycush), l&#8217;ombre arctique et le brochet du Nord, des esp\u00e8ces que la plupart des gens n&#8217;ont jamais eu l\u2019opportunit\u00e9 de voir auparavant. De plus, vous pourrez tenter votre chance avec plusieurs autres esp\u00e8ces de poissons de fond et de cor\u00e9gones. La p\u00eache \u00e0 la truite est tout simplement exceptionnelle. O\u00f9 d&#8217;autre auriez-vous la possibilit\u00e9 de p\u00eacher en utilisant la mouche et la canne depuis la rive, ou d&#8217;attraper un gros Namaycush avec un \u00e9quipement l\u00e9ger?<\/p>\n<p>Pour ceux qui appr\u00e9cient l&#8217;observation de la faune, la randonn\u00e9e ou tout simplement la nature en g\u00e9n\u00e9ral, le lodge est le lieu parfait. Sa situation isol\u00e9e, au milieu des hautes montagnes et \u00e0 l&#8217;embouchure d&#8217;une rivi\u00e8re, en fait un endroit id\u00e9al pour partir en randonn\u00e9e et observer la faune dans son habitat naturel.<\/p>\n","protected":false},"excerpt":{"rendered":"<p>Nich\u00e9 au c\u0153ur des majestueuses montagnes de la cha\u00eene Ruby Range, ce petit lodge se fond harmonieusement le long des..<\/p>\n","protected":false},"featured_media":56125,"comment_status":"open","ping_status":"closed","template":"","meta":{"_acf_changed":false,"_lmt_disableupdate":"no","_lmt_disable":""},"product_brand":[],"product_cat":[47,88],"product_tag":[],"class_list":{"0":"post-30279","1":"product","2":"type-product","3":"status-publish","4":"has-post-thumbnail","6":"product_cat-circuits-confort","7":"product_cat-peche-yukon","8":"pa_departure-whitehorse","9":"pa_season-ete","10":"pa_season-automne","11":"pa_skill-level-aucun","13":"first","14":"instock","15":"virtual","16":"sold-individually","17":"taxable","18":"purchasable","19":"product-type-booking"},"booking_location":"","booking_location_type":"","booking_duration":8,"booking_duration_unit":"day","booking_buffer":0,"booking_cost":0,"booking_resources":[],"exclude_global_add_ons":false,"addons":[{"name":"Accommodation","type":"multiple_choice","position":0,"required":false,"title_format":"heading","default":"","description_enable":false,"description":"","placeholder_enable":false,"placeholder":"","display":"select","restrictions_type":"any_text","adjust_price":false,"price":"","price_type":"flat_fee","restrictions":false,"min":"0","max":"0","options":[{"label":"Double Room - 2 persons","price":"6380","price_type":"quantity_based","image":0,"visibility":true}],"id":1713365680}],"acf":[],"_links":{"self":[{"href":"https:\/\/www.rubyrange.com\/fr\/wp-json\/wp\/v2\/product\/30279","targetHints":{"allow":["GET"]}}],"collection":[{"href":"https:\/\/www.rubyrange.com\/fr\/wp-json\/wp\/v2\/product"}],"about":[{"href":"https:\/\/www.rubyrange.com\/fr\/wp-json\/wp\/v2\/types\/product"}],"replies":[{"embeddable":true,"href":"https:\/\/www.rubyrange.com\/fr\/wp-json\/wp\/v2\/comments?post=30279"}],"wp:featuredmedia":[{"embeddable":true,"href":"https:\/\/www.rubyrange.com\/fr\/wp-json\/wp\/v2\/media\/56125"}],"wp:attachment":[{"href":"https:\/\/www.rubyrange.com\/fr\/wp-json\/wp\/v2\/media?parent=30279"}],"wp:term":[{"taxonomy":"product_brand","embeddable":true,"href":"https:\/\/www.rubyrange.com\/fr\/wp-json\/wp\/v2\/product_brand?post=30279"},{"taxonomy":"product_cat","embeddable":true,"href":"https:\/\/www.rubyrange.com\/fr\/wp-json\/wp\/v2\/product_cat?post=30279"},{"taxonomy":"product_tag","embeddable":true,"href":"https:\/\/www.rubyrange.com\/fr\/wp-json\/wp\/v2\/product_tag?post=30279"}],"curies":[{"name":"wp","href":"https:\/\/api.w.org\/{rel}","templated":true}]}}