{"id":55610,"date":"2023-09-26T17:36:04","date_gmt":"2023-09-27T00:36:04","guid":{"rendered":"https:\/\/www.rubyrange.com\/?post_type=product&#038;p=55610"},"modified":"2026-01-30T01:49:32","modified_gmt":"2026-01-30T08:49:32","slug":"alyeska","status":"publish","type":"product","link":"https:\/\/www.rubyrange.com\/fr\/tour\/alyeska\/","title":{"rendered":"Alyeska &#8211; L&#8217;appel de la for\u00eat"},"content":{"rendered":"<p>L&#8217;attraction envo\u00fbtante de la nature sauvage, d\u00e9crite avec tant de passion par l&#8217;aventurier Jack London dans \u00ab L&#8217;appel de la for\u00eat \u00bb, trouve son origine dans les vastes territoires du Yukon et de l&#8217;Alaska!<\/p>\n<p>Un maximum de neuf participants prendront part \u00e0 ce voyage exclusif en fourgonnette de Whitehorse \u00e0 Anchorage. Sous la conduite de votre guide, plongez dans l&#8217;\u00e9poque de la ru\u00e9e vers l&#8217;or \u00e0 travers la nature sauvage et d\u00e9couvrez des paysages incroyables. Vous emprunterez de nombreuses routes de gravier traversant l&#8217;arri\u00e8re-pays nordique tout au long de l&#8217;aventure.<\/p>\n<p>Le Ruby Range Lodge est nich\u00e9 sur la rive du Talbot Arm, une branche majestueuse de l&#8217;immense lac Kluane. Accessible uniquement par bateau \u00e0 moteur, ce refuge vous offre une exp\u00e9rience unique : cabane en rondins, feu de camp et vue imprenable sur le lac et les montagnes environnantes. Une exp\u00e9rience authentique du Yukon vous y attend.<\/p>\n<p>Ce voyage vous permet de prendre le temps d&#8217;appr\u00e9cier la faune et la flore avoisinante lors de nombreuses randonn\u00e9es. Vous pourrez aussi vous envolez au-dessus de la toundra du cercle polaire, parcourir la Dempster Highway et d\u00e9couvrir les merveilles du parc national Denali.<\/p>\n<p>Les trajets sur des routes sauvages et non pav\u00e9es nous forcent \u00e0 prendre notre temps et ajoutent \u00e0 l&#8217;excitation de l&#8217;aventure! \u00c0 Inuvik, ne manquez pas une excursion \u00e0 Tuktoyaktuk pour explorer ce petit village inuit perch\u00e9 sur la c\u00f4te de l&#8217;oc\u00e9an Arctique. En avion, envolez-vous vers Dawson City o\u00f9 l&#8217;histoire de la ru\u00e9e vers l&#8217;or vous attend, ainsi qu&#8217;une soir\u00e9e anim\u00e9e au casino, ponctu\u00e9e de danses du cancan et de performances de grande qualit\u00e9.<\/p>\n<p>Par la Top-of-the-World Highway, traversez les montagnes jusqu&#8217;en Alaska, o\u00f9 le majestueux Parc Denali vous attend, avant de terminer votre voyage \u00e0 Anchorage, laissant derri\u00e8re vous des souvenirs grav\u00e9s \u00e0 jamais dans votre esprit.<\/p>\n","protected":false},"excerpt":{"rendered":"<p>L&#8217;attraction envo\u00fbtante de la nature sauvage, d\u00e9crite avec tant de passion par l&#8217;aventurier Jack London dans \u00ab L&#8217;appel de la..<\/p>\n","protected":false},"featured_media":56125,"comment_status":"open","ping_status":"closed","template":"","meta":{"_acf_changed":false,"_lmt_disableupdate":"no","_lmt_disable":""},"product_brand":[],"product_cat":[48,91,47,89,90],"product_tag":[],"class_list":{"0":"post-55610","1":"product","2":"type-product","3":"status-publish","4":"has-post-thumbnail","6":"product_cat-circuits-touristiques-yukon","7":"product_cat-visites-guidees-parcs-nationaux-du-canada","8":"product_cat-circuits-confort","9":"product_cat-visites-guidees-en-alaska","10":"product_cat-visiter-le-yukon-canada","11":"pa_departure-whitehorse","12":"pa_season-ete","13":"pa_skill-level-aucun","15":"first","16":"instock","17":"featured","18":"virtual","19":"sold-individually","20":"taxable","21":"purchasable","22":"product-type-booking"},"booking_location":"","booking_location_type":"","booking_duration":19,"booking_duration_unit":"day","booking_buffer":0,"booking_cost":0,"booking_resources":[],"exclude_global_add_ons":false,"addons":[{"name":"Type d'H\u00e9bergement","type":"multiple_choice","position":0,"required":true,"title_format":"heading","default":"","description_enable":false,"description":"","placeholder_enable":false,"placeholder":"","display":"select","restrictions_type":"any_text","adjust_price":false,"price":"","price_type":"flat_fee","restrictions":false,"min":"0","max":"0","options":[{"label":"Occupation Double - 2 Personnes","price":"20610","price_type":"quantity_based","image":0,"visibility":true},{"label":"Occupation Simple - 1 Personne","price":"12820","price_type":"quantity_based","image":0,"visibility":true}],"id":1715683628}],"acf":[],"_links":{"self":[{"href":"https:\/\/www.rubyrange.com\/fr\/wp-json\/wp\/v2\/product\/55610","targetHints":{"allow":["GET"]}}],"collection":[{"href":"https:\/\/www.rubyrange.com\/fr\/wp-json\/wp\/v2\/product"}],"about":[{"href":"https:\/\/www.rubyrange.com\/fr\/wp-json\/wp\/v2\/types\/product"}],"replies":[{"embeddable":true,"href":"https:\/\/www.rubyrange.com\/fr\/wp-json\/wp\/v2\/comments?post=55610"}],"wp:featuredmedia":[{"embeddable":true,"href":"https:\/\/www.rubyrange.com\/fr\/wp-json\/wp\/v2\/media\/56125"}],"wp:attachment":[{"href":"https:\/\/www.rubyrange.com\/fr\/wp-json\/wp\/v2\/media?parent=55610"}],"wp:term":[{"taxonomy":"product_brand","embeddable":true,"href":"https:\/\/www.rubyrange.com\/fr\/wp-json\/wp\/v2\/product_brand?post=55610"},{"taxonomy":"product_cat","embeddable":true,"href":"https:\/\/www.rubyrange.com\/fr\/wp-json\/wp\/v2\/product_cat?post=55610"},{"taxonomy":"product_tag","embeddable":true,"href":"https:\/\/www.rubyrange.com\/fr\/wp-json\/wp\/v2\/product_tag?post=55610"}],"curies":[{"name":"wp","href":"https:\/\/api.w.org\/{rel}","templated":true}]}}