{"id":65279,"date":"2025-09-23T05:53:17","date_gmt":"2025-09-23T12:53:17","guid":{"rendered":"https:\/\/www.rubyrange.com\/?post_type=product&#038;p=65279"},"modified":"2025-10-01T06:29:42","modified_gmt":"2025-10-01T13:29:42","slug":"meilleur-du-yukon-alaska-depart-et-arrivee-de-whitehorse-yukon-copy","status":"publish","type":"product","link":"https:\/\/www.rubyrange.com\/fr\/tour\/meilleur-du-yukon-alaska-depart-et-arrivee-de-whitehorse-yukon-copy\/","title":{"rendered":"Les autoroutes canadiennes en pleine nature"},"content":{"rendered":"<p>Ce voyage guid\u00e9 de 15 jours vous fera d\u00e9couvrir certains des paysages les plus \u00e9poustouflants d\u2019Am\u00e9rique du Nord. Des montagnes majestueuses aux for\u00eats denses, en passant par une faune unique et des monuments historiques, cette aventure vous plongera dans la beaut\u00e9 sauvage du Yukon et du nord de la Colombie-Britannique.<\/p>\n<p>Il est particuli\u00e8rement important de souligner la p\u00e9riode de voyage de ce circuit, qui se situe dans ce que l\u2019on appelle la \u00absaison interm\u00e9diaire\u00bb. Pendant longtemps, les initi\u00e9s ont gard\u00e9 le secret : cette p\u00e9riode pr\u00e9coce du printemps offre des conditions exceptionnelles pour observer la faune \u00e0 proximit\u00e9 imm\u00e9diate de la route. \u00c0 cette \u00e9poque de l\u2019ann\u00e9e, de nombreux animaux ne sont pas encore mont\u00e9s vers les r\u00e9gions montagneuses plus fra\u00eeches, mais profitent du renouveau printanier apr\u00e8s un long hiver \u2013 offrant ainsi souvent d\u2019excellentes opportunit\u00e9s de photos juste au bord de l\u2019autoroute !<\/p>\n<p>La deuxi\u00e8me date en automne s\u00e9duit non seulement par les couleurs \u00e9clatantes de l\u2019\u00e9t\u00e9 indien, mais aussi par la possibilit\u00e9 d\u2019observer les aurores bor\u00e9ales, gr\u00e2ce \u00e0 des nuits d\u00e9j\u00e0 plus longues et plus sombres.<\/p>\n","protected":false},"excerpt":{"rendered":"<p>Ce voyage guid\u00e9 de 15 jours vous fera d\u00e9couvrir certains des paysages les plus \u00e9poustouflants d\u2019Am\u00e9rique du Nord. Des montagnes..<\/p>\n","protected":false},"featured_media":65377,"comment_status":"open","ping_status":"closed","template":"","meta":{"_acf_changed":false,"_lmt_disableupdate":"no","_lmt_disable":""},"product_brand":[],"product_cat":[47,48,90,94],"product_tag":[],"class_list":{"0":"post-65279","1":"product","2":"type-product","3":"status-publish","4":"has-post-thumbnail","6":"product_cat-circuits-confort","7":"product_cat-circuits-touristiques-yukon","8":"product_cat-visiter-le-yukon-canada","9":"product_cat-visites-guidees-aines","10":"pa_departure-whitehorse","11":"pa_season-ete","12":"pa_season-automne","13":"pa_skill-level-aucun","15":"first","16":"instock","17":"virtual","18":"sold-individually","19":"taxable","20":"purchasable","21":"product-type-booking"},"booking_location":"","booking_location_type":"","booking_duration":15,"booking_duration_unit":"day","booking_buffer":0,"booking_cost":0,"booking_resources":[],"exclude_global_add_ons":false,"addons":[{"name":"Type d'H\u00e9bergement","type":"multiple_choice","position":0,"required":true,"title_format":"heading","default":"","description_enable":true,"description":"","placeholder_enable":false,"placeholder":"","display":"select","restrictions_type":"any_text","adjust_price":false,"price":"","price_type":"flat_fee","restrictions":false,"min":"0","max":"0","options":[{"label":"Chambre Double - 2 Personnes","price":"11190","price_type":"quantity_based","image":0,"visibility":true},{"label":"Chambre Simple - 1 Personne","price":"7810","price_type":"quantity_based","image":0,"visibility":true},{"label":"Chambre Triple - 3 Personnes","price":"15405","price_type":"quantity_based","image":0,"visibility":true}],"id":1715683314}],"acf":[],"_links":{"self":[{"href":"https:\/\/www.rubyrange.com\/fr\/wp-json\/wp\/v2\/product\/65279","targetHints":{"allow":["GET"]}}],"collection":[{"href":"https:\/\/www.rubyrange.com\/fr\/wp-json\/wp\/v2\/product"}],"about":[{"href":"https:\/\/www.rubyrange.com\/fr\/wp-json\/wp\/v2\/types\/product"}],"replies":[{"embeddable":true,"href":"https:\/\/www.rubyrange.com\/fr\/wp-json\/wp\/v2\/comments?post=65279"}],"wp:featuredmedia":[{"embeddable":true,"href":"https:\/\/www.rubyrange.com\/fr\/wp-json\/wp\/v2\/media\/65377"}],"wp:attachment":[{"href":"https:\/\/www.rubyrange.com\/fr\/wp-json\/wp\/v2\/media?parent=65279"}],"wp:term":[{"taxonomy":"product_brand","embeddable":true,"href":"https:\/\/www.rubyrange.com\/fr\/wp-json\/wp\/v2\/product_brand?post=65279"},{"taxonomy":"product_cat","embeddable":true,"href":"https:\/\/www.rubyrange.com\/fr\/wp-json\/wp\/v2\/product_cat?post=65279"},{"taxonomy":"product_tag","embeddable":true,"href":"https:\/\/www.rubyrange.com\/fr\/wp-json\/wp\/v2\/product_tag?post=65279"}],"curies":[{"name":"wp","href":"https:\/\/api.w.org\/{rel}","templated":true}]}}